{"id":7894,"date":"2024-04-22T14:39:51","date_gmt":"2024-04-22T12:39:51","guid":{"rendered":"https:\/\/2024.hggs.de\/branze\/uklady-wydechowe\/"},"modified":"2024-07-31T12:26:15","modified_gmt":"2024-07-31T10:26:15","slug":"uklady-wydechowe","status":"publish","type":"page","link":"https:\/\/hggs.de\/pl\/branze\/uklady-wydechowe\/","title":{"rendered":"Uk\u0142ady wydechowe"},"content":{"rendered":"\t\t<div data-elementor-type=\"wp-page\" data-elementor-id=\"7894\" class=\"elementor elementor-7894 elementor-3550\" data-elementor-post-type=\"page\">\n\t\t\t\t<div data-particle_enable=\"false\" data-particle-mobile-disabled=\"false\" class=\"elementor-element elementor-element-2227b42 e-flex e-con-boxed e-con e-parent\" data-id=\"2227b42\" data-element_type=\"container\" data-e-type=\"container\" data-settings=\"{&quot;background_background&quot;:&quot;classic&quot;}\">\n\t\t\t\t\t<div class=\"e-con-inner\">\n\t\t<div data-particle_enable=\"false\" data-particle-mobile-disabled=\"false\" class=\"elementor-element elementor-element-7c429b0 e-con-full e-flex e-con e-child\" data-id=\"7c429b0\" data-element_type=\"container\" data-e-type=\"container\">\n\t\t\t\t<div class=\"elementor-element elementor-element-b0e2bfd elementor-widget__width-initial topimg-overlay elementor-widget elementor-widget-heading\" data-id=\"b0e2bfd\" data-element_type=\"widget\" data-e-type=\"widget\" data-widget_type=\"heading.default\">\n\t\t\t\t<div class=\"elementor-widget-container\">\n\t\t\t\t\t<h2 class=\"elementor-heading-title elementor-size-default\">Uk\u0142ady wydechowe<\/h2>\t\t\t\t<\/div>\n\t\t\t\t<\/div>\n\t\t\t\t<div class=\"elementor-element elementor-element-3fe1d7b elementor-widget elementor-widget-text-editor\" data-id=\"3fe1d7b\" data-element_type=\"widget\" data-e-type=\"widget\" data-widget_type=\"text-editor.default\">\n\t\t\t\t<div class=\"elementor-widget-container\">\n\t\t\t\t\t\t\t\t\t<p>Przemys\u0142 &#8211; Uk\u0142ady wydechowe<\/p>\n\t\t\t\t\t\t\t\t<\/div>\n\t\t\t\t<\/div>\n\t\t\t\t<\/div>\n\t\t\t\t\t<\/div>\n\t\t\t\t<\/div>\n\t\t<div data-particle_enable=\"false\" data-particle-mobile-disabled=\"false\" class=\"elementor-element elementor-element-2d8f609 e-flex e-con-boxed e-con e-parent\" data-id=\"2d8f609\" data-element_type=\"container\" data-e-type=\"container\" data-settings=\"{&quot;background_background&quot;:&quot;classic&quot;}\">\n\t\t\t\t\t<div class=\"e-con-inner\">\n\t\t<div data-particle_enable=\"false\" data-particle-mobile-disabled=\"false\" class=\"elementor-element elementor-element-6a1f61b e-con-full e-flex e-con e-child\" data-id=\"6a1f61b\" data-element_type=\"container\" data-e-type=\"container\" data-settings=\"{&quot;background_background&quot;:&quot;classic&quot;}\">\n\t\t\t\t<div class=\"elementor-element elementor-element-fa27676 elementor-widget elementor-widget-heading\" data-id=\"fa27676\" data-element_type=\"widget\" data-e-type=\"widget\" data-widget_type=\"heading.default\">\n\t\t\t\t<div class=\"elementor-widget-container\">\n\t\t\t\t\t<h1 class=\"elementor-heading-title elementor-size-default\">Uk\u0142ady wydechowe<\/h1>\t\t\t\t<\/div>\n\t\t\t\t<\/div>\n\t\t\t\t<div class=\"elementor-element elementor-element-e882741 elementor-widget elementor-widget-text-editor\" data-id=\"e882741\" data-element_type=\"widget\" data-e-type=\"widget\" data-widget_type=\"text-editor.default\">\n\t\t\t\t<div class=\"elementor-widget-container\">\n\t\t\t\t\t\t\t\t\t<p>Posiadamy wieloletnie do\u015bwiadczenie w pracy z wymaganymi materia\u0142ami i obowi\u0105zuj\u0105cymi normami w dziedzinie system\u00f3w odprowadzania spalin. Nasza dog\u0142\u0119bna znajomo\u015b\u0107 materia\u0142\u00f3w pozwala nam produkowa\u0107 wysokiej jako\u015bci uk\u0142ady wydechowe, kt\u00f3re s\u0105 stosowane w pojazdach u\u017cytkowych, motocyklach i samochodach.<\/p>\n<p>Dzi\u0119ki naszemu rozleg\u0142emu do\u015bwiadczeniu w produkcji jeste\u015bmy w stanie spe\u0142ni\u0107 nawet najbardziej wymagaj\u0105ce wymagania. Na przyk\u0142ad, opanowali\u015bmy techniki produkcji komponent\u00f3w dwu\u015bciennych i gwarantujemy wyj\u0105tkow\u0105 jako\u015b\u0107 spoin spawalniczych.<\/p>\n<p>Przywi\u0105zujemy r\u00f3wnie\u017c du\u017c\u0105 wag\u0119 do estetyki naszych produkt\u00f3w. Nasza zdolno\u015b\u0107 do wytwarzania wysokiej jako\u015bci widocznych cz\u0119\u015bci pozwala nam produkowa\u0107 systemy odprowadzania spalin, kt\u00f3re s\u0105 nie tylko funkcjonalne, ale tak\u017ce atrakcyjne wizualnie. Dzi\u0119ki naszemu holistycznemu podej\u015bciu oferujemy naszym klientom najwy\u017cszej jako\u015bci systemy odprowadzania spalin, kt\u00f3re przekonuj\u0105 zar\u00f3wno pod wzgl\u0119dem technicznym, jak i estetycznym.<\/p>\n\t\t\t\t\t\t\t\t<\/div>\n\t\t\t\t<\/div>\n\t\t\t\t<\/div>\n\t\t\t\t\t<\/div>\n\t\t\t\t<\/div>\n\t\t<div data-particle_enable=\"false\" data-particle-mobile-disabled=\"false\" class=\"elementor-element elementor-element-1d42c76 e-flex e-con-boxed e-con e-parent\" data-id=\"1d42c76\" data-element_type=\"container\" data-e-type=\"container\" data-settings=\"{&quot;background_background&quot;:&quot;classic&quot;}\">\n\t\t\t\t\t<div class=\"e-con-inner\">\n\t\t<div data-particle_enable=\"false\" data-particle-mobile-disabled=\"false\" class=\"elementor-element elementor-element-19e33985 e-con-full e-flex e-con e-child\" data-id=\"19e33985\" data-element_type=\"container\" data-e-type=\"container\" data-settings=\"{&quot;background_background&quot;:&quot;classic&quot;}\">\n\t\t\t\t<div class=\"elementor-element elementor-element-43c7361 elementor-widget elementor-widget-heading\" data-id=\"43c7361\" data-element_type=\"widget\" data-e-type=\"widget\" data-widget_type=\"heading.default\">\n\t\t\t\t<div class=\"elementor-widget-container\">\n\t\t\t\t\t<h2 class=\"elementor-heading-title elementor-size-default\">Przyk\u0142ady wytwarzanych produkt\u00f3w<\/h2>\t\t\t\t<\/div>\n\t\t\t\t<\/div>\n\t\t\t\t<div class=\"elementor-element elementor-element-2a2fa3a3 elementor-widget elementor-widget-gallery\" data-id=\"2a2fa3a3\" data-element_type=\"widget\" data-e-type=\"widget\" data-settings=\"{&quot;gap&quot;:{&quot;unit&quot;:&quot;px&quot;,&quot;size&quot;:60,&quot;sizes&quot;:[]},&quot;columns_mobile&quot;:2,&quot;columns_tablet&quot;:3,&quot;lazyload&quot;:&quot;yes&quot;,&quot;gallery_layout&quot;:&quot;grid&quot;,&quot;columns&quot;:4,&quot;gap_tablet&quot;:{&quot;unit&quot;:&quot;px&quot;,&quot;size&quot;:10,&quot;sizes&quot;:[]},&quot;gap_mobile&quot;:{&quot;unit&quot;:&quot;px&quot;,&quot;size&quot;:10,&quot;sizes&quot;:[]},&quot;link_to&quot;:&quot;file&quot;,&quot;aspect_ratio&quot;:&quot;3:2&quot;,&quot;overlay_background&quot;:&quot;yes&quot;,&quot;content_hover_animation&quot;:&quot;fade-in&quot;}\" data-widget_type=\"gallery.default\">\n\t\t\t\t<div class=\"elementor-widget-container\">\n\t\t\t\t\t\t\t<div class=\"elementor-gallery__container\">\n\t\t\t\t\t\t\t<a class=\"e-gallery-item elementor-gallery-item elementor-animated-content\" href=\"https:\/\/hggs.de\/wp-content\/uploads\/3d-laserschweissen_teil-2-1.jpg\" data-elementor-open-lightbox=\"yes\" data-elementor-lightbox-slideshow=\"2a2fa3a3\" data-elementor-lightbox-title=\"3d-leserschweissen_teil-2\" data-elementor-lightbox-description=\"3d-leserschweissen_teil-2\" data-e-action-hash=\"#elementor-action%3Aaction%3Dlightbox%26settings%3DeyJpZCI6Nzg5NSwidXJsIjoiaHR0cHM6XC9cL2hnZ3MuZGVcL3dwLWNvbnRlbnRcL3VwbG9hZHNcLzNkLWxhc2Vyc2Nod2Vpc3Nlbl90ZWlsLTItMS5qcGciLCJzbGlkZXNob3ciOiIyYTJmYTNhMyJ9\">\n\t\t\t\t\t<div class=\"e-gallery-image elementor-gallery-item__image\" data-thumbnail=\"https:\/\/hggs.de\/wp-content\/uploads\/3d-laserschweissen_teil-2-1.jpg\" data-width=\"1920\" data-height=\"1280\" aria-label=\"\" role=\"img\" ><\/div>\n\t\t\t\t\t\t\t\t\t\t\t<div class=\"elementor-gallery-item__overlay\"><\/div>\n\t\t\t\t\t\t\t\t\t\t\t\t\t\t<\/a>\n\t\t\t\t\t\t\t<a class=\"e-gallery-item elementor-gallery-item elementor-animated-content\" href=\"https:\/\/hggs.de\/wp-content\/uploads\/abgassysteme_fahrzeugteile_1.jpg\" data-elementor-open-lightbox=\"yes\" data-elementor-lightbox-slideshow=\"2a2fa3a3\" data-elementor-lightbox-title=\"fahrzeugteile_1\" data-elementor-lightbox-description=\"fahrzeugteile_1\" data-e-action-hash=\"#elementor-action%3Aaction%3Dlightbox%26settings%3DeyJpZCI6Nzg5NywidXJsIjoiaHR0cHM6XC9cL2hnZ3MuZGVcL3dwLWNvbnRlbnRcL3VwbG9hZHNcL2FiZ2Fzc3lzdGVtZV9mYWhyemV1Z3RlaWxlXzEuanBnIiwic2xpZGVzaG93IjoiMmEyZmEzYTMifQ%3D%3D\">\n\t\t\t\t\t<div class=\"e-gallery-image elementor-gallery-item__image\" data-thumbnail=\"https:\/\/hggs.de\/wp-content\/uploads\/abgassysteme_fahrzeugteile_1.jpg\" data-width=\"1920\" data-height=\"1280\" aria-label=\"\" role=\"img\" ><\/div>\n\t\t\t\t\t\t\t\t\t\t\t<div class=\"elementor-gallery-item__overlay\"><\/div>\n\t\t\t\t\t\t\t\t\t\t\t\t\t\t<\/a>\n\t\t\t\t\t\t\t<a class=\"e-gallery-item elementor-gallery-item elementor-animated-content\" href=\"https:\/\/hggs.de\/wp-content\/uploads\/abgassysteme_fahrzeugteile_2-1.jpg\" data-elementor-open-lightbox=\"yes\" data-elementor-lightbox-slideshow=\"2a2fa3a3\" data-elementor-lightbox-title=\"fahrzeugteile_2\" data-elementor-lightbox-description=\"fahrzeugteile_2\" data-e-action-hash=\"#elementor-action%3Aaction%3Dlightbox%26settings%3DeyJpZCI6Nzg5OCwidXJsIjoiaHR0cHM6XC9cL2hnZ3MuZGVcL3dwLWNvbnRlbnRcL3VwbG9hZHNcL2FiZ2Fzc3lzdGVtZV9mYWhyemV1Z3RlaWxlXzItMS5qcGciLCJzbGlkZXNob3ciOiIyYTJmYTNhMyJ9\">\n\t\t\t\t\t<div class=\"e-gallery-image elementor-gallery-item__image\" data-thumbnail=\"https:\/\/hggs.de\/wp-content\/uploads\/abgassysteme_fahrzeugteile_2-1.jpg\" data-width=\"1920\" data-height=\"1280\" aria-label=\"\" role=\"img\" ><\/div>\n\t\t\t\t\t\t\t\t\t\t\t<div class=\"elementor-gallery-item__overlay\"><\/div>\n\t\t\t\t\t\t\t\t\t\t\t\t\t\t<\/a>\n\t\t\t\t\t\t\t<a class=\"e-gallery-item elementor-gallery-item elementor-animated-content\" href=\"https:\/\/hggs.de\/wp-content\/uploads\/tiefzieh-umformtechnik_teil-3-2.jpg\" data-elementor-open-lightbox=\"yes\" data-elementor-lightbox-slideshow=\"2a2fa3a3\" data-elementor-lightbox-title=\"tiefzieh-&amp;-umformtechnik_teil-3\" data-elementor-lightbox-description=\"tiefzieh-&amp;-umformtechnik_teil-3\" data-e-action-hash=\"#elementor-action%3Aaction%3Dlightbox%26settings%3DeyJpZCI6Nzg5OSwidXJsIjoiaHR0cHM6XC9cL2hnZ3MuZGVcL3dwLWNvbnRlbnRcL3VwbG9hZHNcL3RpZWZ6aWVoLXVtZm9ybXRlY2huaWtfdGVpbC0zLTIuanBnIiwic2xpZGVzaG93IjoiMmEyZmEzYTMifQ%3D%3D\">\n\t\t\t\t\t<div class=\"e-gallery-image elementor-gallery-item__image\" data-thumbnail=\"https:\/\/hggs.de\/wp-content\/uploads\/tiefzieh-umformtechnik_teil-3-2.jpg\" data-width=\"1920\" data-height=\"1280\" aria-label=\"\" role=\"img\" ><\/div>\n\t\t\t\t\t\t\t\t\t\t\t<div class=\"elementor-gallery-item__overlay\"><\/div>\n\t\t\t\t\t\t\t\t\t\t\t\t\t\t<\/a>\n\t\t\t\t\t\t\t<a class=\"e-gallery-item elementor-gallery-item elementor-animated-content\" href=\"https:\/\/hggs.de\/wp-content\/uploads\/tiefzieh-umformtechnik_teil-4-2.jpg\" data-elementor-open-lightbox=\"yes\" data-elementor-lightbox-slideshow=\"2a2fa3a3\" data-elementor-lightbox-title=\"tiefzieh-&amp;-umformtechnik_teil-4\" data-elementor-lightbox-description=\"tiefzieh-&amp;-umformtechnik_teil-4\" data-e-action-hash=\"#elementor-action%3Aaction%3Dlightbox%26settings%3DeyJpZCI6NzkwMSwidXJsIjoiaHR0cHM6XC9cL2hnZ3MuZGVcL3dwLWNvbnRlbnRcL3VwbG9hZHNcL3RpZWZ6aWVoLXVtZm9ybXRlY2huaWtfdGVpbC00LTIuanBnIiwic2xpZGVzaG93IjoiMmEyZmEzYTMifQ%3D%3D\">\n\t\t\t\t\t<div class=\"e-gallery-image elementor-gallery-item__image\" data-thumbnail=\"https:\/\/hggs.de\/wp-content\/uploads\/tiefzieh-umformtechnik_teil-4-2.jpg\" data-width=\"1920\" data-height=\"1280\" aria-label=\"\" role=\"img\" ><\/div>\n\t\t\t\t\t\t\t\t\t\t\t<div class=\"elementor-gallery-item__overlay\"><\/div>\n\t\t\t\t\t\t\t\t\t\t\t\t\t\t<\/a>\n\t\t\t\t\t\t\t<a class=\"e-gallery-item elementor-gallery-item elementor-animated-content\" href=\"https:\/\/hggs.de\/wp-content\/uploads\/tiefzieh-umformtechnik_teil-5-2.jpg\" data-elementor-open-lightbox=\"yes\" data-elementor-lightbox-slideshow=\"2a2fa3a3\" data-elementor-lightbox-title=\"tiefzieh-&amp;-umformtechnik_teil-5\" data-elementor-lightbox-description=\"tiefzieh-&amp;-umformtechnik_teil-5\" data-e-action-hash=\"#elementor-action%3Aaction%3Dlightbox%26settings%3DeyJpZCI6NzkwMiwidXJsIjoiaHR0cHM6XC9cL2hnZ3MuZGVcL3dwLWNvbnRlbnRcL3VwbG9hZHNcL3RpZWZ6aWVoLXVtZm9ybXRlY2huaWtfdGVpbC01LTIuanBnIiwic2xpZGVzaG93IjoiMmEyZmEzYTMifQ%3D%3D\">\n\t\t\t\t\t<div class=\"e-gallery-image elementor-gallery-item__image\" data-thumbnail=\"https:\/\/hggs.de\/wp-content\/uploads\/tiefzieh-umformtechnik_teil-5-2.jpg\" data-width=\"1920\" data-height=\"1280\" aria-label=\"\" role=\"img\" ><\/div>\n\t\t\t\t\t\t\t\t\t\t\t<div class=\"elementor-gallery-item__overlay\"><\/div>\n\t\t\t\t\t\t\t\t\t\t\t\t\t\t<\/a>\n\t\t\t\t\t<\/div>\n\t\t\t\t\t<\/div>\n\t\t\t\t<\/div>\n\t\t\t\t<\/div>\n\t\t\t\t<div class=\"elementor-element elementor-element-7d474fc elementor-widget elementor-widget-spacer\" data-id=\"7d474fc\" data-element_type=\"widget\" data-e-type=\"widget\" data-widget_type=\"spacer.default\">\n\t\t\t\t<div class=\"elementor-widget-container\">\n\t\t\t\t\t\t\t<div class=\"elementor-spacer\">\n\t\t\t<div class=\"elementor-spacer-inner\"><\/div>\n\t\t<\/div>\n\t\t\t\t\t\t<\/div>\n\t\t\t\t<\/div>\n\t\t\t\t\t<\/div>\n\t\t\t\t<\/div>\n\t\t\t\t<\/div>\n\t\t","protected":false},"excerpt":{"rendered":"<p>Uk\u0142ady wydechowe Przemys\u0142 &#8211; Uk\u0142ady wydechowe Uk\u0142ady wydechowe Posiadamy wieloletnie do\u015bwiadczenie w pracy z wymaganymi materia\u0142ami i obowi\u0105zuj\u0105cymi normami w dziedzinie system\u00f3w odprowadzania spalin. Nasza dog\u0142\u0119bna znajomo\u015b\u0107 materia\u0142\u00f3w pozwala nam produkowa\u0107 wysokiej jako\u015bci uk\u0142ady wydechowe, kt\u00f3re s\u0105 stosowane w pojazdach u\u017cytkowych, motocyklach i samochodach. Dzi\u0119ki naszemu rozleg\u0142emu do\u015bwiadczeniu w produkcji jeste\u015bmy w stanie spe\u0142ni\u0107 nawet [&hellip;]<\/p>\n","protected":false},"author":1,"featured_media":0,"parent":7812,"menu_order":1,"comment_status":"closed","ping_status":"closed","template":"","meta":{"footnotes":""},"class_list":["post-7894","page","type-page","status-publish","hentry"],"yoast_head":"<!-- This site is optimized with the Yoast SEO plugin v27.3 - https:\/\/yoast.com\/product\/yoast-seo-wordpress\/ -->\n<title>Uk\u0142ady wydechowe - HGGS<\/title>\n<meta name=\"robots\" content=\"index, follow, max-snippet:-1, max-image-preview:large, max-video-preview:-1\" \/>\n<link rel=\"canonical\" href=\"https:\/\/hggs.de\/pl\/branze\/uklady-wydechowe\/\" \/>\n<meta property=\"og:locale\" content=\"pl_PL\" \/>\n<meta property=\"og:type\" content=\"article\" \/>\n<meta property=\"og:title\" content=\"Uk\u0142ady wydechowe - HGGS\" \/>\n<meta property=\"og:description\" content=\"Uk\u0142ady wydechowe Przemys\u0142 &#8211; Uk\u0142ady wydechowe Uk\u0142ady wydechowe Posiadamy wieloletnie do\u015bwiadczenie w pracy z wymaganymi materia\u0142ami i obowi\u0105zuj\u0105cymi normami w dziedzinie system\u00f3w odprowadzania spalin. Nasza dog\u0142\u0119bna znajomo\u015b\u0107 materia\u0142\u00f3w pozwala nam produkowa\u0107 wysokiej jako\u015bci uk\u0142ady wydechowe, kt\u00f3re s\u0105 stosowane w pojazdach u\u017cytkowych, motocyklach i samochodach. Dzi\u0119ki naszemu rozleg\u0142emu do\u015bwiadczeniu w produkcji jeste\u015bmy w stanie spe\u0142ni\u0107 nawet [&hellip;]\" \/>\n<meta property=\"og:url\" content=\"https:\/\/hggs.de\/pl\/branze\/uklady-wydechowe\/\" \/>\n<meta property=\"og:site_name\" content=\"HGGS\" \/>\n<meta property=\"article:modified_time\" content=\"2024-07-31T10:26:15+00:00\" \/>\n<meta name=\"twitter:card\" content=\"summary_large_image\" \/>\n<meta name=\"twitter:label1\" content=\"Szacowany czas czytania\" \/>\n\t<meta name=\"twitter:data1\" content=\"1 minuta\" \/>\n<script type=\"application\/ld+json\" class=\"yoast-schema-graph\">{\"@context\":\"https:\\\/\\\/schema.org\",\"@graph\":[{\"@type\":\"WebPage\",\"@id\":\"https:\\\/\\\/hggs.de\\\/pl\\\/branze\\\/uklady-wydechowe\\\/\",\"url\":\"https:\\\/\\\/hggs.de\\\/pl\\\/branze\\\/uklady-wydechowe\\\/\",\"name\":\"Uk\u0142ady wydechowe - HGGS\",\"isPartOf\":{\"@id\":\"https:\\\/\\\/hggs.de\\\/pl\\\/#website\"},\"datePublished\":\"2024-04-22T12:39:51+00:00\",\"dateModified\":\"2024-07-31T10:26:15+00:00\",\"breadcrumb\":{\"@id\":\"https:\\\/\\\/hggs.de\\\/pl\\\/branze\\\/uklady-wydechowe\\\/#breadcrumb\"},\"inLanguage\":\"pl-PL\",\"potentialAction\":[{\"@type\":\"ReadAction\",\"target\":[\"https:\\\/\\\/hggs.de\\\/pl\\\/branze\\\/uklady-wydechowe\\\/\"]}]},{\"@type\":\"BreadcrumbList\",\"@id\":\"https:\\\/\\\/hggs.de\\\/pl\\\/branze\\\/uklady-wydechowe\\\/#breadcrumb\",\"itemListElement\":[{\"@type\":\"ListItem\",\"position\":1,\"name\":\"Startseite\",\"item\":\"https:\\\/\\\/hggs.de\\\/pl\\\/\"},{\"@type\":\"ListItem\",\"position\":2,\"name\":\"Bran\u017ce\",\"item\":\"https:\\\/\\\/hggs.de\\\/pl\\\/branze\\\/\"},{\"@type\":\"ListItem\",\"position\":3,\"name\":\"Uk\u0142ady wydechowe\"}]},{\"@type\":\"WebSite\",\"@id\":\"https:\\\/\\\/hggs.de\\\/pl\\\/#website\",\"url\":\"https:\\\/\\\/hggs.de\\\/pl\\\/\",\"name\":\"HGGS\",\"description\":\"\",\"publisher\":{\"@id\":\"https:\\\/\\\/hggs.de\\\/pl\\\/#organization\"},\"potentialAction\":[{\"@type\":\"SearchAction\",\"target\":{\"@type\":\"EntryPoint\",\"urlTemplate\":\"https:\\\/\\\/hggs.de\\\/pl\\\/?s={search_term_string}\"},\"query-input\":{\"@type\":\"PropertyValueSpecification\",\"valueRequired\":true,\"valueName\":\"search_term_string\"}}],\"inLanguage\":\"pl-PL\"},{\"@type\":\"Organization\",\"@id\":\"https:\\\/\\\/hggs.de\\\/pl\\\/#organization\",\"name\":\"HGGS\",\"url\":\"https:\\\/\\\/hggs.de\\\/pl\\\/\",\"logo\":{\"@type\":\"ImageObject\",\"inLanguage\":\"pl-PL\",\"@id\":\"https:\\\/\\\/hggs.de\\\/pl\\\/#\\\/schema\\\/logo\\\/image\\\/\",\"url\":\"https:\\\/\\\/hggs.de\\\/wp-content\\\/uploads\\\/neues-Logo_400px.png\",\"contentUrl\":\"https:\\\/\\\/hggs.de\\\/wp-content\\\/uploads\\\/neues-Logo_400px.png\",\"width\":400,\"height\":223,\"caption\":\"HGGS\"},\"image\":{\"@id\":\"https:\\\/\\\/hggs.de\\\/pl\\\/#\\\/schema\\\/logo\\\/image\\\/\"}}]}<\/script>\n<!-- \/ Yoast SEO plugin. -->","yoast_head_json":{"title":"Uk\u0142ady wydechowe - HGGS","robots":{"index":"index","follow":"follow","max-snippet":"max-snippet:-1","max-image-preview":"max-image-preview:large","max-video-preview":"max-video-preview:-1"},"canonical":"https:\/\/hggs.de\/pl\/branze\/uklady-wydechowe\/","og_locale":"pl_PL","og_type":"article","og_title":"Uk\u0142ady wydechowe - HGGS","og_description":"Uk\u0142ady wydechowe Przemys\u0142 &#8211; Uk\u0142ady wydechowe Uk\u0142ady wydechowe Posiadamy wieloletnie do\u015bwiadczenie w pracy z wymaganymi materia\u0142ami i obowi\u0105zuj\u0105cymi normami w dziedzinie system\u00f3w odprowadzania spalin. Nasza dog\u0142\u0119bna znajomo\u015b\u0107 materia\u0142\u00f3w pozwala nam produkowa\u0107 wysokiej jako\u015bci uk\u0142ady wydechowe, kt\u00f3re s\u0105 stosowane w pojazdach u\u017cytkowych, motocyklach i samochodach. Dzi\u0119ki naszemu rozleg\u0142emu do\u015bwiadczeniu w produkcji jeste\u015bmy w stanie spe\u0142ni\u0107 nawet [&hellip;]","og_url":"https:\/\/hggs.de\/pl\/branze\/uklady-wydechowe\/","og_site_name":"HGGS","article_modified_time":"2024-07-31T10:26:15+00:00","twitter_card":"summary_large_image","twitter_misc":{"Szacowany czas czytania":"1 minuta"},"schema":{"@context":"https:\/\/schema.org","@graph":[{"@type":"WebPage","@id":"https:\/\/hggs.de\/pl\/branze\/uklady-wydechowe\/","url":"https:\/\/hggs.de\/pl\/branze\/uklady-wydechowe\/","name":"Uk\u0142ady wydechowe - HGGS","isPartOf":{"@id":"https:\/\/hggs.de\/pl\/#website"},"datePublished":"2024-04-22T12:39:51+00:00","dateModified":"2024-07-31T10:26:15+00:00","breadcrumb":{"@id":"https:\/\/hggs.de\/pl\/branze\/uklady-wydechowe\/#breadcrumb"},"inLanguage":"pl-PL","potentialAction":[{"@type":"ReadAction","target":["https:\/\/hggs.de\/pl\/branze\/uklady-wydechowe\/"]}]},{"@type":"BreadcrumbList","@id":"https:\/\/hggs.de\/pl\/branze\/uklady-wydechowe\/#breadcrumb","itemListElement":[{"@type":"ListItem","position":1,"name":"Startseite","item":"https:\/\/hggs.de\/pl\/"},{"@type":"ListItem","position":2,"name":"Bran\u017ce","item":"https:\/\/hggs.de\/pl\/branze\/"},{"@type":"ListItem","position":3,"name":"Uk\u0142ady wydechowe"}]},{"@type":"WebSite","@id":"https:\/\/hggs.de\/pl\/#website","url":"https:\/\/hggs.de\/pl\/","name":"HGGS","description":"","publisher":{"@id":"https:\/\/hggs.de\/pl\/#organization"},"potentialAction":[{"@type":"SearchAction","target":{"@type":"EntryPoint","urlTemplate":"https:\/\/hggs.de\/pl\/?s={search_term_string}"},"query-input":{"@type":"PropertyValueSpecification","valueRequired":true,"valueName":"search_term_string"}}],"inLanguage":"pl-PL"},{"@type":"Organization","@id":"https:\/\/hggs.de\/pl\/#organization","name":"HGGS","url":"https:\/\/hggs.de\/pl\/","logo":{"@type":"ImageObject","inLanguage":"pl-PL","@id":"https:\/\/hggs.de\/pl\/#\/schema\/logo\/image\/","url":"https:\/\/hggs.de\/wp-content\/uploads\/neues-Logo_400px.png","contentUrl":"https:\/\/hggs.de\/wp-content\/uploads\/neues-Logo_400px.png","width":400,"height":223,"caption":"HGGS"},"image":{"@id":"https:\/\/hggs.de\/pl\/#\/schema\/logo\/image\/"}}]}},"_links":{"self":[{"href":"https:\/\/hggs.de\/pl\/wp-json\/wp\/v2\/pages\/7894","targetHints":{"allow":["GET"]}}],"collection":[{"href":"https:\/\/hggs.de\/pl\/wp-json\/wp\/v2\/pages"}],"about":[{"href":"https:\/\/hggs.de\/pl\/wp-json\/wp\/v2\/types\/page"}],"author":[{"embeddable":true,"href":"https:\/\/hggs.de\/pl\/wp-json\/wp\/v2\/users\/1"}],"replies":[{"embeddable":true,"href":"https:\/\/hggs.de\/pl\/wp-json\/wp\/v2\/comments?post=7894"}],"version-history":[{"count":3,"href":"https:\/\/hggs.de\/pl\/wp-json\/wp\/v2\/pages\/7894\/revisions"}],"predecessor-version":[{"id":9843,"href":"https:\/\/hggs.de\/pl\/wp-json\/wp\/v2\/pages\/7894\/revisions\/9843"}],"up":[{"embeddable":true,"href":"https:\/\/hggs.de\/pl\/wp-json\/wp\/v2\/pages\/7812"}],"wp:attachment":[{"href":"https:\/\/hggs.de\/pl\/wp-json\/wp\/v2\/media?parent=7894"}],"curies":[{"name":"wp","href":"https:\/\/api.w.org\/{rel}","templated":true}]}}