{"id":7884,"date":"2024-04-22T14:52:41","date_gmt":"2024-04-22T12:52:41","guid":{"rendered":"https:\/\/2024.hggs.de\/branze\/pojazdy-uzytkowe\/"},"modified":"2024-07-25T13:25:40","modified_gmt":"2024-07-25T11:25:40","slug":"pojazdy-uzytkowe","status":"publish","type":"page","link":"https:\/\/hggs.de\/pl\/branze\/pojazdy-uzytkowe\/","title":{"rendered":"Pojazdy u\u017cytkowe"},"content":{"rendered":"\t\t<div data-elementor-type=\"wp-page\" data-elementor-id=\"7884\" class=\"elementor elementor-7884 elementor-3569\" data-elementor-post-type=\"page\">\n\t\t\t\t<div data-particle_enable=\"false\" data-particle-mobile-disabled=\"false\" class=\"elementor-element elementor-element-2227b42 e-flex e-con-boxed e-con e-parent\" data-id=\"2227b42\" data-element_type=\"container\" data-e-type=\"container\" data-settings=\"{&quot;background_background&quot;:&quot;classic&quot;}\">\n\t\t\t\t\t<div class=\"e-con-inner\">\n\t\t<div data-particle_enable=\"false\" data-particle-mobile-disabled=\"false\" class=\"elementor-element elementor-element-7c429b0 e-con-full e-flex e-con e-child\" data-id=\"7c429b0\" data-element_type=\"container\" data-e-type=\"container\">\n\t\t\t\t<div class=\"elementor-element elementor-element-b0e2bfd elementor-widget__width-initial topimg-overlay elementor-widget elementor-widget-heading\" data-id=\"b0e2bfd\" data-element_type=\"widget\" data-e-type=\"widget\" data-widget_type=\"heading.default\">\n\t\t\t\t<div class=\"elementor-widget-container\">\n\t\t\t\t\t<h2 class=\"elementor-heading-title elementor-size-default\">Pojazdy u\u017cytkowe<\/h2>\t\t\t\t<\/div>\n\t\t\t\t<\/div>\n\t\t\t\t<div class=\"elementor-element elementor-element-3fe1d7b elementor-widget elementor-widget-text-editor\" data-id=\"3fe1d7b\" data-element_type=\"widget\" data-e-type=\"widget\" data-widget_type=\"text-editor.default\">\n\t\t\t\t<div class=\"elementor-widget-container\">\n\t\t\t\t\t\t\t\t\t<p>Przemys\u0142 &#8211; Pojazdy u\u017cytkowe<\/p>\n\t\t\t\t\t\t\t\t<\/div>\n\t\t\t\t<\/div>\n\t\t\t\t<\/div>\n\t\t\t\t\t<\/div>\n\t\t\t\t<\/div>\n\t\t<div data-particle_enable=\"false\" data-particle-mobile-disabled=\"false\" class=\"elementor-element elementor-element-2d8f609 e-flex e-con-boxed e-con e-parent\" data-id=\"2d8f609\" data-element_type=\"container\" data-e-type=\"container\" data-settings=\"{&quot;background_background&quot;:&quot;classic&quot;}\">\n\t\t\t\t\t<div class=\"e-con-inner\">\n\t\t<div data-particle_enable=\"false\" data-particle-mobile-disabled=\"false\" class=\"elementor-element elementor-element-6a1f61b e-con-full e-flex e-con e-child\" data-id=\"6a1f61b\" data-element_type=\"container\" data-e-type=\"container\" data-settings=\"{&quot;background_background&quot;:&quot;classic&quot;}\">\n\t\t\t\t<div class=\"elementor-element elementor-element-fa27676 elementor-widget elementor-widget-heading\" data-id=\"fa27676\" data-element_type=\"widget\" data-e-type=\"widget\" data-widget_type=\"heading.default\">\n\t\t\t\t<div class=\"elementor-widget-container\">\n\t\t\t\t\t<h1 class=\"elementor-heading-title elementor-size-default\">Pojazdy u\u017cytkowe<\/h1>\t\t\t\t<\/div>\n\t\t\t\t<\/div>\n\t\t\t\t<div class=\"elementor-element elementor-element-e882741 elementor-widget elementor-widget-text-editor\" data-id=\"e882741\" data-element_type=\"widget\" data-e-type=\"widget\" data-widget_type=\"text-editor.default\">\n\t\t\t\t<div class=\"elementor-widget-container\">\n\t\t\t\t\t\t\t\t\t<p>Nasza firma jest wiod\u0105cym dostawc\u0105 rozwi\u0105za\u0144 dla bran\u017cy pojazd\u00f3w u\u017cytkowych i charakteryzuje si\u0119 ekonomiczn\u0105 i wydajn\u0105 produkcj\u0105. Dzi\u0119ki naszemu wieloletniemu do\u015bwiadczeniu w zakresie wymaganych proces\u00f3w, w tym zgodno\u015bci z surowymi normami, takimi jak <a href=\"https:\/\/hggs.de\/pl\/certyfikaty\/\">IATF 16949,<\/a> gwarantujemy najwy\u017csz\u0105 jako\u015b\u0107 i niezawodno\u015b\u0107 naszych produkt\u00f3w.<\/p>\n<p>Jeste\u015bmy szczeg\u00f3lnie dumni z naszej rozleg\u0142ej wiedzy produkcyjnej, kt\u00f3ra pozwala nam spe\u0142nia\u0107 nawet z\u0142o\u017cone wymagania. Dzi\u0119ki naszej precyzyjnej produkcji jeste\u015bmy w stanie wykonywa\u0107 wiele kolejnych zagi\u0119\u0107 z najwy\u017csz\u0105 dok\u0142adno\u015bci\u0105.\nZdolno\u015b\u0107 ta umo\u017cliwia nam dostarczanie produkt\u00f3w, kt\u00f3re s\u0105 precyzyjnie dostosowane do konkretnych potrzeb naszych klient\u00f3w.  Wraz z naszymi partnerami mo\u017cemy r\u00f3wnie\u017c realizowa\u0107 szczeg\u00f3lnie odporne pow\u0142oki powierzchniowe, kt\u00f3re s\u0105 wymagane w sektorze pojazd\u00f3w u\u017cytkowych.<\/p>\n<p>Kolejn\u0105 decyduj\u0105c\u0105 zalet\u0105 naszej firmy jest to, \u017ce mo\u017cemy r\u00f3wnie\u017c wydajnie produkowa\u0107 ma\u0142e i \u015brednie serie dzi\u0119ki naszym nieopartym na narz\u0119dziach maszynom produkcyjnym. Mo\u017cemy r\u00f3wnie\u017c obs\u0142ugiwa\u0107 \u015brednie i du\u017ce ilo\u015bci dzi\u0119ki w\u0142asnej konstrukcji narz\u0119dzi i sprz\u0119tu.<\/p>\n<p>Dzi\u0119ki naszemu zaanga\u017cowanemu podej\u015bciu i zarz\u0105dzaniu jako\u015bci\u0105 zawsze staramy si\u0119 przekracza\u0107 oczekiwania naszych klient\u00f3w i budowa\u0107 d\u0142ugoterminowe partnerstwa.<\/p>\t\t\t\t\t\t\t\t<\/div>\n\t\t\t\t<\/div>\n\t\t\t\t<\/div>\n\t\t\t\t\t<\/div>\n\t\t\t\t<\/div>\n\t\t\t\t<\/div>\n\t\t","protected":false},"excerpt":{"rendered":"<p>Pojazdy u\u017cytkowe Przemys\u0142 &#8211; Pojazdy u\u017cytkowe Pojazdy u\u017cytkowe Nasza firma jest wiod\u0105cym dostawc\u0105 rozwi\u0105za\u0144 dla bran\u017cy pojazd\u00f3w u\u017cytkowych i charakteryzuje si\u0119 ekonomiczn\u0105 i wydajn\u0105 produkcj\u0105. Dzi\u0119ki naszemu wieloletniemu do\u015bwiadczeniu w zakresie wymaganych proces\u00f3w, w tym zgodno\u015bci z surowymi normami, takimi jak IATF 16949, gwarantujemy najwy\u017csz\u0105 jako\u015b\u0107 i niezawodno\u015b\u0107 naszych produkt\u00f3w. Jeste\u015bmy szczeg\u00f3lnie dumni z naszej [&hellip;]<\/p>\n","protected":false},"author":1,"featured_media":0,"parent":7812,"menu_order":1,"comment_status":"closed","ping_status":"closed","template":"","meta":{"footnotes":""},"class_list":["post-7884","page","type-page","status-publish","hentry"],"yoast_head":"<!-- This site is optimized with the Yoast SEO plugin v27.3 - https:\/\/yoast.com\/product\/yoast-seo-wordpress\/ -->\n<title>Pojazdy u\u017cytkowe - HGGS<\/title>\n<meta name=\"robots\" content=\"index, follow, max-snippet:-1, max-image-preview:large, max-video-preview:-1\" \/>\n<link rel=\"canonical\" href=\"https:\/\/hggs.de\/pl\/branze\/pojazdy-uzytkowe\/\" \/>\n<meta property=\"og:locale\" content=\"pl_PL\" \/>\n<meta property=\"og:type\" content=\"article\" \/>\n<meta property=\"og:title\" content=\"Pojazdy u\u017cytkowe - HGGS\" \/>\n<meta property=\"og:description\" content=\"Pojazdy u\u017cytkowe Przemys\u0142 &#8211; Pojazdy u\u017cytkowe Pojazdy u\u017cytkowe Nasza firma jest wiod\u0105cym dostawc\u0105 rozwi\u0105za\u0144 dla bran\u017cy pojazd\u00f3w u\u017cytkowych i charakteryzuje si\u0119 ekonomiczn\u0105 i wydajn\u0105 produkcj\u0105. Dzi\u0119ki naszemu wieloletniemu do\u015bwiadczeniu w zakresie wymaganych proces\u00f3w, w tym zgodno\u015bci z surowymi normami, takimi jak IATF 16949, gwarantujemy najwy\u017csz\u0105 jako\u015b\u0107 i niezawodno\u015b\u0107 naszych produkt\u00f3w. Jeste\u015bmy szczeg\u00f3lnie dumni z naszej [&hellip;]\" \/>\n<meta property=\"og:url\" content=\"https:\/\/hggs.de\/pl\/branze\/pojazdy-uzytkowe\/\" \/>\n<meta property=\"og:site_name\" content=\"HGGS\" \/>\n<meta property=\"article:modified_time\" content=\"2024-07-25T11:25:40+00:00\" \/>\n<meta name=\"twitter:card\" content=\"summary_large_image\" \/>\n<meta name=\"twitter:label1\" content=\"Szacowany czas czytania\" \/>\n\t<meta name=\"twitter:data1\" content=\"1 minuta\" \/>\n<script type=\"application\/ld+json\" class=\"yoast-schema-graph\">{\"@context\":\"https:\\\/\\\/schema.org\",\"@graph\":[{\"@type\":\"WebPage\",\"@id\":\"https:\\\/\\\/hggs.de\\\/pl\\\/branze\\\/pojazdy-uzytkowe\\\/\",\"url\":\"https:\\\/\\\/hggs.de\\\/pl\\\/branze\\\/pojazdy-uzytkowe\\\/\",\"name\":\"Pojazdy u\u017cytkowe - HGGS\",\"isPartOf\":{\"@id\":\"https:\\\/\\\/hggs.de\\\/pl\\\/#website\"},\"datePublished\":\"2024-04-22T12:52:41+00:00\",\"dateModified\":\"2024-07-25T11:25:40+00:00\",\"breadcrumb\":{\"@id\":\"https:\\\/\\\/hggs.de\\\/pl\\\/branze\\\/pojazdy-uzytkowe\\\/#breadcrumb\"},\"inLanguage\":\"pl-PL\",\"potentialAction\":[{\"@type\":\"ReadAction\",\"target\":[\"https:\\\/\\\/hggs.de\\\/pl\\\/branze\\\/pojazdy-uzytkowe\\\/\"]}]},{\"@type\":\"BreadcrumbList\",\"@id\":\"https:\\\/\\\/hggs.de\\\/pl\\\/branze\\\/pojazdy-uzytkowe\\\/#breadcrumb\",\"itemListElement\":[{\"@type\":\"ListItem\",\"position\":1,\"name\":\"Startseite\",\"item\":\"https:\\\/\\\/hggs.de\\\/pl\\\/\"},{\"@type\":\"ListItem\",\"position\":2,\"name\":\"Bran\u017ce\",\"item\":\"https:\\\/\\\/hggs.de\\\/pl\\\/branze\\\/\"},{\"@type\":\"ListItem\",\"position\":3,\"name\":\"Pojazdy u\u017cytkowe\"}]},{\"@type\":\"WebSite\",\"@id\":\"https:\\\/\\\/hggs.de\\\/pl\\\/#website\",\"url\":\"https:\\\/\\\/hggs.de\\\/pl\\\/\",\"name\":\"HGGS\",\"description\":\"\",\"publisher\":{\"@id\":\"https:\\\/\\\/hggs.de\\\/pl\\\/#organization\"},\"potentialAction\":[{\"@type\":\"SearchAction\",\"target\":{\"@type\":\"EntryPoint\",\"urlTemplate\":\"https:\\\/\\\/hggs.de\\\/pl\\\/?s={search_term_string}\"},\"query-input\":{\"@type\":\"PropertyValueSpecification\",\"valueRequired\":true,\"valueName\":\"search_term_string\"}}],\"inLanguage\":\"pl-PL\"},{\"@type\":\"Organization\",\"@id\":\"https:\\\/\\\/hggs.de\\\/pl\\\/#organization\",\"name\":\"HGGS\",\"url\":\"https:\\\/\\\/hggs.de\\\/pl\\\/\",\"logo\":{\"@type\":\"ImageObject\",\"inLanguage\":\"pl-PL\",\"@id\":\"https:\\\/\\\/hggs.de\\\/pl\\\/#\\\/schema\\\/logo\\\/image\\\/\",\"url\":\"https:\\\/\\\/hggs.de\\\/wp-content\\\/uploads\\\/neues-Logo_400px.png\",\"contentUrl\":\"https:\\\/\\\/hggs.de\\\/wp-content\\\/uploads\\\/neues-Logo_400px.png\",\"width\":400,\"height\":223,\"caption\":\"HGGS\"},\"image\":{\"@id\":\"https:\\\/\\\/hggs.de\\\/pl\\\/#\\\/schema\\\/logo\\\/image\\\/\"}}]}<\/script>\n<!-- \/ Yoast SEO plugin. -->","yoast_head_json":{"title":"Pojazdy u\u017cytkowe - HGGS","robots":{"index":"index","follow":"follow","max-snippet":"max-snippet:-1","max-image-preview":"max-image-preview:large","max-video-preview":"max-video-preview:-1"},"canonical":"https:\/\/hggs.de\/pl\/branze\/pojazdy-uzytkowe\/","og_locale":"pl_PL","og_type":"article","og_title":"Pojazdy u\u017cytkowe - HGGS","og_description":"Pojazdy u\u017cytkowe Przemys\u0142 &#8211; Pojazdy u\u017cytkowe Pojazdy u\u017cytkowe Nasza firma jest wiod\u0105cym dostawc\u0105 rozwi\u0105za\u0144 dla bran\u017cy pojazd\u00f3w u\u017cytkowych i charakteryzuje si\u0119 ekonomiczn\u0105 i wydajn\u0105 produkcj\u0105. Dzi\u0119ki naszemu wieloletniemu do\u015bwiadczeniu w zakresie wymaganych proces\u00f3w, w tym zgodno\u015bci z surowymi normami, takimi jak IATF 16949, gwarantujemy najwy\u017csz\u0105 jako\u015b\u0107 i niezawodno\u015b\u0107 naszych produkt\u00f3w. Jeste\u015bmy szczeg\u00f3lnie dumni z naszej [&hellip;]","og_url":"https:\/\/hggs.de\/pl\/branze\/pojazdy-uzytkowe\/","og_site_name":"HGGS","article_modified_time":"2024-07-25T11:25:40+00:00","twitter_card":"summary_large_image","twitter_misc":{"Szacowany czas czytania":"1 minuta"},"schema":{"@context":"https:\/\/schema.org","@graph":[{"@type":"WebPage","@id":"https:\/\/hggs.de\/pl\/branze\/pojazdy-uzytkowe\/","url":"https:\/\/hggs.de\/pl\/branze\/pojazdy-uzytkowe\/","name":"Pojazdy u\u017cytkowe - HGGS","isPartOf":{"@id":"https:\/\/hggs.de\/pl\/#website"},"datePublished":"2024-04-22T12:52:41+00:00","dateModified":"2024-07-25T11:25:40+00:00","breadcrumb":{"@id":"https:\/\/hggs.de\/pl\/branze\/pojazdy-uzytkowe\/#breadcrumb"},"inLanguage":"pl-PL","potentialAction":[{"@type":"ReadAction","target":["https:\/\/hggs.de\/pl\/branze\/pojazdy-uzytkowe\/"]}]},{"@type":"BreadcrumbList","@id":"https:\/\/hggs.de\/pl\/branze\/pojazdy-uzytkowe\/#breadcrumb","itemListElement":[{"@type":"ListItem","position":1,"name":"Startseite","item":"https:\/\/hggs.de\/pl\/"},{"@type":"ListItem","position":2,"name":"Bran\u017ce","item":"https:\/\/hggs.de\/pl\/branze\/"},{"@type":"ListItem","position":3,"name":"Pojazdy u\u017cytkowe"}]},{"@type":"WebSite","@id":"https:\/\/hggs.de\/pl\/#website","url":"https:\/\/hggs.de\/pl\/","name":"HGGS","description":"","publisher":{"@id":"https:\/\/hggs.de\/pl\/#organization"},"potentialAction":[{"@type":"SearchAction","target":{"@type":"EntryPoint","urlTemplate":"https:\/\/hggs.de\/pl\/?s={search_term_string}"},"query-input":{"@type":"PropertyValueSpecification","valueRequired":true,"valueName":"search_term_string"}}],"inLanguage":"pl-PL"},{"@type":"Organization","@id":"https:\/\/hggs.de\/pl\/#organization","name":"HGGS","url":"https:\/\/hggs.de\/pl\/","logo":{"@type":"ImageObject","inLanguage":"pl-PL","@id":"https:\/\/hggs.de\/pl\/#\/schema\/logo\/image\/","url":"https:\/\/hggs.de\/wp-content\/uploads\/neues-Logo_400px.png","contentUrl":"https:\/\/hggs.de\/wp-content\/uploads\/neues-Logo_400px.png","width":400,"height":223,"caption":"HGGS"},"image":{"@id":"https:\/\/hggs.de\/pl\/#\/schema\/logo\/image\/"}}]}},"_links":{"self":[{"href":"https:\/\/hggs.de\/pl\/wp-json\/wp\/v2\/pages\/7884","targetHints":{"allow":["GET"]}}],"collection":[{"href":"https:\/\/hggs.de\/pl\/wp-json\/wp\/v2\/pages"}],"about":[{"href":"https:\/\/hggs.de\/pl\/wp-json\/wp\/v2\/types\/page"}],"author":[{"embeddable":true,"href":"https:\/\/hggs.de\/pl\/wp-json\/wp\/v2\/users\/1"}],"replies":[{"embeddable":true,"href":"https:\/\/hggs.de\/pl\/wp-json\/wp\/v2\/comments?post=7884"}],"version-history":[{"count":5,"href":"https:\/\/hggs.de\/pl\/wp-json\/wp\/v2\/pages\/7884\/revisions"}],"predecessor-version":[{"id":9518,"href":"https:\/\/hggs.de\/pl\/wp-json\/wp\/v2\/pages\/7884\/revisions\/9518"}],"up":[{"embeddable":true,"href":"https:\/\/hggs.de\/pl\/wp-json\/wp\/v2\/pages\/7812"}],"wp:attachment":[{"href":"https:\/\/hggs.de\/pl\/wp-json\/wp\/v2\/media?parent=7884"}],"curies":[{"name":"wp","href":"https:\/\/api.w.org\/{rel}","templated":true}]}}