{"id":7867,"date":"2024-04-22T15:00:43","date_gmt":"2024-04-22T13:00:43","guid":{"rendered":"https:\/\/2024.hggs.de\/branze\/budowa-maszyn-i-narzedzi\/"},"modified":"2024-07-31T12:25:53","modified_gmt":"2024-07-31T10:25:53","slug":"budowa-maszyn-i-narzedzi","status":"publish","type":"page","link":"https:\/\/hggs.de\/pl\/branze\/budowa-maszyn-i-narzedzi\/","title":{"rendered":"Budowa maszyn i narz\u0119dzi"},"content":{"rendered":"\t\t<div data-elementor-type=\"wp-page\" data-elementor-id=\"7867\" class=\"elementor elementor-7867 elementor-3587\" data-elementor-post-type=\"page\">\n\t\t\t\t<div data-particle_enable=\"false\" data-particle-mobile-disabled=\"false\" class=\"elementor-element elementor-element-2227b42 e-flex e-con-boxed e-con e-parent\" data-id=\"2227b42\" data-element_type=\"container\" data-e-type=\"container\" data-settings=\"{&quot;background_background&quot;:&quot;classic&quot;}\">\n\t\t\t\t\t<div class=\"e-con-inner\">\n\t\t<div data-particle_enable=\"false\" data-particle-mobile-disabled=\"false\" class=\"elementor-element elementor-element-7c429b0 e-con-full e-flex e-con e-child\" data-id=\"7c429b0\" data-element_type=\"container\" data-e-type=\"container\">\n\t\t\t\t<div class=\"elementor-element elementor-element-b0e2bfd elementor-widget__width-initial topimg-overlay elementor-widget elementor-widget-heading\" data-id=\"b0e2bfd\" data-element_type=\"widget\" data-e-type=\"widget\" data-widget_type=\"heading.default\">\n\t\t\t\t<div class=\"elementor-widget-container\">\n\t\t\t\t\t<h2 class=\"elementor-heading-title elementor-size-default\"><br>Produkcja maszyn i narz\u0119dzi<\/h2>\t\t\t\t<\/div>\n\t\t\t\t<\/div>\n\t\t\t\t<div class=\"elementor-element elementor-element-3fe1d7b elementor-widget elementor-widget-text-editor\" data-id=\"3fe1d7b\" data-element_type=\"widget\" data-e-type=\"widget\" data-widget_type=\"text-editor.default\">\n\t\t\t\t<div class=\"elementor-widget-container\">\n\t\t\t\t\t\t\t\t\t<p>Przemys\u0142 &#8211; In\u017cynieria mechaniczna i produkcja narz\u0119dzi<\/p>\n\t\t\t\t\t\t\t\t<\/div>\n\t\t\t\t<\/div>\n\t\t\t\t<\/div>\n\t\t\t\t\t<\/div>\n\t\t\t\t<\/div>\n\t\t<div data-particle_enable=\"false\" data-particle-mobile-disabled=\"false\" class=\"elementor-element elementor-element-2d8f609 e-flex e-con-boxed e-con e-parent\" data-id=\"2d8f609\" data-element_type=\"container\" data-e-type=\"container\" data-settings=\"{&quot;background_background&quot;:&quot;classic&quot;}\">\n\t\t\t\t\t<div class=\"e-con-inner\">\n\t\t<div data-particle_enable=\"false\" data-particle-mobile-disabled=\"false\" class=\"elementor-element elementor-element-6a1f61b e-con-full e-flex e-con e-child\" data-id=\"6a1f61b\" data-element_type=\"container\" data-e-type=\"container\" data-settings=\"{&quot;background_background&quot;:&quot;classic&quot;}\">\n\t\t\t\t<div class=\"elementor-element elementor-element-fa27676 elementor-widget elementor-widget-heading\" data-id=\"fa27676\" data-element_type=\"widget\" data-e-type=\"widget\" data-widget_type=\"heading.default\">\n\t\t\t\t<div class=\"elementor-widget-container\">\n\t\t\t\t\t<h1 class=\"elementor-heading-title elementor-size-default\">Budowa maszyn i narz\u0119dzi<\/h1>\t\t\t\t<\/div>\n\t\t\t\t<\/div>\n\t\t\t\t<div class=\"elementor-element elementor-element-e882741 elementor-widget elementor-widget-text-editor\" data-id=\"e882741\" data-element_type=\"widget\" data-e-type=\"widget\" data-widget_type=\"text-editor.default\">\n\t\t\t\t<div class=\"elementor-widget-container\">\n\t\t\t\t\t\t\t\t\t<p>\u017baden inny sektor nie zmienia si\u0119 tak szybko, jak in\u017cynieria mechaniczna i produkcja narz\u0119dzi. Bran\u017ca stoi przed wieloma wyzwaniami, w tym kr\u00f3tkim czasem rozwoju i du\u017c\u0105 presj\u0105 na innowacje. W szczeg\u00f3lno\u015bci po\u0142\u0105czenie elektroniki i mechaniki wymaga \u015bcis\u0142ej wsp\u00f3\u0142pracy i dostarczania precyzyjnych element\u00f3w metalowych.<\/p>\n<p>W tym dynamicznym \u015brodowisku polegamy na innowacjach i zaawansowanych technologiach produkcyjnych, aby sprosta\u0107 rosn\u0105cym wymaganiom. Nasze precyzyjne komponenty metalowe odgrywaj\u0105 w tym decyduj\u0105c\u0105 rol\u0119. Stanowi\u0105 one podstaw\u0119 rozwoju najnowocze\u015bniejszych maszyn i narz\u0119dzi, kt\u00f3re spe\u0142niaj\u0105 obecne i przysz\u0142e wymagania bran\u017cy. Dzi\u0119ki naszemu zaanga\u017cowaniu w jako\u015b\u0107 i niezawodno\u015b\u0107, pomagamy zwi\u0119ksza\u0107 efektywno\u015b\u0107 i wydajno\u015b\u0107 naszych klient\u00f3w w zakresie budowy maszyn i narz\u0119dzi oraz wspieramy ich w odnoszeniu sukces\u00f3w na stale zmieniaj\u0105cym si\u0119 rynku.<\/p>\n\t\t\t\t\t\t\t\t<\/div>\n\t\t\t\t<\/div>\n\t\t\t\t<\/div>\n\t\t\t\t\t<\/div>\n\t\t\t\t<\/div>\n\t\t\t\t<\/div>\n\t\t","protected":false},"excerpt":{"rendered":"<p>Produkcja maszyn i narz\u0119dzi Przemys\u0142 &#8211; In\u017cynieria mechaniczna i produkcja narz\u0119dzi Budowa maszyn i narz\u0119dzi \u017baden inny sektor nie zmienia si\u0119 tak szybko, jak in\u017cynieria mechaniczna i produkcja narz\u0119dzi. Bran\u017ca stoi przed wieloma wyzwaniami, w tym kr\u00f3tkim czasem rozwoju i du\u017c\u0105 presj\u0105 na innowacje. W szczeg\u00f3lno\u015bci po\u0142\u0105czenie elektroniki i mechaniki wymaga \u015bcis\u0142ej wsp\u00f3\u0142pracy i dostarczania [&hellip;]<\/p>\n","protected":false},"author":1,"featured_media":0,"parent":7812,"menu_order":1,"comment_status":"closed","ping_status":"closed","template":"","meta":{"footnotes":""},"class_list":["post-7867","page","type-page","status-publish","hentry"],"yoast_head":"<!-- This site is optimized with the Yoast SEO plugin v27.3 - https:\/\/yoast.com\/product\/yoast-seo-wordpress\/ -->\n<title>Budowa maszyn i narz\u0119dzi - HGGS<\/title>\n<meta name=\"robots\" content=\"index, follow, max-snippet:-1, max-image-preview:large, max-video-preview:-1\" \/>\n<link rel=\"canonical\" href=\"https:\/\/hggs.de\/pl\/branze\/budowa-maszyn-i-narzedzi\/\" \/>\n<meta property=\"og:locale\" content=\"pl_PL\" \/>\n<meta property=\"og:type\" content=\"article\" \/>\n<meta property=\"og:title\" content=\"Budowa maszyn i narz\u0119dzi - HGGS\" \/>\n<meta property=\"og:description\" content=\"Produkcja maszyn i narz\u0119dzi Przemys\u0142 &#8211; In\u017cynieria mechaniczna i produkcja narz\u0119dzi Budowa maszyn i narz\u0119dzi \u017baden inny sektor nie zmienia si\u0119 tak szybko, jak in\u017cynieria mechaniczna i produkcja narz\u0119dzi. Bran\u017ca stoi przed wieloma wyzwaniami, w tym kr\u00f3tkim czasem rozwoju i du\u017c\u0105 presj\u0105 na innowacje. W szczeg\u00f3lno\u015bci po\u0142\u0105czenie elektroniki i mechaniki wymaga \u015bcis\u0142ej wsp\u00f3\u0142pracy i dostarczania [&hellip;]\" \/>\n<meta property=\"og:url\" content=\"https:\/\/hggs.de\/pl\/branze\/budowa-maszyn-i-narzedzi\/\" \/>\n<meta property=\"og:site_name\" content=\"HGGS\" \/>\n<meta property=\"article:modified_time\" content=\"2024-07-31T10:25:53+00:00\" \/>\n<meta name=\"twitter:card\" content=\"summary_large_image\" \/>\n<meta name=\"twitter:label1\" content=\"Szacowany czas czytania\" \/>\n\t<meta name=\"twitter:data1\" content=\"1 minuta\" \/>\n<script type=\"application\/ld+json\" class=\"yoast-schema-graph\">{\"@context\":\"https:\\\/\\\/schema.org\",\"@graph\":[{\"@type\":\"WebPage\",\"@id\":\"https:\\\/\\\/hggs.de\\\/pl\\\/branze\\\/budowa-maszyn-i-narzedzi\\\/\",\"url\":\"https:\\\/\\\/hggs.de\\\/pl\\\/branze\\\/budowa-maszyn-i-narzedzi\\\/\",\"name\":\"Budowa maszyn i narz\u0119dzi - HGGS\",\"isPartOf\":{\"@id\":\"https:\\\/\\\/hggs.de\\\/pl\\\/#website\"},\"datePublished\":\"2024-04-22T13:00:43+00:00\",\"dateModified\":\"2024-07-31T10:25:53+00:00\",\"breadcrumb\":{\"@id\":\"https:\\\/\\\/hggs.de\\\/pl\\\/branze\\\/budowa-maszyn-i-narzedzi\\\/#breadcrumb\"},\"inLanguage\":\"pl-PL\",\"potentialAction\":[{\"@type\":\"ReadAction\",\"target\":[\"https:\\\/\\\/hggs.de\\\/pl\\\/branze\\\/budowa-maszyn-i-narzedzi\\\/\"]}]},{\"@type\":\"BreadcrumbList\",\"@id\":\"https:\\\/\\\/hggs.de\\\/pl\\\/branze\\\/budowa-maszyn-i-narzedzi\\\/#breadcrumb\",\"itemListElement\":[{\"@type\":\"ListItem\",\"position\":1,\"name\":\"Startseite\",\"item\":\"https:\\\/\\\/hggs.de\\\/pl\\\/\"},{\"@type\":\"ListItem\",\"position\":2,\"name\":\"Bran\u017ce\",\"item\":\"https:\\\/\\\/hggs.de\\\/pl\\\/branze\\\/\"},{\"@type\":\"ListItem\",\"position\":3,\"name\":\"Budowa maszyn i narz\u0119dzi\"}]},{\"@type\":\"WebSite\",\"@id\":\"https:\\\/\\\/hggs.de\\\/pl\\\/#website\",\"url\":\"https:\\\/\\\/hggs.de\\\/pl\\\/\",\"name\":\"HGGS\",\"description\":\"\",\"publisher\":{\"@id\":\"https:\\\/\\\/hggs.de\\\/pl\\\/#organization\"},\"potentialAction\":[{\"@type\":\"SearchAction\",\"target\":{\"@type\":\"EntryPoint\",\"urlTemplate\":\"https:\\\/\\\/hggs.de\\\/pl\\\/?s={search_term_string}\"},\"query-input\":{\"@type\":\"PropertyValueSpecification\",\"valueRequired\":true,\"valueName\":\"search_term_string\"}}],\"inLanguage\":\"pl-PL\"},{\"@type\":\"Organization\",\"@id\":\"https:\\\/\\\/hggs.de\\\/pl\\\/#organization\",\"name\":\"HGGS\",\"url\":\"https:\\\/\\\/hggs.de\\\/pl\\\/\",\"logo\":{\"@type\":\"ImageObject\",\"inLanguage\":\"pl-PL\",\"@id\":\"https:\\\/\\\/hggs.de\\\/pl\\\/#\\\/schema\\\/logo\\\/image\\\/\",\"url\":\"https:\\\/\\\/hggs.de\\\/wp-content\\\/uploads\\\/neues-Logo_400px.png\",\"contentUrl\":\"https:\\\/\\\/hggs.de\\\/wp-content\\\/uploads\\\/neues-Logo_400px.png\",\"width\":400,\"height\":223,\"caption\":\"HGGS\"},\"image\":{\"@id\":\"https:\\\/\\\/hggs.de\\\/pl\\\/#\\\/schema\\\/logo\\\/image\\\/\"}}]}<\/script>\n<!-- \/ Yoast SEO plugin. -->","yoast_head_json":{"title":"Budowa maszyn i narz\u0119dzi - HGGS","robots":{"index":"index","follow":"follow","max-snippet":"max-snippet:-1","max-image-preview":"max-image-preview:large","max-video-preview":"max-video-preview:-1"},"canonical":"https:\/\/hggs.de\/pl\/branze\/budowa-maszyn-i-narzedzi\/","og_locale":"pl_PL","og_type":"article","og_title":"Budowa maszyn i narz\u0119dzi - HGGS","og_description":"Produkcja maszyn i narz\u0119dzi Przemys\u0142 &#8211; In\u017cynieria mechaniczna i produkcja narz\u0119dzi Budowa maszyn i narz\u0119dzi \u017baden inny sektor nie zmienia si\u0119 tak szybko, jak in\u017cynieria mechaniczna i produkcja narz\u0119dzi. Bran\u017ca stoi przed wieloma wyzwaniami, w tym kr\u00f3tkim czasem rozwoju i du\u017c\u0105 presj\u0105 na innowacje. W szczeg\u00f3lno\u015bci po\u0142\u0105czenie elektroniki i mechaniki wymaga \u015bcis\u0142ej wsp\u00f3\u0142pracy i dostarczania [&hellip;]","og_url":"https:\/\/hggs.de\/pl\/branze\/budowa-maszyn-i-narzedzi\/","og_site_name":"HGGS","article_modified_time":"2024-07-31T10:25:53+00:00","twitter_card":"summary_large_image","twitter_misc":{"Szacowany czas czytania":"1 minuta"},"schema":{"@context":"https:\/\/schema.org","@graph":[{"@type":"WebPage","@id":"https:\/\/hggs.de\/pl\/branze\/budowa-maszyn-i-narzedzi\/","url":"https:\/\/hggs.de\/pl\/branze\/budowa-maszyn-i-narzedzi\/","name":"Budowa maszyn i narz\u0119dzi - HGGS","isPartOf":{"@id":"https:\/\/hggs.de\/pl\/#website"},"datePublished":"2024-04-22T13:00:43+00:00","dateModified":"2024-07-31T10:25:53+00:00","breadcrumb":{"@id":"https:\/\/hggs.de\/pl\/branze\/budowa-maszyn-i-narzedzi\/#breadcrumb"},"inLanguage":"pl-PL","potentialAction":[{"@type":"ReadAction","target":["https:\/\/hggs.de\/pl\/branze\/budowa-maszyn-i-narzedzi\/"]}]},{"@type":"BreadcrumbList","@id":"https:\/\/hggs.de\/pl\/branze\/budowa-maszyn-i-narzedzi\/#breadcrumb","itemListElement":[{"@type":"ListItem","position":1,"name":"Startseite","item":"https:\/\/hggs.de\/pl\/"},{"@type":"ListItem","position":2,"name":"Bran\u017ce","item":"https:\/\/hggs.de\/pl\/branze\/"},{"@type":"ListItem","position":3,"name":"Budowa maszyn i narz\u0119dzi"}]},{"@type":"WebSite","@id":"https:\/\/hggs.de\/pl\/#website","url":"https:\/\/hggs.de\/pl\/","name":"HGGS","description":"","publisher":{"@id":"https:\/\/hggs.de\/pl\/#organization"},"potentialAction":[{"@type":"SearchAction","target":{"@type":"EntryPoint","urlTemplate":"https:\/\/hggs.de\/pl\/?s={search_term_string}"},"query-input":{"@type":"PropertyValueSpecification","valueRequired":true,"valueName":"search_term_string"}}],"inLanguage":"pl-PL"},{"@type":"Organization","@id":"https:\/\/hggs.de\/pl\/#organization","name":"HGGS","url":"https:\/\/hggs.de\/pl\/","logo":{"@type":"ImageObject","inLanguage":"pl-PL","@id":"https:\/\/hggs.de\/pl\/#\/schema\/logo\/image\/","url":"https:\/\/hggs.de\/wp-content\/uploads\/neues-Logo_400px.png","contentUrl":"https:\/\/hggs.de\/wp-content\/uploads\/neues-Logo_400px.png","width":400,"height":223,"caption":"HGGS"},"image":{"@id":"https:\/\/hggs.de\/pl\/#\/schema\/logo\/image\/"}}]}},"_links":{"self":[{"href":"https:\/\/hggs.de\/pl\/wp-json\/wp\/v2\/pages\/7867","targetHints":{"allow":["GET"]}}],"collection":[{"href":"https:\/\/hggs.de\/pl\/wp-json\/wp\/v2\/pages"}],"about":[{"href":"https:\/\/hggs.de\/pl\/wp-json\/wp\/v2\/types\/page"}],"author":[{"embeddable":true,"href":"https:\/\/hggs.de\/pl\/wp-json\/wp\/v2\/users\/1"}],"replies":[{"embeddable":true,"href":"https:\/\/hggs.de\/pl\/wp-json\/wp\/v2\/comments?post=7867"}],"version-history":[{"count":3,"href":"https:\/\/hggs.de\/pl\/wp-json\/wp\/v2\/pages\/7867\/revisions"}],"predecessor-version":[{"id":9840,"href":"https:\/\/hggs.de\/pl\/wp-json\/wp\/v2\/pages\/7867\/revisions\/9840"}],"up":[{"embeddable":true,"href":"https:\/\/hggs.de\/pl\/wp-json\/wp\/v2\/pages\/7812"}],"wp:attachment":[{"href":"https:\/\/hggs.de\/pl\/wp-json\/wp\/v2\/media?parent=7867"}],"curies":[{"name":"wp","href":"https:\/\/api.w.org\/{rel}","templated":true}]}}