{"id":7851,"date":"2024-04-22T14:56:05","date_gmt":"2024-04-22T12:56:05","guid":{"rendered":"https:\/\/2024.hggs.de\/branze\/akcesoria-do-pojazdow\/"},"modified":"2024-07-31T12:17:25","modified_gmt":"2024-07-31T10:17:25","slug":"akcesoria-do-pojazdow","status":"publish","type":"page","link":"https:\/\/hggs.de\/pl\/branze\/akcesoria-do-pojazdow\/","title":{"rendered":"Akcesoria do pojazd\u00f3w"},"content":{"rendered":"\t\t<div data-elementor-type=\"wp-page\" data-elementor-id=\"7851\" class=\"elementor elementor-7851 elementor-3577\" data-elementor-post-type=\"page\">\n\t\t\t\t<div data-particle_enable=\"false\" data-particle-mobile-disabled=\"false\" class=\"elementor-element elementor-element-2227b42 e-flex e-con-boxed e-con e-parent\" data-id=\"2227b42\" data-element_type=\"container\" data-e-type=\"container\" data-settings=\"{&quot;background_background&quot;:&quot;classic&quot;}\">\n\t\t\t\t\t<div class=\"e-con-inner\">\n\t\t<div data-particle_enable=\"false\" data-particle-mobile-disabled=\"false\" class=\"elementor-element elementor-element-7c429b0 e-con-full e-flex e-con e-child\" data-id=\"7c429b0\" data-element_type=\"container\" data-e-type=\"container\">\n\t\t\t\t<div class=\"elementor-element elementor-element-b0e2bfd elementor-widget__width-initial topimg-overlay elementor-widget elementor-widget-heading\" data-id=\"b0e2bfd\" data-element_type=\"widget\" data-e-type=\"widget\" data-widget_type=\"heading.default\">\n\t\t\t\t<div class=\"elementor-widget-container\">\n\t\t\t\t\t<h2 class=\"elementor-heading-title elementor-size-default\">Akcesoria do pojazd\u00f3w<\/h2>\t\t\t\t<\/div>\n\t\t\t\t<\/div>\n\t\t\t\t<div class=\"elementor-element elementor-element-3fe1d7b elementor-widget elementor-widget-text-editor\" data-id=\"3fe1d7b\" data-element_type=\"widget\" data-e-type=\"widget\" data-widget_type=\"text-editor.default\">\n\t\t\t\t<div class=\"elementor-widget-container\">\n\t\t\t\t\t\t\t\t\t<p>Przemys\u0142 &#8211; Akcesoria samochodowe<\/p>\n\t\t\t\t\t\t\t\t<\/div>\n\t\t\t\t<\/div>\n\t\t\t\t<\/div>\n\t\t\t\t\t<\/div>\n\t\t\t\t<\/div>\n\t\t<div data-particle_enable=\"false\" data-particle-mobile-disabled=\"false\" class=\"elementor-element elementor-element-2d8f609 e-flex e-con-boxed e-con e-parent\" data-id=\"2d8f609\" data-element_type=\"container\" data-e-type=\"container\" data-settings=\"{&quot;background_background&quot;:&quot;classic&quot;}\">\n\t\t\t\t\t<div class=\"e-con-inner\">\n\t\t<div data-particle_enable=\"false\" data-particle-mobile-disabled=\"false\" class=\"elementor-element elementor-element-6a1f61b e-con-full e-flex e-con e-child\" data-id=\"6a1f61b\" data-element_type=\"container\" data-e-type=\"container\" data-settings=\"{&quot;background_background&quot;:&quot;classic&quot;}\">\n\t\t\t\t<div class=\"elementor-element elementor-element-fa27676 elementor-widget elementor-widget-heading\" data-id=\"fa27676\" data-element_type=\"widget\" data-e-type=\"widget\" data-widget_type=\"heading.default\">\n\t\t\t\t<div class=\"elementor-widget-container\">\n\t\t\t\t\t<h1 class=\"elementor-heading-title elementor-size-default\">Akcesoria do pojazd\u00f3w<\/h1>\t\t\t\t<\/div>\n\t\t\t\t<\/div>\n\t\t\t\t<div class=\"elementor-element elementor-element-e882741 elementor-widget elementor-widget-text-editor\" data-id=\"e882741\" data-element_type=\"widget\" data-e-type=\"widget\" data-widget_type=\"text-editor.default\">\n\t\t\t\t<div class=\"elementor-widget-container\">\n\t\t\t\t\t\t\t\t\t<p>Oferujemy szerok\u0105 gam\u0119 produkt\u00f3w, kt\u00f3re s\u0105 projektowane, produkowane i dostarczane w naszej firmie. Od produkcji wysokiej jako\u015bci profili aluminiowych po wstawianie pr\u00f3bek wiertniczych, monta\u017c i testy funkcjonalne &#8211; oferujemy wszystko z jednego \u017ar\u00f3d\u0142a.<\/p>\n<p>Nasza produkcja obejmuje ca\u0142y zakres proces\u00f3w wymaganych do produkcji akcesori\u00f3w samochodowych. K\u0142adziemy du\u017cy nacisk na precyzj\u0119 i jako\u015b\u0107 na ka\u017cdym etapie procesu produkcyjnego, aby zapewni\u0107, \u017ce nasze produkty spe\u0142niaj\u0105 najwy\u017csze standardy.<\/p>\n<p>Nasz do\u015bwiadczony zesp\u00f3\u0142 monta\u017cowy jest zaanga\u017cowany w opracowywanie niestandardowych rozwi\u0105za\u0144, kt\u00f3re spe\u0142niaj\u0105 indywidualne wymagania naszych klient\u00f3w. Z dum\u0105 oferujemy naszym klientom wysokiej jako\u015bci akcesoria samochodowe, kt\u00f3re s\u0105 nie tylko funkcjonalne, ale tak\u017ce imponuj\u0105 trwa\u0142o\u015bci\u0105 i niezawodno\u015bci\u0105.<\/p>\n\t\t\t\t\t\t\t\t<\/div>\n\t\t\t\t<\/div>\n\t\t\t\t<\/div>\n\t\t\t\t\t<\/div>\n\t\t\t\t<\/div>\n\t\t<div data-particle_enable=\"false\" data-particle-mobile-disabled=\"false\" class=\"elementor-element elementor-element-4e01f759 e-flex e-con-boxed e-con e-parent\" data-id=\"4e01f759\" data-element_type=\"container\" data-e-type=\"container\" data-settings=\"{&quot;background_background&quot;:&quot;classic&quot;}\">\n\t\t\t\t\t<div class=\"e-con-inner\">\n\t\t<div data-particle_enable=\"false\" data-particle-mobile-disabled=\"false\" class=\"elementor-element elementor-element-4eed362f e-con-full e-flex e-con e-child\" data-id=\"4eed362f\" data-element_type=\"container\" data-e-type=\"container\" data-settings=\"{&quot;background_background&quot;:&quot;classic&quot;}\">\n\t\t\t\t<div class=\"elementor-element elementor-element-6ccc97d3 elementor-widget elementor-widget-heading\" data-id=\"6ccc97d3\" data-element_type=\"widget\" data-e-type=\"widget\" data-widget_type=\"heading.default\">\n\t\t\t\t<div class=\"elementor-widget-container\">\n\t\t\t\t\t<h2 class=\"elementor-heading-title elementor-size-default\">Wra\u017cenia<\/h2>\t\t\t\t<\/div>\n\t\t\t\t<\/div>\n\t\t\t\t<div class=\"elementor-element elementor-element-48095961 elementor-widget elementor-widget-gallery\" data-id=\"48095961\" data-element_type=\"widget\" data-e-type=\"widget\" data-settings=\"{&quot;gap&quot;:{&quot;unit&quot;:&quot;px&quot;,&quot;size&quot;:60,&quot;sizes&quot;:[]},&quot;columns_mobile&quot;:2,&quot;columns_tablet&quot;:3,&quot;lazyload&quot;:&quot;yes&quot;,&quot;gallery_layout&quot;:&quot;grid&quot;,&quot;columns&quot;:4,&quot;gap_tablet&quot;:{&quot;unit&quot;:&quot;px&quot;,&quot;size&quot;:10,&quot;sizes&quot;:[]},&quot;gap_mobile&quot;:{&quot;unit&quot;:&quot;px&quot;,&quot;size&quot;:10,&quot;sizes&quot;:[]},&quot;link_to&quot;:&quot;file&quot;,&quot;aspect_ratio&quot;:&quot;3:2&quot;,&quot;overlay_background&quot;:&quot;yes&quot;,&quot;content_hover_animation&quot;:&quot;fade-in&quot;}\" data-widget_type=\"gallery.default\">\n\t\t\t\t<div class=\"elementor-widget-container\">\n\t\t\t\t\t\t\t<div class=\"elementor-gallery__container\">\n\t\t\t\t\t\t\t<a class=\"e-gallery-item elementor-gallery-item elementor-animated-content\" href=\"https:\/\/hggs.de\/wp-content\/uploads\/C5A4765_web.jpg\" data-elementor-open-lightbox=\"yes\" data-elementor-lightbox-slideshow=\"48095961\" data-elementor-lightbox-title=\"C5A4765_web\" data-elementor-lightbox-description=\"C5A4765_web\" data-e-action-hash=\"#elementor-action%3Aaction%3Dlightbox%26settings%3DeyJpZCI6OTc5MiwidXJsIjoiaHR0cHM6XC9cL2hnZ3MuZGVcL3dwLWNvbnRlbnRcL3VwbG9hZHNcL0M1QTQ3NjVfd2ViLmpwZyIsInNsaWRlc2hvdyI6IjQ4MDk1OTYxIn0%3D\">\n\t\t\t\t\t<div class=\"e-gallery-image elementor-gallery-item__image\" data-thumbnail=\"https:\/\/hggs.de\/wp-content\/uploads\/C5A4765_web.jpg\" data-width=\"1500\" data-height=\"1000\" aria-label=\"\" role=\"img\" ><\/div>\n\t\t\t\t\t\t\t\t\t\t\t<div class=\"elementor-gallery-item__overlay\"><\/div>\n\t\t\t\t\t\t\t\t\t\t\t\t\t\t<\/a>\n\t\t\t\t\t\t\t<a class=\"e-gallery-item elementor-gallery-item elementor-animated-content\" href=\"https:\/\/hggs.de\/wp-content\/uploads\/halter_03.jpg\" data-elementor-open-lightbox=\"yes\" data-elementor-lightbox-slideshow=\"48095961\" data-elementor-lightbox-title=\"halter_03\" data-elementor-lightbox-description=\"halter_03\" data-e-action-hash=\"#elementor-action%3Aaction%3Dlightbox%26settings%3DeyJpZCI6ODUxNywidXJsIjoiaHR0cHM6XC9cL2hnZ3MuZGVcL3dwLWNvbnRlbnRcL3VwbG9hZHNcL2hhbHRlcl8wMy5qcGciLCJzbGlkZXNob3ciOiI0ODA5NTk2MSJ9\">\n\t\t\t\t\t<div class=\"e-gallery-image elementor-gallery-item__image\" data-thumbnail=\"https:\/\/hggs.de\/wp-content\/uploads\/halter_03.jpg\" data-width=\"494\" data-height=\"346\" aria-label=\"\" role=\"img\" ><\/div>\n\t\t\t\t\t\t\t\t\t\t\t<div class=\"elementor-gallery-item__overlay\"><\/div>\n\t\t\t\t\t\t\t\t\t\t\t\t\t\t<\/a>\n\t\t\t\t\t\t\t<a class=\"e-gallery-item elementor-gallery-item elementor-animated-content\" href=\"https:\/\/hggs.de\/wp-content\/uploads\/halter_02.jpg\" data-elementor-open-lightbox=\"yes\" data-elementor-lightbox-slideshow=\"48095961\" data-elementor-lightbox-title=\"halter_02\" data-elementor-lightbox-description=\"halter_02\" data-e-action-hash=\"#elementor-action%3Aaction%3Dlightbox%26settings%3DeyJpZCI6ODUyMSwidXJsIjoiaHR0cHM6XC9cL2hnZ3MuZGVcL3dwLWNvbnRlbnRcL3VwbG9hZHNcL2hhbHRlcl8wMi5qcGciLCJzbGlkZXNob3ciOiI0ODA5NTk2MSJ9\">\n\t\t\t\t\t<div class=\"e-gallery-image elementor-gallery-item__image\" data-thumbnail=\"https:\/\/hggs.de\/wp-content\/uploads\/halter_02.jpg\" data-width=\"494\" data-height=\"287\" aria-label=\"\" role=\"img\" ><\/div>\n\t\t\t\t\t\t\t\t\t\t\t<div class=\"elementor-gallery-item__overlay\"><\/div>\n\t\t\t\t\t\t\t\t\t\t\t\t\t\t<\/a>\n\t\t\t\t\t\t\t<a class=\"e-gallery-item elementor-gallery-item elementor-animated-content\" href=\"https:\/\/hggs.de\/wp-content\/uploads\/halter_01.jpg\" data-elementor-open-lightbox=\"yes\" data-elementor-lightbox-slideshow=\"48095961\" data-elementor-lightbox-title=\"halter_01\" data-elementor-lightbox-description=\"halter_01\" data-e-action-hash=\"#elementor-action%3Aaction%3Dlightbox%26settings%3DeyJpZCI6ODUyNSwidXJsIjoiaHR0cHM6XC9cL2hnZ3MuZGVcL3dwLWNvbnRlbnRcL3VwbG9hZHNcL2hhbHRlcl8wMS5qcGciLCJzbGlkZXNob3ciOiI0ODA5NTk2MSJ9\">\n\t\t\t\t\t<div class=\"e-gallery-image elementor-gallery-item__image\" data-thumbnail=\"https:\/\/hggs.de\/wp-content\/uploads\/halter_01.jpg\" data-width=\"494\" data-height=\"349\" aria-label=\"\" role=\"img\" ><\/div>\n\t\t\t\t\t\t\t\t\t\t\t<div class=\"elementor-gallery-item__overlay\"><\/div>\n\t\t\t\t\t\t\t\t\t\t\t\t\t\t<\/a>\n\t\t\t\t\t<\/div>\n\t\t\t\t\t<\/div>\n\t\t\t\t<\/div>\n\t\t\t\t<\/div>\n\t\t\t\t<div class=\"elementor-element elementor-element-350a38c1 elementor-widget elementor-widget-spacer\" data-id=\"350a38c1\" data-element_type=\"widget\" data-e-type=\"widget\" data-widget_type=\"spacer.default\">\n\t\t\t\t<div class=\"elementor-widget-container\">\n\t\t\t\t\t\t\t<div class=\"elementor-spacer\">\n\t\t\t<div class=\"elementor-spacer-inner\"><\/div>\n\t\t<\/div>\n\t\t\t\t\t\t<\/div>\n\t\t\t\t<\/div>\n\t\t\t\t\t<\/div>\n\t\t\t\t<\/div>\n\t\t\t\t<\/div>\n\t\t","protected":false},"excerpt":{"rendered":"<p>Akcesoria do pojazd\u00f3w Przemys\u0142 &#8211; Akcesoria samochodowe Akcesoria do pojazd\u00f3w Oferujemy szerok\u0105 gam\u0119 produkt\u00f3w, kt\u00f3re s\u0105 projektowane, produkowane i dostarczane w naszej firmie. Od produkcji wysokiej jako\u015bci profili aluminiowych po wstawianie pr\u00f3bek wiertniczych, monta\u017c i testy funkcjonalne &#8211; oferujemy wszystko z jednego \u017ar\u00f3d\u0142a. Nasza produkcja obejmuje ca\u0142y zakres proces\u00f3w wymaganych do produkcji akcesori\u00f3w samochodowych. K\u0142adziemy [&hellip;]<\/p>\n","protected":false},"author":1,"featured_media":0,"parent":7812,"menu_order":1,"comment_status":"closed","ping_status":"closed","template":"","meta":{"footnotes":""},"class_list":["post-7851","page","type-page","status-publish","hentry"],"yoast_head":"<!-- This site is optimized with the Yoast SEO plugin v27.3 - https:\/\/yoast.com\/product\/yoast-seo-wordpress\/ -->\n<title>Akcesoria do pojazd\u00f3w - HGGS<\/title>\n<meta name=\"robots\" content=\"index, follow, max-snippet:-1, max-image-preview:large, max-video-preview:-1\" \/>\n<link rel=\"canonical\" href=\"https:\/\/hggs.de\/pl\/branze\/akcesoria-do-pojazdow\/\" \/>\n<meta property=\"og:locale\" content=\"pl_PL\" \/>\n<meta property=\"og:type\" content=\"article\" \/>\n<meta property=\"og:title\" content=\"Akcesoria do pojazd\u00f3w - HGGS\" \/>\n<meta property=\"og:description\" content=\"Akcesoria do pojazd\u00f3w Przemys\u0142 &#8211; Akcesoria samochodowe Akcesoria do pojazd\u00f3w Oferujemy szerok\u0105 gam\u0119 produkt\u00f3w, kt\u00f3re s\u0105 projektowane, produkowane i dostarczane w naszej firmie. Od produkcji wysokiej jako\u015bci profili aluminiowych po wstawianie pr\u00f3bek wiertniczych, monta\u017c i testy funkcjonalne &#8211; oferujemy wszystko z jednego \u017ar\u00f3d\u0142a. Nasza produkcja obejmuje ca\u0142y zakres proces\u00f3w wymaganych do produkcji akcesori\u00f3w samochodowych. K\u0142adziemy [&hellip;]\" \/>\n<meta property=\"og:url\" content=\"https:\/\/hggs.de\/pl\/branze\/akcesoria-do-pojazdow\/\" \/>\n<meta property=\"og:site_name\" content=\"HGGS\" \/>\n<meta property=\"article:modified_time\" content=\"2024-07-31T10:17:25+00:00\" \/>\n<meta name=\"twitter:card\" content=\"summary_large_image\" \/>\n<meta name=\"twitter:label1\" content=\"Szacowany czas czytania\" \/>\n\t<meta name=\"twitter:data1\" content=\"1 minuta\" \/>\n<script type=\"application\/ld+json\" class=\"yoast-schema-graph\">{\"@context\":\"https:\\\/\\\/schema.org\",\"@graph\":[{\"@type\":\"WebPage\",\"@id\":\"https:\\\/\\\/hggs.de\\\/pl\\\/branze\\\/akcesoria-do-pojazdow\\\/\",\"url\":\"https:\\\/\\\/hggs.de\\\/pl\\\/branze\\\/akcesoria-do-pojazdow\\\/\",\"name\":\"Akcesoria do pojazd\u00f3w - HGGS\",\"isPartOf\":{\"@id\":\"https:\\\/\\\/hggs.de\\\/pl\\\/#website\"},\"datePublished\":\"2024-04-22T12:56:05+00:00\",\"dateModified\":\"2024-07-31T10:17:25+00:00\",\"breadcrumb\":{\"@id\":\"https:\\\/\\\/hggs.de\\\/pl\\\/branze\\\/akcesoria-do-pojazdow\\\/#breadcrumb\"},\"inLanguage\":\"pl-PL\",\"potentialAction\":[{\"@type\":\"ReadAction\",\"target\":[\"https:\\\/\\\/hggs.de\\\/pl\\\/branze\\\/akcesoria-do-pojazdow\\\/\"]}]},{\"@type\":\"BreadcrumbList\",\"@id\":\"https:\\\/\\\/hggs.de\\\/pl\\\/branze\\\/akcesoria-do-pojazdow\\\/#breadcrumb\",\"itemListElement\":[{\"@type\":\"ListItem\",\"position\":1,\"name\":\"Startseite\",\"item\":\"https:\\\/\\\/hggs.de\\\/pl\\\/\"},{\"@type\":\"ListItem\",\"position\":2,\"name\":\"Bran\u017ce\",\"item\":\"https:\\\/\\\/hggs.de\\\/pl\\\/branze\\\/\"},{\"@type\":\"ListItem\",\"position\":3,\"name\":\"Akcesoria do pojazd\u00f3w\"}]},{\"@type\":\"WebSite\",\"@id\":\"https:\\\/\\\/hggs.de\\\/pl\\\/#website\",\"url\":\"https:\\\/\\\/hggs.de\\\/pl\\\/\",\"name\":\"HGGS\",\"description\":\"\",\"publisher\":{\"@id\":\"https:\\\/\\\/hggs.de\\\/pl\\\/#organization\"},\"potentialAction\":[{\"@type\":\"SearchAction\",\"target\":{\"@type\":\"EntryPoint\",\"urlTemplate\":\"https:\\\/\\\/hggs.de\\\/pl\\\/?s={search_term_string}\"},\"query-input\":{\"@type\":\"PropertyValueSpecification\",\"valueRequired\":true,\"valueName\":\"search_term_string\"}}],\"inLanguage\":\"pl-PL\"},{\"@type\":\"Organization\",\"@id\":\"https:\\\/\\\/hggs.de\\\/pl\\\/#organization\",\"name\":\"HGGS\",\"url\":\"https:\\\/\\\/hggs.de\\\/pl\\\/\",\"logo\":{\"@type\":\"ImageObject\",\"inLanguage\":\"pl-PL\",\"@id\":\"https:\\\/\\\/hggs.de\\\/pl\\\/#\\\/schema\\\/logo\\\/image\\\/\",\"url\":\"https:\\\/\\\/hggs.de\\\/wp-content\\\/uploads\\\/neues-Logo_400px.png\",\"contentUrl\":\"https:\\\/\\\/hggs.de\\\/wp-content\\\/uploads\\\/neues-Logo_400px.png\",\"width\":400,\"height\":223,\"caption\":\"HGGS\"},\"image\":{\"@id\":\"https:\\\/\\\/hggs.de\\\/pl\\\/#\\\/schema\\\/logo\\\/image\\\/\"}}]}<\/script>\n<!-- \/ Yoast SEO plugin. -->","yoast_head_json":{"title":"Akcesoria do pojazd\u00f3w - HGGS","robots":{"index":"index","follow":"follow","max-snippet":"max-snippet:-1","max-image-preview":"max-image-preview:large","max-video-preview":"max-video-preview:-1"},"canonical":"https:\/\/hggs.de\/pl\/branze\/akcesoria-do-pojazdow\/","og_locale":"pl_PL","og_type":"article","og_title":"Akcesoria do pojazd\u00f3w - HGGS","og_description":"Akcesoria do pojazd\u00f3w Przemys\u0142 &#8211; Akcesoria samochodowe Akcesoria do pojazd\u00f3w Oferujemy szerok\u0105 gam\u0119 produkt\u00f3w, kt\u00f3re s\u0105 projektowane, produkowane i dostarczane w naszej firmie. Od produkcji wysokiej jako\u015bci profili aluminiowych po wstawianie pr\u00f3bek wiertniczych, monta\u017c i testy funkcjonalne &#8211; oferujemy wszystko z jednego \u017ar\u00f3d\u0142a. Nasza produkcja obejmuje ca\u0142y zakres proces\u00f3w wymaganych do produkcji akcesori\u00f3w samochodowych. K\u0142adziemy [&hellip;]","og_url":"https:\/\/hggs.de\/pl\/branze\/akcesoria-do-pojazdow\/","og_site_name":"HGGS","article_modified_time":"2024-07-31T10:17:25+00:00","twitter_card":"summary_large_image","twitter_misc":{"Szacowany czas czytania":"1 minuta"},"schema":{"@context":"https:\/\/schema.org","@graph":[{"@type":"WebPage","@id":"https:\/\/hggs.de\/pl\/branze\/akcesoria-do-pojazdow\/","url":"https:\/\/hggs.de\/pl\/branze\/akcesoria-do-pojazdow\/","name":"Akcesoria do pojazd\u00f3w - HGGS","isPartOf":{"@id":"https:\/\/hggs.de\/pl\/#website"},"datePublished":"2024-04-22T12:56:05+00:00","dateModified":"2024-07-31T10:17:25+00:00","breadcrumb":{"@id":"https:\/\/hggs.de\/pl\/branze\/akcesoria-do-pojazdow\/#breadcrumb"},"inLanguage":"pl-PL","potentialAction":[{"@type":"ReadAction","target":["https:\/\/hggs.de\/pl\/branze\/akcesoria-do-pojazdow\/"]}]},{"@type":"BreadcrumbList","@id":"https:\/\/hggs.de\/pl\/branze\/akcesoria-do-pojazdow\/#breadcrumb","itemListElement":[{"@type":"ListItem","position":1,"name":"Startseite","item":"https:\/\/hggs.de\/pl\/"},{"@type":"ListItem","position":2,"name":"Bran\u017ce","item":"https:\/\/hggs.de\/pl\/branze\/"},{"@type":"ListItem","position":3,"name":"Akcesoria do pojazd\u00f3w"}]},{"@type":"WebSite","@id":"https:\/\/hggs.de\/pl\/#website","url":"https:\/\/hggs.de\/pl\/","name":"HGGS","description":"","publisher":{"@id":"https:\/\/hggs.de\/pl\/#organization"},"potentialAction":[{"@type":"SearchAction","target":{"@type":"EntryPoint","urlTemplate":"https:\/\/hggs.de\/pl\/?s={search_term_string}"},"query-input":{"@type":"PropertyValueSpecification","valueRequired":true,"valueName":"search_term_string"}}],"inLanguage":"pl-PL"},{"@type":"Organization","@id":"https:\/\/hggs.de\/pl\/#organization","name":"HGGS","url":"https:\/\/hggs.de\/pl\/","logo":{"@type":"ImageObject","inLanguage":"pl-PL","@id":"https:\/\/hggs.de\/pl\/#\/schema\/logo\/image\/","url":"https:\/\/hggs.de\/wp-content\/uploads\/neues-Logo_400px.png","contentUrl":"https:\/\/hggs.de\/wp-content\/uploads\/neues-Logo_400px.png","width":400,"height":223,"caption":"HGGS"},"image":{"@id":"https:\/\/hggs.de\/pl\/#\/schema\/logo\/image\/"}}]}},"_links":{"self":[{"href":"https:\/\/hggs.de\/pl\/wp-json\/wp\/v2\/pages\/7851","targetHints":{"allow":["GET"]}}],"collection":[{"href":"https:\/\/hggs.de\/pl\/wp-json\/wp\/v2\/pages"}],"about":[{"href":"https:\/\/hggs.de\/pl\/wp-json\/wp\/v2\/types\/page"}],"author":[{"embeddable":true,"href":"https:\/\/hggs.de\/pl\/wp-json\/wp\/v2\/users\/1"}],"replies":[{"embeddable":true,"href":"https:\/\/hggs.de\/pl\/wp-json\/wp\/v2\/comments?post=7851"}],"version-history":[{"count":3,"href":"https:\/\/hggs.de\/pl\/wp-json\/wp\/v2\/pages\/7851\/revisions"}],"predecessor-version":[{"id":9819,"href":"https:\/\/hggs.de\/pl\/wp-json\/wp\/v2\/pages\/7851\/revisions\/9819"}],"up":[{"embeddable":true,"href":"https:\/\/hggs.de\/pl\/wp-json\/wp\/v2\/pages\/7812"}],"wp:attachment":[{"href":"https:\/\/hggs.de\/pl\/wp-json\/wp\/v2\/media?parent=7851"}],"curies":[{"name":"wp","href":"https:\/\/api.w.org\/{rel}","templated":true}]}}