{"id":7835,"date":"2024-04-22T14:49:24","date_gmt":"2024-04-22T12:49:24","guid":{"rendered":"https:\/\/2024.hggs.de\/branze\/motoryzacja\/"},"modified":"2024-07-31T12:19:09","modified_gmt":"2024-07-31T10:19:09","slug":"motoryzacja","status":"publish","type":"page","link":"https:\/\/hggs.de\/pl\/branze\/motoryzacja\/","title":{"rendered":"Motoryzacja"},"content":{"rendered":"\t\t<div data-elementor-type=\"wp-page\" data-elementor-id=\"7835\" class=\"elementor elementor-7835 elementor-3558\" data-elementor-post-type=\"page\">\n\t\t\t\t<div data-particle_enable=\"false\" data-particle-mobile-disabled=\"false\" class=\"elementor-element elementor-element-2227b42 e-flex e-con-boxed e-con e-parent\" data-id=\"2227b42\" data-element_type=\"container\" data-e-type=\"container\" data-settings=\"{&quot;background_background&quot;:&quot;classic&quot;}\">\n\t\t\t\t\t<div class=\"e-con-inner\">\n\t\t<div data-particle_enable=\"false\" data-particle-mobile-disabled=\"false\" class=\"elementor-element elementor-element-7c429b0 e-con-full e-flex e-con e-child\" data-id=\"7c429b0\" data-element_type=\"container\" data-e-type=\"container\">\n\t\t\t\t<div class=\"elementor-element elementor-element-b0e2bfd elementor-widget__width-initial topimg-overlay elementor-widget elementor-widget-heading\" data-id=\"b0e2bfd\" data-element_type=\"widget\" data-e-type=\"widget\" data-widget_type=\"heading.default\">\n\t\t\t\t<div class=\"elementor-widget-container\">\n\t\t\t\t\t<h2 class=\"elementor-heading-title elementor-size-default\">Motoryzacja<\/h2>\t\t\t\t<\/div>\n\t\t\t\t<\/div>\n\t\t\t\t<div class=\"elementor-element elementor-element-3fe1d7b elementor-widget elementor-widget-text-editor\" data-id=\"3fe1d7b\" data-element_type=\"widget\" data-e-type=\"widget\" data-widget_type=\"text-editor.default\">\n\t\t\t\t<div class=\"elementor-widget-container\">\n\t\t\t\t\t\t\t\t\t<p>Przemys\u0142 &#8211; motoryzacja<\/p>\n\t\t\t\t\t\t\t\t<\/div>\n\t\t\t\t<\/div>\n\t\t\t\t<\/div>\n\t\t\t\t\t<\/div>\n\t\t\t\t<\/div>\n\t\t<div data-particle_enable=\"false\" data-particle-mobile-disabled=\"false\" class=\"elementor-element elementor-element-2d8f609 e-flex e-con-boxed e-con e-parent\" data-id=\"2d8f609\" data-element_type=\"container\" data-e-type=\"container\" data-settings=\"{&quot;background_background&quot;:&quot;classic&quot;}\">\n\t\t\t\t\t<div class=\"e-con-inner\">\n\t\t<div data-particle_enable=\"false\" data-particle-mobile-disabled=\"false\" class=\"elementor-element elementor-element-6a1f61b e-con-full e-flex e-con e-child\" data-id=\"6a1f61b\" data-element_type=\"container\" data-e-type=\"container\" data-settings=\"{&quot;background_background&quot;:&quot;classic&quot;}\">\n\t\t\t\t<div class=\"elementor-element elementor-element-fa27676 elementor-widget elementor-widget-heading\" data-id=\"fa27676\" data-element_type=\"widget\" data-e-type=\"widget\" data-widget_type=\"heading.default\">\n\t\t\t\t<div class=\"elementor-widget-container\">\n\t\t\t\t\t<h1 class=\"elementor-heading-title elementor-size-default\">Motoryzacja<\/h1>\t\t\t\t<\/div>\n\t\t\t\t<\/div>\n\t\t\t\t<div class=\"elementor-element elementor-element-e882741 elementor-widget elementor-widget-text-editor\" data-id=\"e882741\" data-element_type=\"widget\" data-e-type=\"widget\" data-widget_type=\"text-editor.default\">\n\t\t\t\t<div class=\"elementor-widget-container\">\n\t\t\t\t\t\t\t\t\t<p>W bran\u017cy motoryzacyjnej nasza firma jest niezawodnym partnerem z bogatym do\u015bwiadczeniem w zakresie proces\u00f3w wymaganych dla pr\u00f3bek wst\u0119pnych, audyt\u00f3w i obowi\u0105zuj\u0105cych norm. Rozumiemy wymagania tej wymagaj\u0105cej bran\u017cy i specjalizujemy si\u0119 w wytwarzaniu wysokiej jako\u015bci produkt\u00f3w spe\u0142niaj\u0105cych najwy\u017csze standardy.<\/p>\n<p>Precyzyjnie przestrzegaj\u0105c wszystkich tolerancji produkcyjnych, zapewniamy, \u017ce nasze produkty s\u0105 idealnie dopasowane i dzia\u0142aj\u0105 bez zarzutu. Posiadamy r\u00f3wnie\u017c zaawansowany system zarz\u0105dzania jako\u015bci\u0105, kt\u00f3ry zapewnia, \u017ce ka\u017cdy etap procesu produkcyjnego jest \u015bci\u015ble monitorowany i kontrolowany.<\/p>\n<p>Decyduj\u0105c\u0105 zalet\u0105, kt\u00f3r\u0105 oferujemy naszym klientom, jest nasza elastyczno\u015b\u0107 w zakresie ma\u0142ych i \u015brednich serii. Zw\u0142aszcza na rynku wt\u00f3rnym i w produkcji cz\u0119\u015bci dodatkowych jeste\u015bmy w stanie zaoferowa\u0107 niestandardowe rozwi\u0105zania, kt\u00f3re spe\u0142niaj\u0105 indywidualne wymagania naszych klient\u00f3w. Ta elastyczno\u015b\u0107 pozwala nam szybko reagowa\u0107 na potrzeby klient\u00f3w i dostarcza\u0107 wysokiej jako\u015bci produkty w ma\u0142ych i \u015brednich ilo\u015bciach bez uszczerbku dla jako\u015bci.<\/p>\t\t\t\t\t\t\t\t<\/div>\n\t\t\t\t<\/div>\n\t\t\t\t<\/div>\n\t\t\t\t\t<\/div>\n\t\t\t\t<\/div>\n\t\t<div data-particle_enable=\"false\" data-particle-mobile-disabled=\"false\" class=\"elementor-element elementor-element-2bcc44e7 e-flex e-con-boxed e-con e-parent\" data-id=\"2bcc44e7\" data-element_type=\"container\" data-e-type=\"container\" data-settings=\"{&quot;background_background&quot;:&quot;classic&quot;}\">\n\t\t\t\t\t<div class=\"e-con-inner\">\n\t\t<div data-particle_enable=\"false\" data-particle-mobile-disabled=\"false\" class=\"elementor-element elementor-element-36c26fad e-con-full e-flex e-con e-child\" data-id=\"36c26fad\" data-element_type=\"container\" data-e-type=\"container\" data-settings=\"{&quot;background_background&quot;:&quot;classic&quot;}\">\n\t\t\t\t<div class=\"elementor-element elementor-element-60587c1d elementor-widget elementor-widget-heading\" data-id=\"60587c1d\" data-element_type=\"widget\" data-e-type=\"widget\" data-widget_type=\"heading.default\">\n\t\t\t\t<div class=\"elementor-widget-container\">\n\t\t\t\t\t<h2 class=\"elementor-heading-title elementor-size-default\">Wra\u017cenia<\/h2>\t\t\t\t<\/div>\n\t\t\t\t<\/div>\n\t\t\t\t<div class=\"elementor-element elementor-element-6c68d56c elementor-widget elementor-widget-gallery\" data-id=\"6c68d56c\" data-element_type=\"widget\" data-e-type=\"widget\" data-settings=\"{&quot;gap&quot;:{&quot;unit&quot;:&quot;px&quot;,&quot;size&quot;:60,&quot;sizes&quot;:[]},&quot;columns_mobile&quot;:2,&quot;columns_tablet&quot;:3,&quot;lazyload&quot;:&quot;yes&quot;,&quot;gallery_layout&quot;:&quot;grid&quot;,&quot;columns&quot;:4,&quot;gap_tablet&quot;:{&quot;unit&quot;:&quot;px&quot;,&quot;size&quot;:10,&quot;sizes&quot;:[]},&quot;gap_mobile&quot;:{&quot;unit&quot;:&quot;px&quot;,&quot;size&quot;:10,&quot;sizes&quot;:[]},&quot;link_to&quot;:&quot;file&quot;,&quot;aspect_ratio&quot;:&quot;3:2&quot;,&quot;overlay_background&quot;:&quot;yes&quot;,&quot;content_hover_animation&quot;:&quot;fade-in&quot;}\" data-widget_type=\"gallery.default\">\n\t\t\t\t<div class=\"elementor-widget-container\">\n\t\t\t\t\t\t\t<div class=\"elementor-gallery__container\">\n\t\t\t\t\t\t\t<a class=\"e-gallery-item elementor-gallery-item elementor-animated-content\" href=\"https:\/\/hggs.de\/wp-content\/uploads\/C5A77952_web.jpg\" data-elementor-open-lightbox=\"yes\" data-elementor-lightbox-slideshow=\"6c68d56c\" data-elementor-lightbox-title=\"_C5A77952_web\" data-elementor-lightbox-description=\"_C5A77952_web\" data-e-action-hash=\"#elementor-action%3Aaction%3Dlightbox%26settings%3DeyJpZCI6OTgwMywidXJsIjoiaHR0cHM6XC9cL2hnZ3MuZGVcL3dwLWNvbnRlbnRcL3VwbG9hZHNcL0M1QTc3OTUyX3dlYi5qcGciLCJzbGlkZXNob3ciOiI2YzY4ZDU2YyJ9\">\n\t\t\t\t\t<div class=\"e-gallery-image elementor-gallery-item__image\" data-thumbnail=\"https:\/\/hggs.de\/wp-content\/uploads\/C5A77952_web.jpg\" data-width=\"1500\" data-height=\"1000\" aria-label=\"\" role=\"img\" ><\/div>\n\t\t\t\t\t\t\t\t\t\t\t<div class=\"elementor-gallery-item__overlay\"><\/div>\n\t\t\t\t\t\t\t\t\t\t\t\t\t\t<\/a>\n\t\t\t\t\t\t\t<a class=\"e-gallery-item elementor-gallery-item elementor-animated-content\" href=\"https:\/\/hggs.de\/wp-content\/uploads\/C5A68682_web.jpg\" data-elementor-open-lightbox=\"yes\" data-elementor-lightbox-slideshow=\"6c68d56c\" data-elementor-lightbox-title=\"C5A68682_web\" data-elementor-lightbox-description=\"C5A68682_web\" data-e-action-hash=\"#elementor-action%3Aaction%3Dlightbox%26settings%3DeyJpZCI6OTgwNywidXJsIjoiaHR0cHM6XC9cL2hnZ3MuZGVcL3dwLWNvbnRlbnRcL3VwbG9hZHNcL0M1QTY4NjgyX3dlYi5qcGciLCJzbGlkZXNob3ciOiI2YzY4ZDU2YyJ9\">\n\t\t\t\t\t<div class=\"e-gallery-image elementor-gallery-item__image\" data-thumbnail=\"https:\/\/hggs.de\/wp-content\/uploads\/C5A68682_web.jpg\" data-width=\"1500\" data-height=\"1000\" aria-label=\"\" role=\"img\" ><\/div>\n\t\t\t\t\t\t\t\t\t\t\t<div class=\"elementor-gallery-item__overlay\"><\/div>\n\t\t\t\t\t\t\t\t\t\t\t\t\t\t<\/a>\n\t\t\t\t\t<\/div>\n\t\t\t\t\t<\/div>\n\t\t\t\t<\/div>\n\t\t\t\t<\/div>\n\t\t\t\t<div class=\"elementor-element elementor-element-119dca5a elementor-widget elementor-widget-spacer\" data-id=\"119dca5a\" data-element_type=\"widget\" data-e-type=\"widget\" data-widget_type=\"spacer.default\">\n\t\t\t\t<div class=\"elementor-widget-container\">\n\t\t\t\t\t\t\t<div class=\"elementor-spacer\">\n\t\t\t<div class=\"elementor-spacer-inner\"><\/div>\n\t\t<\/div>\n\t\t\t\t\t\t<\/div>\n\t\t\t\t<\/div>\n\t\t\t\t\t<\/div>\n\t\t\t\t<\/div>\n\t\t\t\t<\/div>\n\t\t","protected":false},"excerpt":{"rendered":"<p>Motoryzacja Przemys\u0142 &#8211; motoryzacja Motoryzacja W bran\u017cy motoryzacyjnej nasza firma jest niezawodnym partnerem z bogatym do\u015bwiadczeniem w zakresie proces\u00f3w wymaganych dla pr\u00f3bek wst\u0119pnych, audyt\u00f3w i obowi\u0105zuj\u0105cych norm. Rozumiemy wymagania tej wymagaj\u0105cej bran\u017cy i specjalizujemy si\u0119 w wytwarzaniu wysokiej jako\u015bci produkt\u00f3w spe\u0142niaj\u0105cych najwy\u017csze standardy. Precyzyjnie przestrzegaj\u0105c wszystkich tolerancji produkcyjnych, zapewniamy, \u017ce nasze produkty s\u0105 idealnie dopasowane [&hellip;]<\/p>\n","protected":false},"author":1,"featured_media":0,"parent":7812,"menu_order":1,"comment_status":"closed","ping_status":"closed","template":"","meta":{"footnotes":""},"class_list":["post-7835","page","type-page","status-publish","hentry"],"yoast_head":"<!-- This site is optimized with the Yoast SEO plugin v27.3 - https:\/\/yoast.com\/product\/yoast-seo-wordpress\/ -->\n<title>Motoryzacja - HGGS<\/title>\n<meta name=\"robots\" content=\"index, follow, max-snippet:-1, max-image-preview:large, max-video-preview:-1\" \/>\n<link rel=\"canonical\" href=\"https:\/\/hggs.de\/pl\/branze\/motoryzacja\/\" \/>\n<meta property=\"og:locale\" content=\"pl_PL\" \/>\n<meta property=\"og:type\" content=\"article\" \/>\n<meta property=\"og:title\" content=\"Motoryzacja - HGGS\" \/>\n<meta property=\"og:description\" content=\"Motoryzacja Przemys\u0142 &#8211; motoryzacja Motoryzacja W bran\u017cy motoryzacyjnej nasza firma jest niezawodnym partnerem z bogatym do\u015bwiadczeniem w zakresie proces\u00f3w wymaganych dla pr\u00f3bek wst\u0119pnych, audyt\u00f3w i obowi\u0105zuj\u0105cych norm. Rozumiemy wymagania tej wymagaj\u0105cej bran\u017cy i specjalizujemy si\u0119 w wytwarzaniu wysokiej jako\u015bci produkt\u00f3w spe\u0142niaj\u0105cych najwy\u017csze standardy. Precyzyjnie przestrzegaj\u0105c wszystkich tolerancji produkcyjnych, zapewniamy, \u017ce nasze produkty s\u0105 idealnie dopasowane [&hellip;]\" \/>\n<meta property=\"og:url\" content=\"https:\/\/hggs.de\/pl\/branze\/motoryzacja\/\" \/>\n<meta property=\"og:site_name\" content=\"HGGS\" \/>\n<meta property=\"article:modified_time\" content=\"2024-07-31T10:19:09+00:00\" \/>\n<meta name=\"twitter:card\" content=\"summary_large_image\" \/>\n<meta name=\"twitter:label1\" content=\"Szacowany czas czytania\" \/>\n\t<meta name=\"twitter:data1\" content=\"1 minuta\" \/>\n<script type=\"application\/ld+json\" class=\"yoast-schema-graph\">{\"@context\":\"https:\\\/\\\/schema.org\",\"@graph\":[{\"@type\":\"WebPage\",\"@id\":\"https:\\\/\\\/hggs.de\\\/pl\\\/branze\\\/motoryzacja\\\/\",\"url\":\"https:\\\/\\\/hggs.de\\\/pl\\\/branze\\\/motoryzacja\\\/\",\"name\":\"Motoryzacja - HGGS\",\"isPartOf\":{\"@id\":\"https:\\\/\\\/hggs.de\\\/pl\\\/#website\"},\"datePublished\":\"2024-04-22T12:49:24+00:00\",\"dateModified\":\"2024-07-31T10:19:09+00:00\",\"breadcrumb\":{\"@id\":\"https:\\\/\\\/hggs.de\\\/pl\\\/branze\\\/motoryzacja\\\/#breadcrumb\"},\"inLanguage\":\"pl-PL\",\"potentialAction\":[{\"@type\":\"ReadAction\",\"target\":[\"https:\\\/\\\/hggs.de\\\/pl\\\/branze\\\/motoryzacja\\\/\"]}]},{\"@type\":\"BreadcrumbList\",\"@id\":\"https:\\\/\\\/hggs.de\\\/pl\\\/branze\\\/motoryzacja\\\/#breadcrumb\",\"itemListElement\":[{\"@type\":\"ListItem\",\"position\":1,\"name\":\"Startseite\",\"item\":\"https:\\\/\\\/hggs.de\\\/pl\\\/\"},{\"@type\":\"ListItem\",\"position\":2,\"name\":\"Bran\u017ce\",\"item\":\"https:\\\/\\\/hggs.de\\\/pl\\\/branze\\\/\"},{\"@type\":\"ListItem\",\"position\":3,\"name\":\"Motoryzacja\"}]},{\"@type\":\"WebSite\",\"@id\":\"https:\\\/\\\/hggs.de\\\/pl\\\/#website\",\"url\":\"https:\\\/\\\/hggs.de\\\/pl\\\/\",\"name\":\"HGGS\",\"description\":\"\",\"publisher\":{\"@id\":\"https:\\\/\\\/hggs.de\\\/pl\\\/#organization\"},\"potentialAction\":[{\"@type\":\"SearchAction\",\"target\":{\"@type\":\"EntryPoint\",\"urlTemplate\":\"https:\\\/\\\/hggs.de\\\/pl\\\/?s={search_term_string}\"},\"query-input\":{\"@type\":\"PropertyValueSpecification\",\"valueRequired\":true,\"valueName\":\"search_term_string\"}}],\"inLanguage\":\"pl-PL\"},{\"@type\":\"Organization\",\"@id\":\"https:\\\/\\\/hggs.de\\\/pl\\\/#organization\",\"name\":\"HGGS\",\"url\":\"https:\\\/\\\/hggs.de\\\/pl\\\/\",\"logo\":{\"@type\":\"ImageObject\",\"inLanguage\":\"pl-PL\",\"@id\":\"https:\\\/\\\/hggs.de\\\/pl\\\/#\\\/schema\\\/logo\\\/image\\\/\",\"url\":\"https:\\\/\\\/hggs.de\\\/wp-content\\\/uploads\\\/neues-Logo_400px.png\",\"contentUrl\":\"https:\\\/\\\/hggs.de\\\/wp-content\\\/uploads\\\/neues-Logo_400px.png\",\"width\":400,\"height\":223,\"caption\":\"HGGS\"},\"image\":{\"@id\":\"https:\\\/\\\/hggs.de\\\/pl\\\/#\\\/schema\\\/logo\\\/image\\\/\"}}]}<\/script>\n<!-- \/ Yoast SEO plugin. -->","yoast_head_json":{"title":"Motoryzacja - HGGS","robots":{"index":"index","follow":"follow","max-snippet":"max-snippet:-1","max-image-preview":"max-image-preview:large","max-video-preview":"max-video-preview:-1"},"canonical":"https:\/\/hggs.de\/pl\/branze\/motoryzacja\/","og_locale":"pl_PL","og_type":"article","og_title":"Motoryzacja - HGGS","og_description":"Motoryzacja Przemys\u0142 &#8211; motoryzacja Motoryzacja W bran\u017cy motoryzacyjnej nasza firma jest niezawodnym partnerem z bogatym do\u015bwiadczeniem w zakresie proces\u00f3w wymaganych dla pr\u00f3bek wst\u0119pnych, audyt\u00f3w i obowi\u0105zuj\u0105cych norm. Rozumiemy wymagania tej wymagaj\u0105cej bran\u017cy i specjalizujemy si\u0119 w wytwarzaniu wysokiej jako\u015bci produkt\u00f3w spe\u0142niaj\u0105cych najwy\u017csze standardy. Precyzyjnie przestrzegaj\u0105c wszystkich tolerancji produkcyjnych, zapewniamy, \u017ce nasze produkty s\u0105 idealnie dopasowane [&hellip;]","og_url":"https:\/\/hggs.de\/pl\/branze\/motoryzacja\/","og_site_name":"HGGS","article_modified_time":"2024-07-31T10:19:09+00:00","twitter_card":"summary_large_image","twitter_misc":{"Szacowany czas czytania":"1 minuta"},"schema":{"@context":"https:\/\/schema.org","@graph":[{"@type":"WebPage","@id":"https:\/\/hggs.de\/pl\/branze\/motoryzacja\/","url":"https:\/\/hggs.de\/pl\/branze\/motoryzacja\/","name":"Motoryzacja - HGGS","isPartOf":{"@id":"https:\/\/hggs.de\/pl\/#website"},"datePublished":"2024-04-22T12:49:24+00:00","dateModified":"2024-07-31T10:19:09+00:00","breadcrumb":{"@id":"https:\/\/hggs.de\/pl\/branze\/motoryzacja\/#breadcrumb"},"inLanguage":"pl-PL","potentialAction":[{"@type":"ReadAction","target":["https:\/\/hggs.de\/pl\/branze\/motoryzacja\/"]}]},{"@type":"BreadcrumbList","@id":"https:\/\/hggs.de\/pl\/branze\/motoryzacja\/#breadcrumb","itemListElement":[{"@type":"ListItem","position":1,"name":"Startseite","item":"https:\/\/hggs.de\/pl\/"},{"@type":"ListItem","position":2,"name":"Bran\u017ce","item":"https:\/\/hggs.de\/pl\/branze\/"},{"@type":"ListItem","position":3,"name":"Motoryzacja"}]},{"@type":"WebSite","@id":"https:\/\/hggs.de\/pl\/#website","url":"https:\/\/hggs.de\/pl\/","name":"HGGS","description":"","publisher":{"@id":"https:\/\/hggs.de\/pl\/#organization"},"potentialAction":[{"@type":"SearchAction","target":{"@type":"EntryPoint","urlTemplate":"https:\/\/hggs.de\/pl\/?s={search_term_string}"},"query-input":{"@type":"PropertyValueSpecification","valueRequired":true,"valueName":"search_term_string"}}],"inLanguage":"pl-PL"},{"@type":"Organization","@id":"https:\/\/hggs.de\/pl\/#organization","name":"HGGS","url":"https:\/\/hggs.de\/pl\/","logo":{"@type":"ImageObject","inLanguage":"pl-PL","@id":"https:\/\/hggs.de\/pl\/#\/schema\/logo\/image\/","url":"https:\/\/hggs.de\/wp-content\/uploads\/neues-Logo_400px.png","contentUrl":"https:\/\/hggs.de\/wp-content\/uploads\/neues-Logo_400px.png","width":400,"height":223,"caption":"HGGS"},"image":{"@id":"https:\/\/hggs.de\/pl\/#\/schema\/logo\/image\/"}}]}},"_links":{"self":[{"href":"https:\/\/hggs.de\/pl\/wp-json\/wp\/v2\/pages\/7835","targetHints":{"allow":["GET"]}}],"collection":[{"href":"https:\/\/hggs.de\/pl\/wp-json\/wp\/v2\/pages"}],"about":[{"href":"https:\/\/hggs.de\/pl\/wp-json\/wp\/v2\/types\/page"}],"author":[{"embeddable":true,"href":"https:\/\/hggs.de\/pl\/wp-json\/wp\/v2\/users\/1"}],"replies":[{"embeddable":true,"href":"https:\/\/hggs.de\/pl\/wp-json\/wp\/v2\/comments?post=7835"}],"version-history":[{"count":11,"href":"https:\/\/hggs.de\/pl\/wp-json\/wp\/v2\/pages\/7835\/revisions"}],"predecessor-version":[{"id":9823,"href":"https:\/\/hggs.de\/pl\/wp-json\/wp\/v2\/pages\/7835\/revisions\/9823"}],"up":[{"embeddable":true,"href":"https:\/\/hggs.de\/pl\/wp-json\/wp\/v2\/pages\/7812"}],"wp:attachment":[{"href":"https:\/\/hggs.de\/pl\/wp-json\/wp\/v2\/media?parent=7835"}],"curies":[{"name":"wp","href":"https:\/\/api.w.org\/{rel}","templated":true}]}}