{"id":7813,"date":"2024-04-22T14:58:55","date_gmt":"2024-04-22T12:58:55","guid":{"rendered":"https:\/\/2024.hggs.de\/maszyny-rolnicze-i-budowlane\/"},"modified":"2024-07-25T09:12:50","modified_gmt":"2024-07-25T07:12:50","slug":"maszyny-rolnicze-i-budowlane","status":"publish","type":"page","link":"https:\/\/hggs.de\/pl\/branze\/maszyny-rolnicze-i-budowlane\/","title":{"rendered":"Maszyny rolnicze i budowlane"},"content":{"rendered":"\t\t<div data-elementor-type=\"wp-page\" data-elementor-id=\"7813\" class=\"elementor elementor-7813 elementor-3582\" data-elementor-post-type=\"page\">\n\t\t\t\t<div data-particle_enable=\"false\" data-particle-mobile-disabled=\"false\" class=\"elementor-element elementor-element-2227b42 e-flex e-con-boxed e-con e-parent\" data-id=\"2227b42\" data-element_type=\"container\" data-e-type=\"container\" data-settings=\"{&quot;background_background&quot;:&quot;classic&quot;}\">\n\t\t\t\t\t<div class=\"e-con-inner\">\n\t\t<div data-particle_enable=\"false\" data-particle-mobile-disabled=\"false\" class=\"elementor-element elementor-element-7c429b0 e-con-full e-flex e-con e-child\" data-id=\"7c429b0\" data-element_type=\"container\" data-e-type=\"container\">\n\t\t\t\t<div class=\"elementor-element elementor-element-b0e2bfd elementor-widget__width-initial topimg-overlay elementor-widget elementor-widget-heading\" data-id=\"b0e2bfd\" data-element_type=\"widget\" data-e-type=\"widget\" data-widget_type=\"heading.default\">\n\t\t\t\t<div class=\"elementor-widget-container\">\n\t\t\t\t\t<h2 class=\"elementor-heading-title elementor-size-default\"><br>Maszyny rolnicze i maszyny budowlane<\/h2>\t\t\t\t<\/div>\n\t\t\t\t<\/div>\n\t\t\t\t<div class=\"elementor-element elementor-element-3fe1d7b elementor-widget elementor-widget-text-editor\" data-id=\"3fe1d7b\" data-element_type=\"widget\" data-e-type=\"widget\" data-widget_type=\"text-editor.default\">\n\t\t\t\t<div class=\"elementor-widget-container\">\n\t\t\t\t\t\t\t\t\t<p>Sektor &#8211; Maszyny rolnicze i budowlane<\/p>\n\t\t\t\t\t\t\t\t<\/div>\n\t\t\t\t<\/div>\n\t\t\t\t<\/div>\n\t\t\t\t\t<\/div>\n\t\t\t\t<\/div>\n\t\t<div data-particle_enable=\"false\" data-particle-mobile-disabled=\"false\" class=\"elementor-element elementor-element-2d8f609 e-flex e-con-boxed e-con e-parent\" data-id=\"2d8f609\" data-element_type=\"container\" data-e-type=\"container\" data-settings=\"{&quot;background_background&quot;:&quot;classic&quot;}\">\n\t\t\t\t\t<div class=\"e-con-inner\">\n\t\t<div data-particle_enable=\"false\" data-particle-mobile-disabled=\"false\" class=\"elementor-element elementor-element-6a1f61b e-con-full e-flex e-con e-child\" data-id=\"6a1f61b\" data-element_type=\"container\" data-e-type=\"container\" data-settings=\"{&quot;background_background&quot;:&quot;classic&quot;}\">\n\t\t\t\t<div class=\"elementor-element elementor-element-fa27676 elementor-widget elementor-widget-heading\" data-id=\"fa27676\" data-element_type=\"widget\" data-e-type=\"widget\" data-widget_type=\"heading.default\">\n\t\t\t\t<div class=\"elementor-widget-container\">\n\t\t\t\t\t<h1 class=\"elementor-heading-title elementor-size-default\">Maszyny rolnicze i budowlane<\/h1>\t\t\t\t<\/div>\n\t\t\t\t<\/div>\n\t\t\t\t<div class=\"elementor-element elementor-element-e882741 elementor-widget elementor-widget-text-editor\" data-id=\"e882741\" data-element_type=\"widget\" data-e-type=\"widget\" data-widget_type=\"text-editor.default\">\n\t\t\t\t<div class=\"elementor-widget-container\">\n\t\t\t\t\t\t\t\t\t<p>Maszyny budowlane i rolnicze musz\u0105 wytrzymywa\u0107 najtrudniejsze warunki pracy: Py\u0142 i brud, a tak\u017ce wysokie obci\u0105\u017cenia mechaniczne to tylko niekt\u00f3re z nich. U\u017cytkownicy musz\u0105 by\u0107 w stanie polega\u0107 na niezawodno\u015bci komponent\u00f3w ka\u017cdego dnia. Wymagania s\u0105 szczeg\u00f3lnie wysokie w sektorze maszyn rolniczych i budowlanych. Sztywna konstrukcja i wysoka trwa\u0142o\u015b\u0107 s\u0105 niezb\u0119dne, aby sprosta\u0107 napr\u0119\u017ceniom i obci\u0105\u017ceniom zwi\u0105zanym z u\u017cytkowaniem. Jednocze\u015bnie produkcja musi pozosta\u0107 op\u0142acalna.<\/p>\n<p><span style=\"font-family: var( --e-global-typography-e15823d-font-family ), Sans-serif; font-size: var( --e-global-typography-e15823d-font-size ); font-weight: var( --e-global-typography-e15823d-font-weight ); letter-spacing: var( --e-global-typography-e15823d-letter-spacing ); word-spacing: var( --e-global-typography-e15823d-word-spacing ); text-align: var(--text-align);\">Aby spe\u0142ni\u0107 wymagania, polegamy na wykorzystaniu wysokiej jako\u015bci komponent\u00f3w blaszanych i zespo\u0142\u00f3w spawanych. Komponenty te zapewniaj\u0105 solidn\u0105 konstrukcj\u0119, a jednocze\u015bnie umo\u017cliwiaj\u0105 ekonomiczn\u0105 produkcj\u0119. Dzi\u0119ki precyzyjnemu spawaniu i starannemu projektowaniu zapewniamy, \u017ce nasze komponenty i podzespo\u0142y s\u0105 w stanie wytrzyma\u0107 wymagaj\u0105ce warunki u\u017cytkowania oraz gwarantuj\u0105 bezpiecze\u0144stwo i wydajno\u015b\u0107 maszyn rolniczych i budowlanych.<\/span><\/p>\t\t\t\t\t\t\t\t<\/div>\n\t\t\t\t<\/div>\n\t\t\t\t<\/div>\n\t\t\t\t\t<\/div>\n\t\t\t\t<\/div>\n\t\t\t\t<\/div>\n\t\t","protected":false},"excerpt":{"rendered":"<p>Maszyny rolnicze i maszyny budowlane Sektor &#8211; Maszyny rolnicze i budowlane Maszyny rolnicze i budowlane Maszyny budowlane i rolnicze musz\u0105 wytrzymywa\u0107 najtrudniejsze warunki pracy: Py\u0142 i brud, a tak\u017ce wysokie obci\u0105\u017cenia mechaniczne to tylko niekt\u00f3re z nich. U\u017cytkownicy musz\u0105 by\u0107 w stanie polega\u0107 na niezawodno\u015bci komponent\u00f3w ka\u017cdego dnia. Wymagania s\u0105 szczeg\u00f3lnie wysokie w sektorze maszyn [&hellip;]<\/p>\n","protected":false},"author":1,"featured_media":0,"parent":7812,"menu_order":1,"comment_status":"closed","ping_status":"closed","template":"","meta":{"footnotes":""},"class_list":["post-7813","page","type-page","status-publish","hentry"],"yoast_head":"<!-- This site is optimized with the Yoast SEO plugin v27.3 - https:\/\/yoast.com\/product\/yoast-seo-wordpress\/ -->\n<title>Maszyny rolnicze i budowlane - HGGS<\/title>\n<meta name=\"robots\" content=\"index, follow, max-snippet:-1, max-image-preview:large, max-video-preview:-1\" \/>\n<link rel=\"canonical\" href=\"https:\/\/hggs.de\/pl\/branze\/maszyny-rolnicze-i-budowlane\/\" \/>\n<meta property=\"og:locale\" content=\"pl_PL\" \/>\n<meta property=\"og:type\" content=\"article\" \/>\n<meta property=\"og:title\" content=\"Maszyny rolnicze i budowlane - HGGS\" \/>\n<meta property=\"og:description\" content=\"Maszyny rolnicze i maszyny budowlane Sektor &#8211; Maszyny rolnicze i budowlane Maszyny rolnicze i budowlane Maszyny budowlane i rolnicze musz\u0105 wytrzymywa\u0107 najtrudniejsze warunki pracy: Py\u0142 i brud, a tak\u017ce wysokie obci\u0105\u017cenia mechaniczne to tylko niekt\u00f3re z nich. U\u017cytkownicy musz\u0105 by\u0107 w stanie polega\u0107 na niezawodno\u015bci komponent\u00f3w ka\u017cdego dnia. Wymagania s\u0105 szczeg\u00f3lnie wysokie w sektorze maszyn [&hellip;]\" \/>\n<meta property=\"og:url\" content=\"https:\/\/hggs.de\/pl\/branze\/maszyny-rolnicze-i-budowlane\/\" \/>\n<meta property=\"og:site_name\" content=\"HGGS\" \/>\n<meta property=\"article:modified_time\" content=\"2024-07-25T07:12:50+00:00\" \/>\n<meta name=\"twitter:card\" content=\"summary_large_image\" \/>\n<meta name=\"twitter:label1\" content=\"Szacowany czas czytania\" \/>\n\t<meta name=\"twitter:data1\" content=\"1 minuta\" \/>\n<script type=\"application\/ld+json\" class=\"yoast-schema-graph\">{\"@context\":\"https:\\\/\\\/schema.org\",\"@graph\":[{\"@type\":\"WebPage\",\"@id\":\"https:\\\/\\\/hggs.de\\\/pl\\\/branze\\\/maszyny-rolnicze-i-budowlane\\\/\",\"url\":\"https:\\\/\\\/hggs.de\\\/pl\\\/branze\\\/maszyny-rolnicze-i-budowlane\\\/\",\"name\":\"Maszyny rolnicze i budowlane - HGGS\",\"isPartOf\":{\"@id\":\"https:\\\/\\\/hggs.de\\\/pl\\\/#website\"},\"datePublished\":\"2024-04-22T12:58:55+00:00\",\"dateModified\":\"2024-07-25T07:12:50+00:00\",\"breadcrumb\":{\"@id\":\"https:\\\/\\\/hggs.de\\\/pl\\\/branze\\\/maszyny-rolnicze-i-budowlane\\\/#breadcrumb\"},\"inLanguage\":\"pl-PL\",\"potentialAction\":[{\"@type\":\"ReadAction\",\"target\":[\"https:\\\/\\\/hggs.de\\\/pl\\\/branze\\\/maszyny-rolnicze-i-budowlane\\\/\"]}]},{\"@type\":\"BreadcrumbList\",\"@id\":\"https:\\\/\\\/hggs.de\\\/pl\\\/branze\\\/maszyny-rolnicze-i-budowlane\\\/#breadcrumb\",\"itemListElement\":[{\"@type\":\"ListItem\",\"position\":1,\"name\":\"Startseite\",\"item\":\"https:\\\/\\\/hggs.de\\\/pl\\\/\"},{\"@type\":\"ListItem\",\"position\":2,\"name\":\"Bran\u017ce\",\"item\":\"https:\\\/\\\/hggs.de\\\/pl\\\/branze\\\/\"},{\"@type\":\"ListItem\",\"position\":3,\"name\":\"Maszyny rolnicze i budowlane\"}]},{\"@type\":\"WebSite\",\"@id\":\"https:\\\/\\\/hggs.de\\\/pl\\\/#website\",\"url\":\"https:\\\/\\\/hggs.de\\\/pl\\\/\",\"name\":\"HGGS\",\"description\":\"\",\"publisher\":{\"@id\":\"https:\\\/\\\/hggs.de\\\/pl\\\/#organization\"},\"potentialAction\":[{\"@type\":\"SearchAction\",\"target\":{\"@type\":\"EntryPoint\",\"urlTemplate\":\"https:\\\/\\\/hggs.de\\\/pl\\\/?s={search_term_string}\"},\"query-input\":{\"@type\":\"PropertyValueSpecification\",\"valueRequired\":true,\"valueName\":\"search_term_string\"}}],\"inLanguage\":\"pl-PL\"},{\"@type\":\"Organization\",\"@id\":\"https:\\\/\\\/hggs.de\\\/pl\\\/#organization\",\"name\":\"HGGS\",\"url\":\"https:\\\/\\\/hggs.de\\\/pl\\\/\",\"logo\":{\"@type\":\"ImageObject\",\"inLanguage\":\"pl-PL\",\"@id\":\"https:\\\/\\\/hggs.de\\\/pl\\\/#\\\/schema\\\/logo\\\/image\\\/\",\"url\":\"https:\\\/\\\/hggs.de\\\/wp-content\\\/uploads\\\/neues-Logo_400px.png\",\"contentUrl\":\"https:\\\/\\\/hggs.de\\\/wp-content\\\/uploads\\\/neues-Logo_400px.png\",\"width\":400,\"height\":223,\"caption\":\"HGGS\"},\"image\":{\"@id\":\"https:\\\/\\\/hggs.de\\\/pl\\\/#\\\/schema\\\/logo\\\/image\\\/\"}}]}<\/script>\n<!-- \/ Yoast SEO plugin. -->","yoast_head_json":{"title":"Maszyny rolnicze i budowlane - HGGS","robots":{"index":"index","follow":"follow","max-snippet":"max-snippet:-1","max-image-preview":"max-image-preview:large","max-video-preview":"max-video-preview:-1"},"canonical":"https:\/\/hggs.de\/pl\/branze\/maszyny-rolnicze-i-budowlane\/","og_locale":"pl_PL","og_type":"article","og_title":"Maszyny rolnicze i budowlane - HGGS","og_description":"Maszyny rolnicze i maszyny budowlane Sektor &#8211; Maszyny rolnicze i budowlane Maszyny rolnicze i budowlane Maszyny budowlane i rolnicze musz\u0105 wytrzymywa\u0107 najtrudniejsze warunki pracy: Py\u0142 i brud, a tak\u017ce wysokie obci\u0105\u017cenia mechaniczne to tylko niekt\u00f3re z nich. U\u017cytkownicy musz\u0105 by\u0107 w stanie polega\u0107 na niezawodno\u015bci komponent\u00f3w ka\u017cdego dnia. Wymagania s\u0105 szczeg\u00f3lnie wysokie w sektorze maszyn [&hellip;]","og_url":"https:\/\/hggs.de\/pl\/branze\/maszyny-rolnicze-i-budowlane\/","og_site_name":"HGGS","article_modified_time":"2024-07-25T07:12:50+00:00","twitter_card":"summary_large_image","twitter_misc":{"Szacowany czas czytania":"1 minuta"},"schema":{"@context":"https:\/\/schema.org","@graph":[{"@type":"WebPage","@id":"https:\/\/hggs.de\/pl\/branze\/maszyny-rolnicze-i-budowlane\/","url":"https:\/\/hggs.de\/pl\/branze\/maszyny-rolnicze-i-budowlane\/","name":"Maszyny rolnicze i budowlane - HGGS","isPartOf":{"@id":"https:\/\/hggs.de\/pl\/#website"},"datePublished":"2024-04-22T12:58:55+00:00","dateModified":"2024-07-25T07:12:50+00:00","breadcrumb":{"@id":"https:\/\/hggs.de\/pl\/branze\/maszyny-rolnicze-i-budowlane\/#breadcrumb"},"inLanguage":"pl-PL","potentialAction":[{"@type":"ReadAction","target":["https:\/\/hggs.de\/pl\/branze\/maszyny-rolnicze-i-budowlane\/"]}]},{"@type":"BreadcrumbList","@id":"https:\/\/hggs.de\/pl\/branze\/maszyny-rolnicze-i-budowlane\/#breadcrumb","itemListElement":[{"@type":"ListItem","position":1,"name":"Startseite","item":"https:\/\/hggs.de\/pl\/"},{"@type":"ListItem","position":2,"name":"Bran\u017ce","item":"https:\/\/hggs.de\/pl\/branze\/"},{"@type":"ListItem","position":3,"name":"Maszyny rolnicze i budowlane"}]},{"@type":"WebSite","@id":"https:\/\/hggs.de\/pl\/#website","url":"https:\/\/hggs.de\/pl\/","name":"HGGS","description":"","publisher":{"@id":"https:\/\/hggs.de\/pl\/#organization"},"potentialAction":[{"@type":"SearchAction","target":{"@type":"EntryPoint","urlTemplate":"https:\/\/hggs.de\/pl\/?s={search_term_string}"},"query-input":{"@type":"PropertyValueSpecification","valueRequired":true,"valueName":"search_term_string"}}],"inLanguage":"pl-PL"},{"@type":"Organization","@id":"https:\/\/hggs.de\/pl\/#organization","name":"HGGS","url":"https:\/\/hggs.de\/pl\/","logo":{"@type":"ImageObject","inLanguage":"pl-PL","@id":"https:\/\/hggs.de\/pl\/#\/schema\/logo\/image\/","url":"https:\/\/hggs.de\/wp-content\/uploads\/neues-Logo_400px.png","contentUrl":"https:\/\/hggs.de\/wp-content\/uploads\/neues-Logo_400px.png","width":400,"height":223,"caption":"HGGS"},"image":{"@id":"https:\/\/hggs.de\/pl\/#\/schema\/logo\/image\/"}}]}},"_links":{"self":[{"href":"https:\/\/hggs.de\/pl\/wp-json\/wp\/v2\/pages\/7813","targetHints":{"allow":["GET"]}}],"collection":[{"href":"https:\/\/hggs.de\/pl\/wp-json\/wp\/v2\/pages"}],"about":[{"href":"https:\/\/hggs.de\/pl\/wp-json\/wp\/v2\/types\/page"}],"author":[{"embeddable":true,"href":"https:\/\/hggs.de\/pl\/wp-json\/wp\/v2\/users\/1"}],"replies":[{"embeddable":true,"href":"https:\/\/hggs.de\/pl\/wp-json\/wp\/v2\/comments?post=7813"}],"version-history":[{"count":4,"href":"https:\/\/hggs.de\/pl\/wp-json\/wp\/v2\/pages\/7813\/revisions"}],"predecessor-version":[{"id":9437,"href":"https:\/\/hggs.de\/pl\/wp-json\/wp\/v2\/pages\/7813\/revisions\/9437"}],"up":[{"embeddable":true,"href":"https:\/\/hggs.de\/pl\/wp-json\/wp\/v2\/pages\/7812"}],"wp:attachment":[{"href":"https:\/\/hggs.de\/pl\/wp-json\/wp\/v2\/media?parent=7813"}],"curies":[{"name":"wp","href":"https:\/\/api.w.org\/{rel}","templated":true}]}}