{"id":7581,"date":"2024-03-22T09:47:04","date_gmt":"2024-03-22T08:47:04","guid":{"rendered":"https:\/\/2024.hggs.de\/proces-produkcji\/drukowanie-3d\/"},"modified":"2024-06-13T17:51:35","modified_gmt":"2024-06-13T15:51:35","slug":"drukowanie-3d","status":"publish","type":"page","link":"https:\/\/hggs.de\/pl\/proces-produkcji\/drukowanie-3d\/","title":{"rendered":"Drukowanie 3D"},"content":{"rendered":"\t\t<div data-elementor-type=\"wp-page\" data-elementor-id=\"7581\" class=\"elementor elementor-7581 elementor-2178\" data-elementor-post-type=\"page\">\n\t\t\t\t<div data-particle_enable=\"false\" data-particle-mobile-disabled=\"false\" class=\"elementor-element elementor-element-e3f274a e-flex e-con-boxed e-con e-parent\" data-id=\"e3f274a\" data-element_type=\"container\" data-e-type=\"container\" data-settings=\"{&quot;background_background&quot;:&quot;classic&quot;}\">\n\t\t\t\t\t<div class=\"e-con-inner\">\n\t\t<div data-particle_enable=\"false\" data-particle-mobile-disabled=\"false\" class=\"elementor-element elementor-element-3969907c e-con-full e-flex e-con e-child\" data-id=\"3969907c\" data-element_type=\"container\" data-e-type=\"container\">\n\t\t\t\t<div class=\"elementor-element elementor-element-47729493 elementor-widget__width-initial topimg-overlay elementor-widget elementor-widget-heading\" data-id=\"47729493\" data-element_type=\"widget\" data-e-type=\"widget\" data-widget_type=\"heading.default\">\n\t\t\t\t<div class=\"elementor-widget-container\">\n\t\t\t\t\t<h2 class=\"elementor-heading-title elementor-size-default\">Drukowanie 3D<\/h2>\t\t\t\t<\/div>\n\t\t\t\t<\/div>\n\t\t\t\t<div class=\"elementor-element elementor-element-6b3bceac elementor-widget elementor-widget-text-editor\" data-id=\"6b3bceac\" data-element_type=\"widget\" data-e-type=\"widget\" data-widget_type=\"text-editor.default\">\n\t\t\t\t<div class=\"elementor-widget-container\">\n\t\t\t\t\t\t\t\t\t<p>Innowacyjna technologia i wysoka elastyczno\u015b\u0107<\/p>\n\t\t\t\t\t\t\t\t<\/div>\n\t\t\t\t<\/div>\n\t\t\t\t<\/div>\n\t\t\t\t\t<\/div>\n\t\t\t\t<\/div>\n\t\t<div data-particle_enable=\"false\" data-particle-mobile-disabled=\"false\" class=\"elementor-element elementor-element-de3356c e-flex e-con-boxed e-con e-parent\" data-id=\"de3356c\" data-element_type=\"container\" data-e-type=\"container\" data-settings=\"{&quot;background_background&quot;:&quot;classic&quot;}\">\n\t\t\t\t\t<div class=\"e-con-inner\">\n\t\t<div data-particle_enable=\"false\" data-particle-mobile-disabled=\"false\" class=\"elementor-element elementor-element-173a6922 e-con-full e-flex e-con e-child\" data-id=\"173a6922\" data-element_type=\"container\" data-e-type=\"container\" data-settings=\"{&quot;background_background&quot;:&quot;classic&quot;}\">\n\t\t\t\t<div class=\"elementor-element elementor-element-7435304f elementor-widget elementor-widget-heading\" data-id=\"7435304f\" data-element_type=\"widget\" data-e-type=\"widget\" data-widget_type=\"heading.default\">\n\t\t\t\t<div class=\"elementor-widget-container\">\n\t\t\t\t\t<h1 class=\"elementor-heading-title elementor-size-default\">Drukowanie 3D<\/h1>\t\t\t\t<\/div>\n\t\t\t\t<\/div>\n\t\t\t\t<div class=\"elementor-element elementor-element-35fd0a80 elementor-widget elementor-widget-text-editor\" data-id=\"35fd0a80\" data-element_type=\"widget\" data-e-type=\"widget\" data-widget_type=\"text-editor.default\">\n\t\t\t\t<div class=\"elementor-widget-container\">\n\t\t\t\t\t\t\t\t\t<p>Nasza firma opiera si\u0119 na innowacyjnej technologii druku 3D, wspieranej przez nowoczesn\u0105 drukark\u0119 FDM z zamkni\u0119tym obszarem roboczym, kt\u00f3ra zapewnia optymaln\u0105 stabilno\u015b\u0107 temperatury podczas ca\u0142ego procesu drukowania. Ta precyzyjna kontrola temperatury ma kluczowe znaczenie dla jako\u015bci i niezawodno\u015bci drukowanych komponent\u00f3w.<\/p>\n\t\t\t\t\t\t\t\t<\/div>\n\t\t\t\t<\/div>\n\t\t\t\t<\/div>\n\t\t\t\t\t<\/div>\n\t\t\t\t<\/div>\n\t\t<div data-particle_enable=\"false\" data-particle-mobile-disabled=\"false\" class=\"elementor-element elementor-element-2d7c80b4 e-flex e-con-boxed e-con e-parent\" data-id=\"2d7c80b4\" data-element_type=\"container\" data-e-type=\"container\" data-settings=\"{&quot;background_background&quot;:&quot;classic&quot;}\">\n\t\t\t\t\t<div class=\"e-con-inner\">\n\t\t<div data-particle_enable=\"false\" data-particle-mobile-disabled=\"false\" class=\"elementor-element elementor-element-209fe5 e-con-full elementor-hidden-mobile e-flex e-con e-child\" data-id=\"209fe5\" data-element_type=\"container\" data-e-type=\"container\" data-settings=\"{&quot;background_background&quot;:&quot;classic&quot;}\">\n\t\t\t\t<\/div>\n\t\t<div data-particle_enable=\"false\" data-particle-mobile-disabled=\"false\" class=\"elementor-element elementor-element-1a1d2449 e-con-full e-flex e-con e-child\" data-id=\"1a1d2449\" data-element_type=\"container\" data-e-type=\"container\" data-settings=\"{&quot;background_background&quot;:&quot;classic&quot;}\">\n\t\t\t\t<div class=\"elementor-element elementor-element-251622b4 elementor-widget elementor-widget-text-editor\" data-id=\"251622b4\" data-element_type=\"widget\" data-e-type=\"widget\" data-widget_type=\"text-editor.default\">\n\t\t\t\t<div class=\"elementor-widget-container\">\n\t\t\t\t\t\t\t\t\t<p>Dzi\u0119ki obszarowi roboczemu 254 x 254 x 305 mm, nasza drukarka 3D oferuje elastyczno\u015b\u0107 w produkcji komponent\u00f3w lub urz\u0105dze\u0144 o r\u00f3\u017cnych rozmiarach i kszta\u0142tach. Te rozszerzone wymiary umo\u017cliwiaj\u0105 nam produkcj\u0119 z\u0142o\u017conych prototyp\u00f3w, zespo\u0142\u00f3w i cz\u0119\u015bci z niezwyk\u0142\u0105 precyzj\u0105 i dba\u0142o\u015bci\u0105 o szczeg\u00f3\u0142y. Dzi\u0119ki tej zaawansowanej technologii mo\u017cemy skutecznie spe\u0142nia\u0107 wymagania naszych klient\u00f3w, a jednocze\u015bnie wprowadza\u0107 innowacyjne rozwi\u0105zania w r\u00f3\u017cnych bran\u017cach.<\/p>\n\t\t\t\t\t\t\t\t<\/div>\n\t\t\t\t<\/div>\n\t\t\t\t<\/div>\n\t\t<div data-particle_enable=\"false\" data-particle-mobile-disabled=\"false\" class=\"elementor-element elementor-element-5d27a72 e-con-full e-flex e-con e-child\" data-id=\"5d27a72\" data-element_type=\"container\" data-e-type=\"container\" data-settings=\"{&quot;background_background&quot;:&quot;classic&quot;}\">\n\t\t\t\t<\/div>\n\t\t\t\t\t<\/div>\n\t\t\t\t<\/div>\n\t\t<div data-particle_enable=\"false\" data-particle-mobile-disabled=\"false\" class=\"elementor-element elementor-element-2ab9c0d2 e-flex e-con-boxed e-con e-parent\" data-id=\"2ab9c0d2\" data-element_type=\"container\" data-e-type=\"container\">\n\t\t\t\t\t<div class=\"e-con-inner\">\n\t\t<div data-particle_enable=\"false\" data-particle-mobile-disabled=\"false\" class=\"elementor-element elementor-element-5d95e3dc e-con-full e-flex e-con e-child\" data-id=\"5d95e3dc\" data-element_type=\"container\" data-e-type=\"container\" data-settings=\"{&quot;background_background&quot;:&quot;classic&quot;}\">\n\t\t\t\t<div class=\"elementor-element elementor-element-6d0ba3eb elementor-widget__width-inherit elementor-widget elementor-widget-heading\" data-id=\"6d0ba3eb\" data-element_type=\"widget\" data-e-type=\"widget\" data-widget_type=\"heading.default\">\n\t\t\t\t<div class=\"elementor-widget-container\">\n\t\t\t\t\t<h2 class=\"elementor-heading-title elementor-size-default\">Dalsze us\u0142ugi<\/h2>\t\t\t\t<\/div>\n\t\t\t\t<\/div>\n\t\t\t\t<\/div>\n\t\t\t\t<div class=\"elementor-element elementor-element-3d687f07 leistungen-logocarousel elementor-widget elementor-widget-eael-logo-carousel\" data-id=\"3d687f07\" data-element_type=\"widget\" data-e-type=\"widget\" data-settings=\"{&quot;items&quot;:{&quot;unit&quot;:&quot;px&quot;,&quot;size&quot;:8,&quot;sizes&quot;:[]},&quot;items_tablet&quot;:{&quot;unit&quot;:&quot;px&quot;,&quot;size&quot;:5,&quot;sizes&quot;:[]},&quot;items_mobile&quot;:{&quot;unit&quot;:&quot;px&quot;,&quot;size&quot;:3,&quot;sizes&quot;:[]}}\" data-widget_type=\"eael-logo-carousel.default\">\n\t\t\t\t<div class=\"elementor-widget-container\">\n\t\t\t\t\t        <div class=\"swiper-container-wrap eael-logo-carousel-wrap swiper-container-wrap-dots-outside\">\n            <div class=\"swiper swiper-8 eael-logo-carousel swiper-container-3d687f07\" data-pagination=\".swiper-pagination-3d687f07\" data-arrow-next=\".swiper-button-next-3d687f07\" data-arrow-prev=\".swiper-button-prev-3d687f07\" data-items-mobile=\"3\" data-items-tablet=\"5\" data-items=\"8\" data-margin=\"55\" data-effect=\"slide\" data-speed=\"1749\" data-autoplay=\"999999\" data-loop=\"1\" data-grab-cursor=\"1\" data-arrows=\"1\">\n                <div class=\"swiper-wrapper\">\n\t\t\t\t\t                            <div class=\"swiper-slide\">\n                                <div class=\"eael-lc-logo-wrap\">\n\t\t\t\t\t\t\t\t\t                                    <div id=\"eael-lc-logo-7dffeab\" class=\"eael-lc-logo\">\n\t\t\t\t\t\t\t\t\t\t<a href=\"https:\/\/hggs.de\/fertigungsverfahren\/laserschneiden-und-stanzen\/\"><img decoding=\"async\" class=\"eael-lc-img-src\" src=\"https:\/\/hggs.de\/wp-content\/uploads\/2d-laser.svg\" alt=\"\"><\/a>                                    <\/div>\n\t\t\t\t\t\t\t\t\t<p class=\"eael-logo-carousel-title\"><a >Ci\u0119cie i wykrawanie laserowe<\/a><\/p>                                <\/div>\n                            <\/div>\n\t\t\t\t\t\t                            <div class=\"swiper-slide\">\n                                <div class=\"eael-lc-logo-wrap\">\n\t\t\t\t\t\t\t\t\t                                    <div id=\"eael-lc-logo-85110dc\" class=\"eael-lc-logo\">\n\t\t\t\t\t\t\t\t\t\t<a href=\"https:\/\/hggs.de\/fertigungsverfahren\/umformen-pressen-abkanten\/\"><img decoding=\"async\" class=\"eael-lc-img-src\" src=\"https:\/\/hggs.de\/wp-content\/uploads\/pressen-1.svg\" alt=\"\"><\/a>                                    <\/div>\n\t\t\t\t\t\t\t\t\t<p class=\"eael-logo-carousel-title\"><a >Formowanie i prasowanie<\/a><\/p>                                <\/div>\n                            <\/div>\n\t\t\t\t\t\t                            <div class=\"swiper-slide\">\n                                <div class=\"eael-lc-logo-wrap\">\n\t\t\t\t\t\t\t\t\t                                    <div id=\"eael-lc-logo-8a0020f\" class=\"eael-lc-logo\">\n\t\t\t\t\t\t\t\t\t\t<a href=\"https:\/\/hggs.de\/fertigungsverfahren\/umformen-pressen-abkanten\/\"><img decoding=\"async\" class=\"eael-lc-img-src\" src=\"https:\/\/hggs.de\/wp-content\/uploads\/abkanten.svg\" alt=\"\"><\/a>                                    <\/div>\n\t\t\t\t\t\t\t\t\t<p class=\"eael-logo-carousel-title\"><a >Fazowanie<\/a><\/p>                                <\/div>\n                            <\/div>\n\t\t\t\t\t\t                            <div class=\"swiper-slide\">\n                                <div class=\"eael-lc-logo-wrap\">\n\t\t\t\t\t\t\t\t\t                                    <div id=\"eael-lc-logo-142948e\" class=\"eael-lc-logo\">\n\t\t\t\t\t\t\t\t\t\t<a href=\"https:\/\/hggs.de\/fertigungsverfahren\/umformen-pressen-abkanten\/\"><img decoding=\"async\" class=\"eael-lc-img-src\" src=\"https:\/\/hggs.de\/wp-content\/uploads\/tiefziehen.svg\" alt=\"\"><\/a>                                    <\/div>\n\t\t\t\t\t\t\t\t\t<p class=\"eael-logo-carousel-title\"><a >G\u0142\u0119bokie rysowanie<\/a><\/p>                                <\/div>\n                            <\/div>\n\t\t\t\t\t\t                            <div class=\"swiper-slide\">\n                                <div class=\"eael-lc-logo-wrap\">\n\t\t\t\t\t\t\t\t\t                                    <div id=\"eael-lc-logo-fb76005\" class=\"eael-lc-logo\">\n\t\t\t\t\t\t\t\t\t\t<a href=\"https:\/\/hggs.de\/fertigungsverfahren\/werkzeugbau\/\"><img decoding=\"async\" class=\"eael-lc-img-src\" src=\"https:\/\/hggs.de\/wp-content\/uploads\/werkzeugbau.svg\" alt=\"Produkcja narz\u0119dzi\"><\/a>                                    <\/div>\n\t\t\t\t\t\t\t\t\t<p class=\"eael-logo-carousel-title\"><a >Produkcja narz\u0119dzi<\/a><\/p>                                <\/div>\n                            <\/div>\n\t\t\t\t\t\t                            <div class=\"swiper-slide\">\n                                <div class=\"eael-lc-logo-wrap\">\n\t\t\t\t\t\t\t\t\t                                    <div id=\"eael-lc-logo-552f8bd\" class=\"eael-lc-logo\">\n\t\t\t\t\t\t\t\t\t\t<a href=\"https:\/\/hggs.de\/fertigungsverfahren\/zerspanung-fraeserei-dreherei\/\"><img decoding=\"async\" class=\"eael-lc-img-src\" src=\"https:\/\/hggs.de\/wp-content\/uploads\/zerspanen.svg\" alt=\"\"><\/a>                                    <\/div>\n\t\t\t\t\t\t\t\t\t<p class=\"eael-logo-carousel-title\"><a >Obr\u00f3bka skrawaniem<\/a><\/p>                                <\/div>\n                            <\/div>\n\t\t\t\t\t\t                            <div class=\"swiper-slide\">\n                                <div class=\"eael-lc-logo-wrap\">\n\t\t\t\t\t\t\t\t\t                                    <div id=\"eael-lc-logo-f404c9b\" class=\"eael-lc-logo\">\n\t\t\t\t\t\t\t\t\t\t<a href=\"https:\/\/hggs.de\/fertigungsverfahren\/roboter-schweissen-und-manuelles-schweissen\/\"><img decoding=\"async\" class=\"eael-lc-img-src\" src=\"https:\/\/hggs.de\/wp-content\/uploads\/roboterschweissen.svg\" alt=\"\"><\/a>                                    <\/div>\n\t\t\t\t\t\t\t\t\t<p class=\"eael-logo-carousel-title\"><a >Spawanie robot\u00f3w<\/a><\/p>                                <\/div>\n                            <\/div>\n\t\t\t\t\t\t                            <div class=\"swiper-slide\">\n                                <div class=\"eael-lc-logo-wrap\">\n\t\t\t\t\t\t\t\t\t                                    <div id=\"eael-lc-logo-a95617f\" class=\"eael-lc-logo\">\n\t\t\t\t\t\t\t\t\t\t<a href=\"https:\/\/hggs.de\/fertigungsverfahren\/roboter-schweissen-und-manuelles-schweissen\/\"><img decoding=\"async\" class=\"eael-lc-img-src\" src=\"https:\/\/hggs.de\/wp-content\/uploads\/MIG-MAG-schweissen.svg\" alt=\"\"><\/a>                                    <\/div>\n\t\t\t\t\t\t\t\t\t<p class=\"eael-logo-carousel-title\"><a >Spawanie MIG\/MAG<\/a><\/p>                                <\/div>\n                            <\/div>\n\t\t\t\t\t\t                            <div class=\"swiper-slide\">\n                                <div class=\"eael-lc-logo-wrap\">\n\t\t\t\t\t\t\t\t\t                                    <div id=\"eael-lc-logo-fbead68\" class=\"eael-lc-logo\">\n\t\t\t\t\t\t\t\t\t\t<a href=\"https:\/\/hggs.de\/fertigungsverfahren\/montage\/\"><img decoding=\"async\" class=\"eael-lc-img-src\" src=\"https:\/\/hggs.de\/wp-content\/uploads\/montage.svg\" alt=\"\"><\/a>                                    <\/div>\n\t\t\t\t\t\t\t\t\t<p class=\"eael-logo-carousel-title\"><a >Monta\u017c<\/a><\/p>                                <\/div>\n                            <\/div>\n\t\t\t\t\t\t                            <div class=\"swiper-slide\">\n                                <div class=\"eael-lc-logo-wrap\">\n\t\t\t\t\t\t\t\t\t                                    <div id=\"eael-lc-logo-fd7c525\" class=\"eael-lc-logo\">\n\t\t\t\t\t\t\t\t\t\t<a href=\"https:\/\/hggs.de\/fertigungsverfahren\/rundbiegen-und-laengsnahtschweissen\/\"><img decoding=\"async\" class=\"eael-lc-img-src\" src=\"https:\/\/hggs.de\/wp-content\/uploads\/rundbiegen.svg\" alt=\"\"><\/a>                                    <\/div>\n\t\t\t\t\t\t\t\t\t<p class=\"eael-logo-carousel-title\"><a >Gi\u0119cie okr\u0105g\u0142e<\/a><\/p>                                <\/div>\n                            <\/div>\n\t\t\t\t\t\t                            <div class=\"swiper-slide\">\n                                <div class=\"eael-lc-logo-wrap\">\n\t\t\t\t\t\t\t\t\t                                    <div id=\"eael-lc-logo-4c0ff42\" class=\"eael-lc-logo\">\n\t\t\t\t\t\t\t\t\t\t<a href=\"https:\/\/hggs.de\/fertigungsverfahren\/oberflaechen\/\"><img decoding=\"async\" class=\"eael-lc-img-src\" src=\"https:\/\/hggs.de\/wp-content\/uploads\/oberflaeche-1.svg\" alt=\"\"><\/a>                                    <\/div>\n\t\t\t\t\t\t\t\t\t<p class=\"eael-logo-carousel-title\"><a >Powierzchnia<\/a><\/p>                                <\/div>\n                            <\/div>\n\t\t\t\t\t\t                <\/div>\n            <\/div>\n\t\t\t            <!-- Add Pagination -->\n            <div class=\"swiper-pagination swiper-pagination-3d687f07\"><\/div>\n\t\t\t\t\t            <!-- Add Arrows -->\n            <div class=\"swiper-button-next swiper-button-next-3d687f07\">\n\t\t\t\t<svg class=\"e-font-icon-svg e-fas-chevron-right\" viewBox=\"0 0 320 512\" xmlns=\"http:\/\/www.w3.org\/2000\/svg\"><path d=\"M285.476 272.971L91.132 467.314c-9.373 9.373-24.569 9.373-33.941 0l-22.667-22.667c-9.357-9.357-9.375-24.522-.04-33.901L188.505 256 34.484 101.255c-9.335-9.379-9.317-24.544.04-33.901l22.667-22.667c9.373-9.373 24.569-9.373 33.941 0L285.475 239.03c9.373 9.372 9.373 24.568.001 33.941z\"><\/path><\/svg>            <\/div>\n            <div class=\"swiper-button-prev swiper-button-prev-3d687f07\">\n\t\t\t\t<svg class=\"e-font-icon-svg e-fas-chevron-left\" viewBox=\"0 0 320 512\" xmlns=\"http:\/\/www.w3.org\/2000\/svg\"><path d=\"M34.52 239.03L228.87 44.69c9.37-9.37 24.57-9.37 33.94 0l22.67 22.67c9.36 9.36 9.37 24.52.04 33.9L131.49 256l154.02 154.75c9.34 9.38 9.32 24.54-.04 33.9l-22.67 22.67c-9.37 9.37-24.57 9.37-33.94 0L34.52 272.97c-9.37-9.37-9.37-24.57 0-33.94z\"><\/path><\/svg>            <\/div>\n\t\t        <\/div>\n\t\t\t\t\t\t<\/div>\n\t\t\t\t<\/div>\n\t\t\t\t\t<\/div>\n\t\t\t\t<\/div>\n\t\t\t\t<\/div>\n\t\t","protected":false},"excerpt":{"rendered":"<p>Drukowanie 3D Innowacyjna technologia i wysoka elastyczno\u015b\u0107 Drukowanie 3D Nasza firma opiera si\u0119 na innowacyjnej technologii druku 3D, wspieranej przez nowoczesn\u0105 drukark\u0119 FDM z zamkni\u0119tym obszarem roboczym, kt\u00f3ra zapewnia optymaln\u0105 stabilno\u015b\u0107 temperatury podczas ca\u0142ego procesu drukowania. Ta precyzyjna kontrola temperatury ma kluczowe znaczenie dla jako\u015bci i niezawodno\u015bci drukowanych komponent\u00f3w. Dzi\u0119ki obszarowi roboczemu 254 x 254 [&hellip;]<\/p>\n","protected":false},"author":2,"featured_media":0,"parent":7532,"menu_order":9,"comment_status":"closed","ping_status":"closed","template":"","meta":{"footnotes":""},"class_list":["post-7581","page","type-page","status-publish","hentry"],"yoast_head":"<!-- This site is optimized with the Yoast SEO plugin v27.3 - https:\/\/yoast.com\/product\/yoast-seo-wordpress\/ -->\n<title>Drukowanie 3D - HGGS<\/title>\n<meta name=\"robots\" content=\"index, follow, max-snippet:-1, max-image-preview:large, max-video-preview:-1\" \/>\n<link rel=\"canonical\" href=\"https:\/\/hggs.de\/pl\/proces-produkcji\/drukowanie-3d\/\" \/>\n<meta property=\"og:locale\" content=\"pl_PL\" \/>\n<meta property=\"og:type\" content=\"article\" \/>\n<meta property=\"og:title\" content=\"Drukowanie 3D - HGGS\" \/>\n<meta property=\"og:description\" content=\"Drukowanie 3D Innowacyjna technologia i wysoka elastyczno\u015b\u0107 Drukowanie 3D Nasza firma opiera si\u0119 na innowacyjnej technologii druku 3D, wspieranej przez nowoczesn\u0105 drukark\u0119 FDM z zamkni\u0119tym obszarem roboczym, kt\u00f3ra zapewnia optymaln\u0105 stabilno\u015b\u0107 temperatury podczas ca\u0142ego procesu drukowania. Ta precyzyjna kontrola temperatury ma kluczowe znaczenie dla jako\u015bci i niezawodno\u015bci drukowanych komponent\u00f3w. Dzi\u0119ki obszarowi roboczemu 254 x 254 [&hellip;]\" \/>\n<meta property=\"og:url\" content=\"https:\/\/hggs.de\/pl\/proces-produkcji\/drukowanie-3d\/\" \/>\n<meta property=\"og:site_name\" content=\"HGGS\" \/>\n<meta property=\"article:modified_time\" content=\"2024-06-13T15:51:35+00:00\" \/>\n<meta property=\"og:image\" content=\"https:\/\/hggs.de\/wp-content\/uploads\/2d-laser.svg\" \/>\n<meta name=\"twitter:card\" content=\"summary_large_image\" \/>\n<meta name=\"twitter:label1\" content=\"Szacowany czas czytania\" \/>\n\t<meta name=\"twitter:data1\" content=\"1 minuta\" \/>\n<script type=\"application\/ld+json\" class=\"yoast-schema-graph\">{\"@context\":\"https:\\\/\\\/schema.org\",\"@graph\":[{\"@type\":\"WebPage\",\"@id\":\"https:\\\/\\\/hggs.de\\\/pl\\\/proces-produkcji\\\/drukowanie-3d\\\/\",\"url\":\"https:\\\/\\\/hggs.de\\\/pl\\\/proces-produkcji\\\/drukowanie-3d\\\/\",\"name\":\"Drukowanie 3D - HGGS\",\"isPartOf\":{\"@id\":\"https:\\\/\\\/hggs.de\\\/pl\\\/#website\"},\"primaryImageOfPage\":{\"@id\":\"https:\\\/\\\/hggs.de\\\/pl\\\/proces-produkcji\\\/drukowanie-3d\\\/#primaryimage\"},\"image\":{\"@id\":\"https:\\\/\\\/hggs.de\\\/pl\\\/proces-produkcji\\\/drukowanie-3d\\\/#primaryimage\"},\"thumbnailUrl\":\"https:\\\/\\\/hggs.de\\\/wp-content\\\/uploads\\\/2d-laser.svg\",\"datePublished\":\"2024-03-22T08:47:04+00:00\",\"dateModified\":\"2024-06-13T15:51:35+00:00\",\"breadcrumb\":{\"@id\":\"https:\\\/\\\/hggs.de\\\/pl\\\/proces-produkcji\\\/drukowanie-3d\\\/#breadcrumb\"},\"inLanguage\":\"pl-PL\",\"potentialAction\":[{\"@type\":\"ReadAction\",\"target\":[\"https:\\\/\\\/hggs.de\\\/pl\\\/proces-produkcji\\\/drukowanie-3d\\\/\"]}]},{\"@type\":\"ImageObject\",\"inLanguage\":\"pl-PL\",\"@id\":\"https:\\\/\\\/hggs.de\\\/pl\\\/proces-produkcji\\\/drukowanie-3d\\\/#primaryimage\",\"url\":\"https:\\\/\\\/hggs.de\\\/wp-content\\\/uploads\\\/2d-laser.svg\",\"contentUrl\":\"https:\\\/\\\/hggs.de\\\/wp-content\\\/uploads\\\/2d-laser.svg\"},{\"@type\":\"BreadcrumbList\",\"@id\":\"https:\\\/\\\/hggs.de\\\/pl\\\/proces-produkcji\\\/drukowanie-3d\\\/#breadcrumb\",\"itemListElement\":[{\"@type\":\"ListItem\",\"position\":1,\"name\":\"Startseite\",\"item\":\"https:\\\/\\\/hggs.de\\\/pl\\\/\"},{\"@type\":\"ListItem\",\"position\":2,\"name\":\"Proces produkcji\",\"item\":\"https:\\\/\\\/hggs.de\\\/pl\\\/fertigungsverfahren\\\/\"},{\"@type\":\"ListItem\",\"position\":3,\"name\":\"Drukowanie 3D\"}]},{\"@type\":\"WebSite\",\"@id\":\"https:\\\/\\\/hggs.de\\\/pl\\\/#website\",\"url\":\"https:\\\/\\\/hggs.de\\\/pl\\\/\",\"name\":\"HGGS\",\"description\":\"\",\"publisher\":{\"@id\":\"https:\\\/\\\/hggs.de\\\/pl\\\/#organization\"},\"potentialAction\":[{\"@type\":\"SearchAction\",\"target\":{\"@type\":\"EntryPoint\",\"urlTemplate\":\"https:\\\/\\\/hggs.de\\\/pl\\\/?s={search_term_string}\"},\"query-input\":{\"@type\":\"PropertyValueSpecification\",\"valueRequired\":true,\"valueName\":\"search_term_string\"}}],\"inLanguage\":\"pl-PL\"},{\"@type\":\"Organization\",\"@id\":\"https:\\\/\\\/hggs.de\\\/pl\\\/#organization\",\"name\":\"HGGS\",\"url\":\"https:\\\/\\\/hggs.de\\\/pl\\\/\",\"logo\":{\"@type\":\"ImageObject\",\"inLanguage\":\"pl-PL\",\"@id\":\"https:\\\/\\\/hggs.de\\\/pl\\\/#\\\/schema\\\/logo\\\/image\\\/\",\"url\":\"https:\\\/\\\/hggs.de\\\/wp-content\\\/uploads\\\/neues-Logo_400px.png\",\"contentUrl\":\"https:\\\/\\\/hggs.de\\\/wp-content\\\/uploads\\\/neues-Logo_400px.png\",\"width\":400,\"height\":223,\"caption\":\"HGGS\"},\"image\":{\"@id\":\"https:\\\/\\\/hggs.de\\\/pl\\\/#\\\/schema\\\/logo\\\/image\\\/\"}}]}<\/script>\n<!-- \/ Yoast SEO plugin. -->","yoast_head_json":{"title":"Drukowanie 3D - HGGS","robots":{"index":"index","follow":"follow","max-snippet":"max-snippet:-1","max-image-preview":"max-image-preview:large","max-video-preview":"max-video-preview:-1"},"canonical":"https:\/\/hggs.de\/pl\/proces-produkcji\/drukowanie-3d\/","og_locale":"pl_PL","og_type":"article","og_title":"Drukowanie 3D - HGGS","og_description":"Drukowanie 3D Innowacyjna technologia i wysoka elastyczno\u015b\u0107 Drukowanie 3D Nasza firma opiera si\u0119 na innowacyjnej technologii druku 3D, wspieranej przez nowoczesn\u0105 drukark\u0119 FDM z zamkni\u0119tym obszarem roboczym, kt\u00f3ra zapewnia optymaln\u0105 stabilno\u015b\u0107 temperatury podczas ca\u0142ego procesu drukowania. Ta precyzyjna kontrola temperatury ma kluczowe znaczenie dla jako\u015bci i niezawodno\u015bci drukowanych komponent\u00f3w. Dzi\u0119ki obszarowi roboczemu 254 x 254 [&hellip;]","og_url":"https:\/\/hggs.de\/pl\/proces-produkcji\/drukowanie-3d\/","og_site_name":"HGGS","article_modified_time":"2024-06-13T15:51:35+00:00","og_image":[{"url":"https:\/\/hggs.de\/wp-content\/uploads\/2d-laser.svg","type":"","width":"","height":""}],"twitter_card":"summary_large_image","twitter_misc":{"Szacowany czas czytania":"1 minuta"},"schema":{"@context":"https:\/\/schema.org","@graph":[{"@type":"WebPage","@id":"https:\/\/hggs.de\/pl\/proces-produkcji\/drukowanie-3d\/","url":"https:\/\/hggs.de\/pl\/proces-produkcji\/drukowanie-3d\/","name":"Drukowanie 3D - HGGS","isPartOf":{"@id":"https:\/\/hggs.de\/pl\/#website"},"primaryImageOfPage":{"@id":"https:\/\/hggs.de\/pl\/proces-produkcji\/drukowanie-3d\/#primaryimage"},"image":{"@id":"https:\/\/hggs.de\/pl\/proces-produkcji\/drukowanie-3d\/#primaryimage"},"thumbnailUrl":"https:\/\/hggs.de\/wp-content\/uploads\/2d-laser.svg","datePublished":"2024-03-22T08:47:04+00:00","dateModified":"2024-06-13T15:51:35+00:00","breadcrumb":{"@id":"https:\/\/hggs.de\/pl\/proces-produkcji\/drukowanie-3d\/#breadcrumb"},"inLanguage":"pl-PL","potentialAction":[{"@type":"ReadAction","target":["https:\/\/hggs.de\/pl\/proces-produkcji\/drukowanie-3d\/"]}]},{"@type":"ImageObject","inLanguage":"pl-PL","@id":"https:\/\/hggs.de\/pl\/proces-produkcji\/drukowanie-3d\/#primaryimage","url":"https:\/\/hggs.de\/wp-content\/uploads\/2d-laser.svg","contentUrl":"https:\/\/hggs.de\/wp-content\/uploads\/2d-laser.svg"},{"@type":"BreadcrumbList","@id":"https:\/\/hggs.de\/pl\/proces-produkcji\/drukowanie-3d\/#breadcrumb","itemListElement":[{"@type":"ListItem","position":1,"name":"Startseite","item":"https:\/\/hggs.de\/pl\/"},{"@type":"ListItem","position":2,"name":"Proces produkcji","item":"https:\/\/hggs.de\/pl\/fertigungsverfahren\/"},{"@type":"ListItem","position":3,"name":"Drukowanie 3D"}]},{"@type":"WebSite","@id":"https:\/\/hggs.de\/pl\/#website","url":"https:\/\/hggs.de\/pl\/","name":"HGGS","description":"","publisher":{"@id":"https:\/\/hggs.de\/pl\/#organization"},"potentialAction":[{"@type":"SearchAction","target":{"@type":"EntryPoint","urlTemplate":"https:\/\/hggs.de\/pl\/?s={search_term_string}"},"query-input":{"@type":"PropertyValueSpecification","valueRequired":true,"valueName":"search_term_string"}}],"inLanguage":"pl-PL"},{"@type":"Organization","@id":"https:\/\/hggs.de\/pl\/#organization","name":"HGGS","url":"https:\/\/hggs.de\/pl\/","logo":{"@type":"ImageObject","inLanguage":"pl-PL","@id":"https:\/\/hggs.de\/pl\/#\/schema\/logo\/image\/","url":"https:\/\/hggs.de\/wp-content\/uploads\/neues-Logo_400px.png","contentUrl":"https:\/\/hggs.de\/wp-content\/uploads\/neues-Logo_400px.png","width":400,"height":223,"caption":"HGGS"},"image":{"@id":"https:\/\/hggs.de\/pl\/#\/schema\/logo\/image\/"}}]}},"_links":{"self":[{"href":"https:\/\/hggs.de\/pl\/wp-json\/wp\/v2\/pages\/7581","targetHints":{"allow":["GET"]}}],"collection":[{"href":"https:\/\/hggs.de\/pl\/wp-json\/wp\/v2\/pages"}],"about":[{"href":"https:\/\/hggs.de\/pl\/wp-json\/wp\/v2\/types\/page"}],"author":[{"embeddable":true,"href":"https:\/\/hggs.de\/pl\/wp-json\/wp\/v2\/users\/2"}],"replies":[{"embeddable":true,"href":"https:\/\/hggs.de\/pl\/wp-json\/wp\/v2\/comments?post=7581"}],"version-history":[{"count":6,"href":"https:\/\/hggs.de\/pl\/wp-json\/wp\/v2\/pages\/7581\/revisions"}],"predecessor-version":[{"id":8163,"href":"https:\/\/hggs.de\/pl\/wp-json\/wp\/v2\/pages\/7581\/revisions\/8163"}],"up":[{"embeddable":true,"href":"https:\/\/hggs.de\/pl\/wp-json\/wp\/v2\/pages\/7532"}],"wp:attachment":[{"href":"https:\/\/hggs.de\/pl\/wp-json\/wp\/v2\/media?parent=7581"}],"curies":[{"name":"wp","href":"https:\/\/api.w.org\/{rel}","templated":true}]}}