{"id":7578,"date":"2024-04-05T12:38:13","date_gmt":"2024-04-05T10:38:13","guid":{"rendered":"https:\/\/2024.hggs.de\/nadruk\/"},"modified":"2024-07-23T09:55:56","modified_gmt":"2024-07-23T07:55:56","slug":"nadruk","status":"publish","type":"page","link":"https:\/\/hggs.de\/pl\/nadruk\/","title":{"rendered":"Nadruk"},"content":{"rendered":"\t\t<div data-elementor-type=\"wp-page\" data-elementor-id=\"7578\" class=\"elementor elementor-7578 elementor-2587\" data-elementor-post-type=\"page\">\n\t\t\t\t<div data-particle_enable=\"false\" data-particle-mobile-disabled=\"false\" class=\"elementor-element elementor-element-1430a1e e-flex e-con-boxed e-con e-parent\" data-id=\"1430a1e\" data-element_type=\"container\" data-e-type=\"container\">\n\t\t\t\t\t<div class=\"e-con-inner\">\n\t\t\t\t<div class=\"elementor-element elementor-element-52ae05d elementor-widget elementor-widget-heading\" data-id=\"52ae05d\" data-element_type=\"widget\" data-e-type=\"widget\" data-widget_type=\"heading.default\">\n\t\t\t\t<div class=\"elementor-widget-container\">\n\t\t\t\t\t<h1 class=\"elementor-heading-title elementor-size-default\">Nadruk<\/h1>\t\t\t\t<\/div>\n\t\t\t\t<\/div>\n\t\t\t\t\t<\/div>\n\t\t\t\t<\/div>\n\t\t<div data-particle_enable=\"false\" data-particle-mobile-disabled=\"false\" class=\"elementor-element elementor-element-7dec905 e-flex e-con-boxed e-con e-parent\" data-id=\"7dec905\" data-element_type=\"container\" data-e-type=\"container\">\n\t\t\t\t\t<div class=\"e-con-inner\">\n\t\t\t\t<div class=\"elementor-element elementor-element-5045e0b elementor-widget__width-inherit ohne-punkt elementor-widget elementor-widget-text-editor\" data-id=\"5045e0b\" data-element_type=\"widget\" data-e-type=\"widget\" data-widget_type=\"text-editor.default\">\n\t\t\t\t<div class=\"elementor-widget-container\">\n\t\t\t\t\t\t\t\t\t<p>HGGS LaserCUT GmbH &amp; Co. KG<br \/>Im Gereut 14<br \/>76770 Hatzenb\u00fchl<\/p>\n<p>Rejestr handlowy: HRA 30178<br \/>S\u0105d rejestrowy: Landau<\/p>\n<p><strong>Reprezentowany przez:<\/strong><br \/>HGGS Verwaltungs GmbH<\/p>\n<p>Jest to reprezentowane przez:<br \/>Manfred Gehrlein, Stefan Geiger, Werner Sch\u00f6ttinger<\/p>\n<p>Rejestr handlowy: HRB 30418<br \/>S\u0105d rejestrowy: Landau<\/p>\n<h2>Skontaktuj si\u0119 z nami<\/h2>\n<p>Telefon: +49 7275 9891-0<br \/>Faks: +49 7275 9891-22<br \/>E-mail: lasercut@hggs.de<\/p>\n<h2>Identyfikator podatkowy sprzeda\u017cy<\/h2>\n<p>Numer identyfikacji podatkowej zgodnie z \u00a7 27 ustawy o podatku od sprzeda\u017cy:<br \/>DE 261 869 363<\/p>\n<h2>Odpowiedzialno\u015b\u0107 redakcyjna<\/h2>\n<p>Dr Manuel Peter<\/p>\n\t\t\t\t\t\t\t\t<\/div>\n\t\t\t\t<\/div>\n\t\t\t\t\t<\/div>\n\t\t\t\t<\/div>\n\t\t\t\t<\/div>\n\t\t","protected":false},"excerpt":{"rendered":"<p>Nadruk HGGS LaserCUT GmbH &amp; Co. KGIm Gereut 1476770 Hatzenb\u00fchl Rejestr handlowy: HRA 30178S\u0105d rejestrowy: Landau Reprezentowany przez:HGGS Verwaltungs GmbH Jest to reprezentowane przez:Manfred Gehrlein, Stefan Geiger, Werner Sch\u00f6ttinger Rejestr handlowy: HRB 30418S\u0105d rejestrowy: Landau Skontaktuj si\u0119 z nami Telefon: +49 7275 9891-0Faks: +49 7275 9891-22E-mail: lasercut@hggs.de Identyfikator podatkowy sprzeda\u017cy Numer identyfikacji podatkowej zgodnie z [&hellip;]<\/p>\n","protected":false},"author":1,"featured_media":0,"parent":0,"menu_order":0,"comment_status":"closed","ping_status":"closed","template":"","meta":{"footnotes":""},"class_list":["post-7578","page","type-page","status-publish","hentry"],"yoast_head":"<!-- This site is optimized with the Yoast SEO plugin v27.3 - https:\/\/yoast.com\/product\/yoast-seo-wordpress\/ -->\n<title>Nadruk - HGGS<\/title>\n<meta name=\"robots\" content=\"index, follow, max-snippet:-1, max-image-preview:large, max-video-preview:-1\" \/>\n<link rel=\"canonical\" href=\"https:\/\/hggs.de\/pl\/nadruk\/\" \/>\n<meta property=\"og:locale\" content=\"pl_PL\" \/>\n<meta property=\"og:type\" content=\"article\" \/>\n<meta property=\"og:title\" content=\"Nadruk - HGGS\" \/>\n<meta property=\"og:description\" content=\"Nadruk HGGS LaserCUT GmbH &amp; Co. KGIm Gereut 1476770 Hatzenb\u00fchl Rejestr handlowy: HRA 30178S\u0105d rejestrowy: Landau Reprezentowany przez:HGGS Verwaltungs GmbH Jest to reprezentowane przez:Manfred Gehrlein, Stefan Geiger, Werner Sch\u00f6ttinger Rejestr handlowy: HRB 30418S\u0105d rejestrowy: Landau Skontaktuj si\u0119 z nami Telefon: +49 7275 9891-0Faks: +49 7275 9891-22E-mail: lasercut@hggs.de Identyfikator podatkowy sprzeda\u017cy Numer identyfikacji podatkowej zgodnie z [&hellip;]\" \/>\n<meta property=\"og:url\" content=\"https:\/\/hggs.de\/pl\/nadruk\/\" \/>\n<meta property=\"og:site_name\" content=\"HGGS\" \/>\n<meta property=\"article:modified_time\" content=\"2024-07-23T07:55:56+00:00\" \/>\n<meta name=\"twitter:card\" content=\"summary_large_image\" \/>\n<script type=\"application\/ld+json\" class=\"yoast-schema-graph\">{\"@context\":\"https:\\\/\\\/schema.org\",\"@graph\":[{\"@type\":\"WebPage\",\"@id\":\"https:\\\/\\\/hggs.de\\\/pl\\\/nadruk\\\/\",\"url\":\"https:\\\/\\\/hggs.de\\\/pl\\\/nadruk\\\/\",\"name\":\"Nadruk - HGGS\",\"isPartOf\":{\"@id\":\"https:\\\/\\\/hggs.de\\\/pl\\\/#website\"},\"datePublished\":\"2024-04-05T10:38:13+00:00\",\"dateModified\":\"2024-07-23T07:55:56+00:00\",\"breadcrumb\":{\"@id\":\"https:\\\/\\\/hggs.de\\\/pl\\\/nadruk\\\/#breadcrumb\"},\"inLanguage\":\"pl-PL\",\"potentialAction\":[{\"@type\":\"ReadAction\",\"target\":[\"https:\\\/\\\/hggs.de\\\/pl\\\/nadruk\\\/\"]}]},{\"@type\":\"BreadcrumbList\",\"@id\":\"https:\\\/\\\/hggs.de\\\/pl\\\/nadruk\\\/#breadcrumb\",\"itemListElement\":[{\"@type\":\"ListItem\",\"position\":1,\"name\":\"Startseite\",\"item\":\"https:\\\/\\\/hggs.de\\\/pl\\\/\"},{\"@type\":\"ListItem\",\"position\":2,\"name\":\"Nadruk\"}]},{\"@type\":\"WebSite\",\"@id\":\"https:\\\/\\\/hggs.de\\\/pl\\\/#website\",\"url\":\"https:\\\/\\\/hggs.de\\\/pl\\\/\",\"name\":\"HGGS\",\"description\":\"\",\"publisher\":{\"@id\":\"https:\\\/\\\/hggs.de\\\/pl\\\/#organization\"},\"potentialAction\":[{\"@type\":\"SearchAction\",\"target\":{\"@type\":\"EntryPoint\",\"urlTemplate\":\"https:\\\/\\\/hggs.de\\\/pl\\\/?s={search_term_string}\"},\"query-input\":{\"@type\":\"PropertyValueSpecification\",\"valueRequired\":true,\"valueName\":\"search_term_string\"}}],\"inLanguage\":\"pl-PL\"},{\"@type\":\"Organization\",\"@id\":\"https:\\\/\\\/hggs.de\\\/pl\\\/#organization\",\"name\":\"HGGS\",\"url\":\"https:\\\/\\\/hggs.de\\\/pl\\\/\",\"logo\":{\"@type\":\"ImageObject\",\"inLanguage\":\"pl-PL\",\"@id\":\"https:\\\/\\\/hggs.de\\\/pl\\\/#\\\/schema\\\/logo\\\/image\\\/\",\"url\":\"https:\\\/\\\/hggs.de\\\/wp-content\\\/uploads\\\/neues-Logo_400px.png\",\"contentUrl\":\"https:\\\/\\\/hggs.de\\\/wp-content\\\/uploads\\\/neues-Logo_400px.png\",\"width\":400,\"height\":223,\"caption\":\"HGGS\"},\"image\":{\"@id\":\"https:\\\/\\\/hggs.de\\\/pl\\\/#\\\/schema\\\/logo\\\/image\\\/\"}}]}<\/script>\n<!-- \/ Yoast SEO plugin. -->","yoast_head_json":{"title":"Nadruk - HGGS","robots":{"index":"index","follow":"follow","max-snippet":"max-snippet:-1","max-image-preview":"max-image-preview:large","max-video-preview":"max-video-preview:-1"},"canonical":"https:\/\/hggs.de\/pl\/nadruk\/","og_locale":"pl_PL","og_type":"article","og_title":"Nadruk - HGGS","og_description":"Nadruk HGGS LaserCUT GmbH &amp; Co. KGIm Gereut 1476770 Hatzenb\u00fchl Rejestr handlowy: HRA 30178S\u0105d rejestrowy: Landau Reprezentowany przez:HGGS Verwaltungs GmbH Jest to reprezentowane przez:Manfred Gehrlein, Stefan Geiger, Werner Sch\u00f6ttinger Rejestr handlowy: HRB 30418S\u0105d rejestrowy: Landau Skontaktuj si\u0119 z nami Telefon: +49 7275 9891-0Faks: +49 7275 9891-22E-mail: lasercut@hggs.de Identyfikator podatkowy sprzeda\u017cy Numer identyfikacji podatkowej zgodnie z [&hellip;]","og_url":"https:\/\/hggs.de\/pl\/nadruk\/","og_site_name":"HGGS","article_modified_time":"2024-07-23T07:55:56+00:00","twitter_card":"summary_large_image","schema":{"@context":"https:\/\/schema.org","@graph":[{"@type":"WebPage","@id":"https:\/\/hggs.de\/pl\/nadruk\/","url":"https:\/\/hggs.de\/pl\/nadruk\/","name":"Nadruk - HGGS","isPartOf":{"@id":"https:\/\/hggs.de\/pl\/#website"},"datePublished":"2024-04-05T10:38:13+00:00","dateModified":"2024-07-23T07:55:56+00:00","breadcrumb":{"@id":"https:\/\/hggs.de\/pl\/nadruk\/#breadcrumb"},"inLanguage":"pl-PL","potentialAction":[{"@type":"ReadAction","target":["https:\/\/hggs.de\/pl\/nadruk\/"]}]},{"@type":"BreadcrumbList","@id":"https:\/\/hggs.de\/pl\/nadruk\/#breadcrumb","itemListElement":[{"@type":"ListItem","position":1,"name":"Startseite","item":"https:\/\/hggs.de\/pl\/"},{"@type":"ListItem","position":2,"name":"Nadruk"}]},{"@type":"WebSite","@id":"https:\/\/hggs.de\/pl\/#website","url":"https:\/\/hggs.de\/pl\/","name":"HGGS","description":"","publisher":{"@id":"https:\/\/hggs.de\/pl\/#organization"},"potentialAction":[{"@type":"SearchAction","target":{"@type":"EntryPoint","urlTemplate":"https:\/\/hggs.de\/pl\/?s={search_term_string}"},"query-input":{"@type":"PropertyValueSpecification","valueRequired":true,"valueName":"search_term_string"}}],"inLanguage":"pl-PL"},{"@type":"Organization","@id":"https:\/\/hggs.de\/pl\/#organization","name":"HGGS","url":"https:\/\/hggs.de\/pl\/","logo":{"@type":"ImageObject","inLanguage":"pl-PL","@id":"https:\/\/hggs.de\/pl\/#\/schema\/logo\/image\/","url":"https:\/\/hggs.de\/wp-content\/uploads\/neues-Logo_400px.png","contentUrl":"https:\/\/hggs.de\/wp-content\/uploads\/neues-Logo_400px.png","width":400,"height":223,"caption":"HGGS"},"image":{"@id":"https:\/\/hggs.de\/pl\/#\/schema\/logo\/image\/"}}]}},"_links":{"self":[{"href":"https:\/\/hggs.de\/pl\/wp-json\/wp\/v2\/pages\/7578","targetHints":{"allow":["GET"]}}],"collection":[{"href":"https:\/\/hggs.de\/pl\/wp-json\/wp\/v2\/pages"}],"about":[{"href":"https:\/\/hggs.de\/pl\/wp-json\/wp\/v2\/types\/page"}],"author":[{"embeddable":true,"href":"https:\/\/hggs.de\/pl\/wp-json\/wp\/v2\/users\/1"}],"replies":[{"embeddable":true,"href":"https:\/\/hggs.de\/pl\/wp-json\/wp\/v2\/comments?post=7578"}],"version-history":[{"count":3,"href":"https:\/\/hggs.de\/pl\/wp-json\/wp\/v2\/pages\/7578\/revisions"}],"predecessor-version":[{"id":9028,"href":"https:\/\/hggs.de\/pl\/wp-json\/wp\/v2\/pages\/7578\/revisions\/9028"}],"wp:attachment":[{"href":"https:\/\/hggs.de\/pl\/wp-json\/wp\/v2\/media?parent=7578"}],"curies":[{"name":"wp","href":"https:\/\/api.w.org\/{rel}","templated":true}]}}