{"id":7880,"date":"2024-04-22T14:58:55","date_gmt":"2024-04-22T12:58:55","guid":{"rendered":"https:\/\/2024.hggs.de\/machines-agricoles-et-de-construction\/"},"modified":"2024-07-25T09:12:47","modified_gmt":"2024-07-25T07:12:47","slug":"machines-agricoles-et-de-construction","status":"publish","type":"page","link":"https:\/\/hggs.de\/fr\/secteurs-dactivite\/machines-agricoles-et-de-construction\/","title":{"rendered":"Machines agricoles et de construction"},"content":{"rendered":"\t\t<div data-elementor-type=\"wp-page\" data-elementor-id=\"7880\" class=\"elementor elementor-7880 elementor-3582\" data-elementor-post-type=\"page\">\n\t\t\t\t<div data-particle_enable=\"false\" data-particle-mobile-disabled=\"false\" class=\"elementor-element elementor-element-2227b42 e-flex e-con-boxed e-con e-parent\" data-id=\"2227b42\" data-element_type=\"container\" data-e-type=\"container\" data-settings=\"{&quot;background_background&quot;:&quot;classic&quot;}\">\n\t\t\t\t\t<div class=\"e-con-inner\">\n\t\t<div data-particle_enable=\"false\" data-particle-mobile-disabled=\"false\" class=\"elementor-element elementor-element-7c429b0 e-con-full e-flex e-con e-child\" data-id=\"7c429b0\" data-element_type=\"container\" data-e-type=\"container\">\n\t\t\t\t<div class=\"elementor-element elementor-element-b0e2bfd elementor-widget__width-initial topimg-overlay elementor-widget elementor-widget-heading\" data-id=\"b0e2bfd\" data-element_type=\"widget\" data-e-type=\"widget\" data-widget_type=\"heading.default\">\n\t\t\t\t<div class=\"elementor-widget-container\">\n\t\t\t\t\t<h2 class=\"elementor-heading-title elementor-size-default\">Machines agricoles et <br>Machines de construction<\/h2>\t\t\t\t<\/div>\n\t\t\t\t<\/div>\n\t\t\t\t<div class=\"elementor-element elementor-element-3fe1d7b elementor-widget elementor-widget-text-editor\" data-id=\"3fe1d7b\" data-element_type=\"widget\" data-e-type=\"widget\" data-widget_type=\"text-editor.default\">\n\t\t\t\t<div class=\"elementor-widget-container\">\n\t\t\t\t\t\t\t\t\t<p>Secteur &#8211; Machines agricoles et de construction<\/p>\n\t\t\t\t\t\t\t\t<\/div>\n\t\t\t\t<\/div>\n\t\t\t\t<\/div>\n\t\t\t\t\t<\/div>\n\t\t\t\t<\/div>\n\t\t<div data-particle_enable=\"false\" data-particle-mobile-disabled=\"false\" class=\"elementor-element elementor-element-2d8f609 e-flex e-con-boxed e-con e-parent\" data-id=\"2d8f609\" data-element_type=\"container\" data-e-type=\"container\" data-settings=\"{&quot;background_background&quot;:&quot;classic&quot;}\">\n\t\t\t\t\t<div class=\"e-con-inner\">\n\t\t<div data-particle_enable=\"false\" data-particle-mobile-disabled=\"false\" class=\"elementor-element elementor-element-6a1f61b e-con-full e-flex e-con e-child\" data-id=\"6a1f61b\" data-element_type=\"container\" data-e-type=\"container\" data-settings=\"{&quot;background_background&quot;:&quot;classic&quot;}\">\n\t\t\t\t<div class=\"elementor-element elementor-element-fa27676 elementor-widget elementor-widget-heading\" data-id=\"fa27676\" data-element_type=\"widget\" data-e-type=\"widget\" data-widget_type=\"heading.default\">\n\t\t\t\t<div class=\"elementor-widget-container\">\n\t\t\t\t\t<h1 class=\"elementor-heading-title elementor-size-default\">Machines agricoles et de construction<\/h1>\t\t\t\t<\/div>\n\t\t\t\t<\/div>\n\t\t\t\t<div class=\"elementor-element elementor-element-e882741 elementor-widget elementor-widget-text-editor\" data-id=\"e882741\" data-element_type=\"widget\" data-e-type=\"widget\" data-widget_type=\"text-editor.default\">\n\t\t\t\t<div class=\"elementor-widget-container\">\n\t\t\t\t\t\t\t\t\t<p>Les machines de construction et agricoles doivent r\u00e9sister aux conditions d&rsquo;utilisation les plus difficiles : La poussi\u00e8re et la salet\u00e9 ainsi que les contraintes m\u00e9caniques \u00e9lev\u00e9es n&rsquo;en sont que quelques-unes. Les utilisateurs doivent pouvoir compter chaque jour sur la fiabilit\u00e9 des composants. Dans le secteur des machines agricoles et de construction, les exigences sont particuli\u00e8rement \u00e9lev\u00e9es. Des constructions rigides et une grande durabilit\u00e9 sont indispensables pour faire face aux contraintes de l&rsquo;utilisation. Parall\u00e8lement, la production doit rester rentable.<\/p>\n<p><span style=\"font-family: var( --e-global-typography-e15823d-font-family ), Sans-serif; font-size: var( --e-global-typography-e15823d-font-size ); font-weight: var( --e-global-typography-e15823d-font-weight ); letter-spacing: var( --e-global-typography-e15823d-letter-spacing ); word-spacing: var( --e-global-typography-e15823d-word-spacing ); text-align: var(--text-align);\">Pour r\u00e9pondre \u00e0 ces exigences, nous utilisons des composants en t\u00f4le et des ensembles soud\u00e9s de haute qualit\u00e9. Ces composants offrent une structure robuste tout en permettant une production \u00e9conomique. Gr\u00e2ce \u00e0 un soudage pr\u00e9cis et \u00e0 une conception soign\u00e9e, nous nous assurons que nos composants et sous-ensembles r\u00e9sistent aux conditions exigeantes du terrain et garantissent la s\u00e9curit\u00e9 et l&rsquo;efficacit\u00e9 des machines agricoles et de construction.<\/span><\/p>\t\t\t\t\t\t\t\t<\/div>\n\t\t\t\t<\/div>\n\t\t\t\t<\/div>\n\t\t\t\t\t<\/div>\n\t\t\t\t<\/div>\n\t\t\t\t<\/div>\n\t\t","protected":false},"excerpt":{"rendered":"<p>Machines agricoles et Machines de construction Secteur &#8211; Machines agricoles et de construction Machines agricoles et de construction Les machines de construction et agricoles doivent r\u00e9sister aux conditions d&rsquo;utilisation les plus difficiles : La poussi\u00e8re et la salet\u00e9 ainsi que les contraintes m\u00e9caniques \u00e9lev\u00e9es n&rsquo;en sont que quelques-unes. Les utilisateurs doivent pouvoir compter chaque jour [&hellip;]<\/p>\n","protected":false},"author":1,"featured_media":0,"parent":7918,"menu_order":1,"comment_status":"closed","ping_status":"closed","template":"","meta":{"footnotes":""},"class_list":["post-7880","page","type-page","status-publish","hentry"],"yoast_head":"<!-- This site is optimized with the Yoast SEO plugin v27.3 - https:\/\/yoast.com\/product\/yoast-seo-wordpress\/ -->\n<title>Machines agricoles et de construction - HGGS<\/title>\n<meta name=\"robots\" content=\"index, follow, max-snippet:-1, max-image-preview:large, max-video-preview:-1\" \/>\n<link rel=\"canonical\" href=\"https:\/\/hggs.de\/fr\/secteurs-dactivite\/machines-agricoles-et-de-construction\/\" \/>\n<meta property=\"og:locale\" content=\"fr_FR\" \/>\n<meta property=\"og:type\" content=\"article\" \/>\n<meta property=\"og:title\" content=\"Machines agricoles et de construction - HGGS\" \/>\n<meta property=\"og:description\" content=\"Machines agricoles et Machines de construction Secteur &#8211; Machines agricoles et de construction Machines agricoles et de construction Les machines de construction et agricoles doivent r\u00e9sister aux conditions d&rsquo;utilisation les plus difficiles : La poussi\u00e8re et la salet\u00e9 ainsi que les contraintes m\u00e9caniques \u00e9lev\u00e9es n&rsquo;en sont que quelques-unes. Les utilisateurs doivent pouvoir compter chaque jour [&hellip;]\" \/>\n<meta property=\"og:url\" content=\"https:\/\/hggs.de\/fr\/secteurs-dactivite\/machines-agricoles-et-de-construction\/\" \/>\n<meta property=\"og:site_name\" content=\"HGGS\" \/>\n<meta property=\"article:modified_time\" content=\"2024-07-25T07:12:47+00:00\" \/>\n<meta name=\"twitter:card\" content=\"summary_large_image\" \/>\n<meta name=\"twitter:label1\" content=\"Dur\u00e9e de lecture estim\u00e9e\" \/>\n\t<meta name=\"twitter:data1\" content=\"1 minute\" \/>\n<script type=\"application\/ld+json\" class=\"yoast-schema-graph\">{\"@context\":\"https:\\\/\\\/schema.org\",\"@graph\":[{\"@type\":\"WebPage\",\"@id\":\"https:\\\/\\\/hggs.de\\\/fr\\\/secteurs-dactivite\\\/machines-agricoles-et-de-construction\\\/\",\"url\":\"https:\\\/\\\/hggs.de\\\/fr\\\/secteurs-dactivite\\\/machines-agricoles-et-de-construction\\\/\",\"name\":\"Machines agricoles et de construction - HGGS\",\"isPartOf\":{\"@id\":\"https:\\\/\\\/hggs.de\\\/fr\\\/#website\"},\"datePublished\":\"2024-04-22T12:58:55+00:00\",\"dateModified\":\"2024-07-25T07:12:47+00:00\",\"breadcrumb\":{\"@id\":\"https:\\\/\\\/hggs.de\\\/fr\\\/secteurs-dactivite\\\/machines-agricoles-et-de-construction\\\/#breadcrumb\"},\"inLanguage\":\"fr-FR\",\"potentialAction\":[{\"@type\":\"ReadAction\",\"target\":[\"https:\\\/\\\/hggs.de\\\/fr\\\/secteurs-dactivite\\\/machines-agricoles-et-de-construction\\\/\"]}]},{\"@type\":\"BreadcrumbList\",\"@id\":\"https:\\\/\\\/hggs.de\\\/fr\\\/secteurs-dactivite\\\/machines-agricoles-et-de-construction\\\/#breadcrumb\",\"itemListElement\":[{\"@type\":\"ListItem\",\"position\":1,\"name\":\"Startseite\",\"item\":\"https:\\\/\\\/hggs.de\\\/fr\\\/\"},{\"@type\":\"ListItem\",\"position\":2,\"name\":\"Secteurs d&rsquo;activit\u00e9\",\"item\":\"https:\\\/\\\/hggs.de\\\/fr\\\/secteurs-dactivite\\\/\"},{\"@type\":\"ListItem\",\"position\":3,\"name\":\"Machines agricoles et de construction\"}]},{\"@type\":\"WebSite\",\"@id\":\"https:\\\/\\\/hggs.de\\\/fr\\\/#website\",\"url\":\"https:\\\/\\\/hggs.de\\\/fr\\\/\",\"name\":\"HGGS\",\"description\":\"\",\"publisher\":{\"@id\":\"https:\\\/\\\/hggs.de\\\/fr\\\/#organization\"},\"potentialAction\":[{\"@type\":\"SearchAction\",\"target\":{\"@type\":\"EntryPoint\",\"urlTemplate\":\"https:\\\/\\\/hggs.de\\\/fr\\\/?s={search_term_string}\"},\"query-input\":{\"@type\":\"PropertyValueSpecification\",\"valueRequired\":true,\"valueName\":\"search_term_string\"}}],\"inLanguage\":\"fr-FR\"},{\"@type\":\"Organization\",\"@id\":\"https:\\\/\\\/hggs.de\\\/fr\\\/#organization\",\"name\":\"HGGS\",\"url\":\"https:\\\/\\\/hggs.de\\\/fr\\\/\",\"logo\":{\"@type\":\"ImageObject\",\"inLanguage\":\"fr-FR\",\"@id\":\"https:\\\/\\\/hggs.de\\\/fr\\\/#\\\/schema\\\/logo\\\/image\\\/\",\"url\":\"https:\\\/\\\/hggs.de\\\/wp-content\\\/uploads\\\/neues-Logo_400px.png\",\"contentUrl\":\"https:\\\/\\\/hggs.de\\\/wp-content\\\/uploads\\\/neues-Logo_400px.png\",\"width\":400,\"height\":223,\"caption\":\"HGGS\"},\"image\":{\"@id\":\"https:\\\/\\\/hggs.de\\\/fr\\\/#\\\/schema\\\/logo\\\/image\\\/\"}}]}<\/script>\n<!-- \/ Yoast SEO plugin. -->","yoast_head_json":{"title":"Machines agricoles et de construction - HGGS","robots":{"index":"index","follow":"follow","max-snippet":"max-snippet:-1","max-image-preview":"max-image-preview:large","max-video-preview":"max-video-preview:-1"},"canonical":"https:\/\/hggs.de\/fr\/secteurs-dactivite\/machines-agricoles-et-de-construction\/","og_locale":"fr_FR","og_type":"article","og_title":"Machines agricoles et de construction - HGGS","og_description":"Machines agricoles et Machines de construction Secteur &#8211; Machines agricoles et de construction Machines agricoles et de construction Les machines de construction et agricoles doivent r\u00e9sister aux conditions d&rsquo;utilisation les plus difficiles : La poussi\u00e8re et la salet\u00e9 ainsi que les contraintes m\u00e9caniques \u00e9lev\u00e9es n&rsquo;en sont que quelques-unes. Les utilisateurs doivent pouvoir compter chaque jour [&hellip;]","og_url":"https:\/\/hggs.de\/fr\/secteurs-dactivite\/machines-agricoles-et-de-construction\/","og_site_name":"HGGS","article_modified_time":"2024-07-25T07:12:47+00:00","twitter_card":"summary_large_image","twitter_misc":{"Dur\u00e9e de lecture estim\u00e9e":"1 minute"},"schema":{"@context":"https:\/\/schema.org","@graph":[{"@type":"WebPage","@id":"https:\/\/hggs.de\/fr\/secteurs-dactivite\/machines-agricoles-et-de-construction\/","url":"https:\/\/hggs.de\/fr\/secteurs-dactivite\/machines-agricoles-et-de-construction\/","name":"Machines agricoles et de construction - HGGS","isPartOf":{"@id":"https:\/\/hggs.de\/fr\/#website"},"datePublished":"2024-04-22T12:58:55+00:00","dateModified":"2024-07-25T07:12:47+00:00","breadcrumb":{"@id":"https:\/\/hggs.de\/fr\/secteurs-dactivite\/machines-agricoles-et-de-construction\/#breadcrumb"},"inLanguage":"fr-FR","potentialAction":[{"@type":"ReadAction","target":["https:\/\/hggs.de\/fr\/secteurs-dactivite\/machines-agricoles-et-de-construction\/"]}]},{"@type":"BreadcrumbList","@id":"https:\/\/hggs.de\/fr\/secteurs-dactivite\/machines-agricoles-et-de-construction\/#breadcrumb","itemListElement":[{"@type":"ListItem","position":1,"name":"Startseite","item":"https:\/\/hggs.de\/fr\/"},{"@type":"ListItem","position":2,"name":"Secteurs d&rsquo;activit\u00e9","item":"https:\/\/hggs.de\/fr\/secteurs-dactivite\/"},{"@type":"ListItem","position":3,"name":"Machines agricoles et de construction"}]},{"@type":"WebSite","@id":"https:\/\/hggs.de\/fr\/#website","url":"https:\/\/hggs.de\/fr\/","name":"HGGS","description":"","publisher":{"@id":"https:\/\/hggs.de\/fr\/#organization"},"potentialAction":[{"@type":"SearchAction","target":{"@type":"EntryPoint","urlTemplate":"https:\/\/hggs.de\/fr\/?s={search_term_string}"},"query-input":{"@type":"PropertyValueSpecification","valueRequired":true,"valueName":"search_term_string"}}],"inLanguage":"fr-FR"},{"@type":"Organization","@id":"https:\/\/hggs.de\/fr\/#organization","name":"HGGS","url":"https:\/\/hggs.de\/fr\/","logo":{"@type":"ImageObject","inLanguage":"fr-FR","@id":"https:\/\/hggs.de\/fr\/#\/schema\/logo\/image\/","url":"https:\/\/hggs.de\/wp-content\/uploads\/neues-Logo_400px.png","contentUrl":"https:\/\/hggs.de\/wp-content\/uploads\/neues-Logo_400px.png","width":400,"height":223,"caption":"HGGS"},"image":{"@id":"https:\/\/hggs.de\/fr\/#\/schema\/logo\/image\/"}}]}},"_links":{"self":[{"href":"https:\/\/hggs.de\/fr\/wp-json\/wp\/v2\/pages\/7880","targetHints":{"allow":["GET"]}}],"collection":[{"href":"https:\/\/hggs.de\/fr\/wp-json\/wp\/v2\/pages"}],"about":[{"href":"https:\/\/hggs.de\/fr\/wp-json\/wp\/v2\/types\/page"}],"author":[{"embeddable":true,"href":"https:\/\/hggs.de\/fr\/wp-json\/wp\/v2\/users\/1"}],"replies":[{"embeddable":true,"href":"https:\/\/hggs.de\/fr\/wp-json\/wp\/v2\/comments?post=7880"}],"version-history":[{"count":3,"href":"https:\/\/hggs.de\/fr\/wp-json\/wp\/v2\/pages\/7880\/revisions"}],"predecessor-version":[{"id":9446,"href":"https:\/\/hggs.de\/fr\/wp-json\/wp\/v2\/pages\/7880\/revisions\/9446"}],"up":[{"embeddable":true,"href":"https:\/\/hggs.de\/fr\/wp-json\/wp\/v2\/pages\/7918"}],"wp:attachment":[{"href":"https:\/\/hggs.de\/fr\/wp-json\/wp\/v2\/media?parent=7880"}],"curies":[{"name":"wp","href":"https:\/\/api.w.org\/{rel}","templated":true}]}}