{"id":7868,"date":"2024-04-22T14:52:41","date_gmt":"2024-04-22T12:52:41","guid":{"rendered":"https:\/\/2024.hggs.de\/vehicules-utilitaires\/"},"modified":"2024-07-25T13:26:02","modified_gmt":"2024-07-25T11:26:02","slug":"vehicules-utilitaires","status":"publish","type":"page","link":"https:\/\/hggs.de\/fr\/secteurs-dactivite\/vehicules-utilitaires\/","title":{"rendered":"V\u00e9hicules utilitaires"},"content":{"rendered":"\t\t<div data-elementor-type=\"wp-page\" data-elementor-id=\"7868\" class=\"elementor elementor-7868 elementor-3569\" data-elementor-post-type=\"page\">\n\t\t\t\t<div data-particle_enable=\"false\" data-particle-mobile-disabled=\"false\" class=\"elementor-element elementor-element-2227b42 e-flex e-con-boxed e-con e-parent\" data-id=\"2227b42\" data-element_type=\"container\" data-e-type=\"container\" data-settings=\"{&quot;background_background&quot;:&quot;classic&quot;}\">\n\t\t\t\t\t<div class=\"e-con-inner\">\n\t\t<div data-particle_enable=\"false\" data-particle-mobile-disabled=\"false\" class=\"elementor-element elementor-element-7c429b0 e-con-full e-flex e-con e-child\" data-id=\"7c429b0\" data-element_type=\"container\" data-e-type=\"container\">\n\t\t\t\t<div class=\"elementor-element elementor-element-b0e2bfd elementor-widget__width-initial topimg-overlay elementor-widget elementor-widget-heading\" data-id=\"b0e2bfd\" data-element_type=\"widget\" data-e-type=\"widget\" data-widget_type=\"heading.default\">\n\t\t\t\t<div class=\"elementor-widget-container\">\n\t\t\t\t\t<h2 class=\"elementor-heading-title elementor-size-default\">V\u00e9hicules utilitaires<\/h2>\t\t\t\t<\/div>\n\t\t\t\t<\/div>\n\t\t\t\t<div class=\"elementor-element elementor-element-3fe1d7b elementor-widget elementor-widget-text-editor\" data-id=\"3fe1d7b\" data-element_type=\"widget\" data-e-type=\"widget\" data-widget_type=\"text-editor.default\">\n\t\t\t\t<div class=\"elementor-widget-container\">\n\t\t\t\t\t\t\t\t\t<p>Secteur &#8211; V\u00e9hicules utilitaires<\/p>\n\t\t\t\t\t\t\t\t<\/div>\n\t\t\t\t<\/div>\n\t\t\t\t<\/div>\n\t\t\t\t\t<\/div>\n\t\t\t\t<\/div>\n\t\t<div data-particle_enable=\"false\" data-particle-mobile-disabled=\"false\" class=\"elementor-element elementor-element-2d8f609 e-flex e-con-boxed e-con e-parent\" data-id=\"2d8f609\" data-element_type=\"container\" data-e-type=\"container\" data-settings=\"{&quot;background_background&quot;:&quot;classic&quot;}\">\n\t\t\t\t\t<div class=\"e-con-inner\">\n\t\t<div data-particle_enable=\"false\" data-particle-mobile-disabled=\"false\" class=\"elementor-element elementor-element-6a1f61b e-con-full e-flex e-con e-child\" data-id=\"6a1f61b\" data-element_type=\"container\" data-e-type=\"container\" data-settings=\"{&quot;background_background&quot;:&quot;classic&quot;}\">\n\t\t\t\t<div class=\"elementor-element elementor-element-fa27676 elementor-widget elementor-widget-heading\" data-id=\"fa27676\" data-element_type=\"widget\" data-e-type=\"widget\" data-widget_type=\"heading.default\">\n\t\t\t\t<div class=\"elementor-widget-container\">\n\t\t\t\t\t<h1 class=\"elementor-heading-title elementor-size-default\">V\u00e9hicules utilitaires<\/h1>\t\t\t\t<\/div>\n\t\t\t\t<\/div>\n\t\t\t\t<div class=\"elementor-element elementor-element-e882741 elementor-widget elementor-widget-text-editor\" data-id=\"e882741\" data-element_type=\"widget\" data-e-type=\"widget\" data-widget_type=\"text-editor.default\">\n\t\t\t\t<div class=\"elementor-widget-container\">\n\t\t\t\t\t\t\t\t\t<p>Notre entreprise est un fournisseur de premier plan de solutions pour le secteur des v\u00e9hicules utilitaires et se distingue par une fabrication \u00e9conomique et efficace. Gr\u00e2ce \u00e0 notre longue exp\u00e9rience des processus requis, y compris le respect de normes strictes telles que <a href=\"https:\/\/hggs.de\/fr\/certifications\/\">IATF 16949<\/a>, nous garantissons la meilleure qualit\u00e9 et fiabilit\u00e9 de nos produits.<\/p>\n<p>Nous sommes particuli\u00e8rement fiers de notre vaste savoir-faire en mati\u00e8re de fabrication, qui nous permet de r\u00e9pondre aux exigences les plus complexes. Gr\u00e2ce \u00e0 notre fabrication de pr\u00e9cision, nous sommes en mesure d&rsquo;effectuer plusieurs pliages successifs avec la plus grande exactitude.\nCette capacit\u00e9 nous permet de fournir des produits qui r\u00e9pondent exactement aux besoins sp\u00e9cifiques de nos clients.  De plus, nous pouvons r\u00e9aliser avec nos partenaires les rev\u00eatements de surface particuli\u00e8rement r\u00e9sistants qui sont exig\u00e9s pour le secteur des v\u00e9hicules utilitaires.<\/p>\n<p>Un autre avantage d\u00e9cisif de notre entreprise r\u00e9side dans le fait que nos machines de production non li\u00e9es \u00e0 des outils nous permettent de produire efficacement des s\u00e9ries de petite et moyenne taille. Nous pouvons \u00e9galement prendre en charge des volumes moyens \u00e0 importants gr\u00e2ce \u00e0 notre propre fabrication d&rsquo;outils et de moyens de production.<\/p>\n<p>Gr\u00e2ce \u00e0 notre approche engag\u00e9e et \u00e0 notre gestion de la qualit\u00e9, nous nous effor\u00e7ons toujours de d\u00e9passer les attentes de nos clients et de construire des partenariats \u00e0 long terme.<\/p>\t\t\t\t\t\t\t\t<\/div>\n\t\t\t\t<\/div>\n\t\t\t\t<\/div>\n\t\t\t\t\t<\/div>\n\t\t\t\t<\/div>\n\t\t\t\t<\/div>\n\t\t","protected":false},"excerpt":{"rendered":"<p>V\u00e9hicules utilitaires Secteur &#8211; V\u00e9hicules utilitaires V\u00e9hicules utilitaires Notre entreprise est un fournisseur de premier plan de solutions pour le secteur des v\u00e9hicules utilitaires et se distingue par une fabrication \u00e9conomique et efficace. Gr\u00e2ce \u00e0 notre longue exp\u00e9rience des processus requis, y compris le respect de normes strictes telles que IATF 16949, nous garantissons la [&hellip;]<\/p>\n","protected":false},"author":1,"featured_media":0,"parent":7918,"menu_order":1,"comment_status":"closed","ping_status":"closed","template":"","meta":{"footnotes":""},"class_list":["post-7868","page","type-page","status-publish","hentry"],"yoast_head":"<!-- This site is optimized with the Yoast SEO plugin v27.3 - https:\/\/yoast.com\/product\/yoast-seo-wordpress\/ -->\n<title>V\u00e9hicules utilitaires - HGGS<\/title>\n<meta name=\"robots\" content=\"index, follow, max-snippet:-1, max-image-preview:large, max-video-preview:-1\" \/>\n<link rel=\"canonical\" href=\"https:\/\/hggs.de\/fr\/secteurs-dactivite\/vehicules-utilitaires\/\" \/>\n<meta property=\"og:locale\" content=\"fr_FR\" \/>\n<meta property=\"og:type\" content=\"article\" \/>\n<meta property=\"og:title\" content=\"V\u00e9hicules utilitaires - HGGS\" \/>\n<meta property=\"og:description\" content=\"V\u00e9hicules utilitaires Secteur &#8211; V\u00e9hicules utilitaires V\u00e9hicules utilitaires Notre entreprise est un fournisseur de premier plan de solutions pour le secteur des v\u00e9hicules utilitaires et se distingue par une fabrication \u00e9conomique et efficace. Gr\u00e2ce \u00e0 notre longue exp\u00e9rience des processus requis, y compris le respect de normes strictes telles que IATF 16949, nous garantissons la [&hellip;]\" \/>\n<meta property=\"og:url\" content=\"https:\/\/hggs.de\/fr\/secteurs-dactivite\/vehicules-utilitaires\/\" \/>\n<meta property=\"og:site_name\" content=\"HGGS\" \/>\n<meta property=\"article:modified_time\" content=\"2024-07-25T11:26:02+00:00\" \/>\n<meta name=\"twitter:card\" content=\"summary_large_image\" \/>\n<meta name=\"twitter:label1\" content=\"Dur\u00e9e de lecture estim\u00e9e\" \/>\n\t<meta name=\"twitter:data1\" content=\"1 minute\" \/>\n<script type=\"application\/ld+json\" class=\"yoast-schema-graph\">{\"@context\":\"https:\\\/\\\/schema.org\",\"@graph\":[{\"@type\":\"WebPage\",\"@id\":\"https:\\\/\\\/hggs.de\\\/fr\\\/secteurs-dactivite\\\/vehicules-utilitaires\\\/\",\"url\":\"https:\\\/\\\/hggs.de\\\/fr\\\/secteurs-dactivite\\\/vehicules-utilitaires\\\/\",\"name\":\"V\u00e9hicules utilitaires - HGGS\",\"isPartOf\":{\"@id\":\"https:\\\/\\\/hggs.de\\\/fr\\\/#website\"},\"datePublished\":\"2024-04-22T12:52:41+00:00\",\"dateModified\":\"2024-07-25T11:26:02+00:00\",\"breadcrumb\":{\"@id\":\"https:\\\/\\\/hggs.de\\\/fr\\\/secteurs-dactivite\\\/vehicules-utilitaires\\\/#breadcrumb\"},\"inLanguage\":\"fr-FR\",\"potentialAction\":[{\"@type\":\"ReadAction\",\"target\":[\"https:\\\/\\\/hggs.de\\\/fr\\\/secteurs-dactivite\\\/vehicules-utilitaires\\\/\"]}]},{\"@type\":\"BreadcrumbList\",\"@id\":\"https:\\\/\\\/hggs.de\\\/fr\\\/secteurs-dactivite\\\/vehicules-utilitaires\\\/#breadcrumb\",\"itemListElement\":[{\"@type\":\"ListItem\",\"position\":1,\"name\":\"Startseite\",\"item\":\"https:\\\/\\\/hggs.de\\\/fr\\\/\"},{\"@type\":\"ListItem\",\"position\":2,\"name\":\"Secteurs d&rsquo;activit\u00e9\",\"item\":\"https:\\\/\\\/hggs.de\\\/fr\\\/secteurs-dactivite\\\/\"},{\"@type\":\"ListItem\",\"position\":3,\"name\":\"V\u00e9hicules utilitaires\"}]},{\"@type\":\"WebSite\",\"@id\":\"https:\\\/\\\/hggs.de\\\/fr\\\/#website\",\"url\":\"https:\\\/\\\/hggs.de\\\/fr\\\/\",\"name\":\"HGGS\",\"description\":\"\",\"publisher\":{\"@id\":\"https:\\\/\\\/hggs.de\\\/fr\\\/#organization\"},\"potentialAction\":[{\"@type\":\"SearchAction\",\"target\":{\"@type\":\"EntryPoint\",\"urlTemplate\":\"https:\\\/\\\/hggs.de\\\/fr\\\/?s={search_term_string}\"},\"query-input\":{\"@type\":\"PropertyValueSpecification\",\"valueRequired\":true,\"valueName\":\"search_term_string\"}}],\"inLanguage\":\"fr-FR\"},{\"@type\":\"Organization\",\"@id\":\"https:\\\/\\\/hggs.de\\\/fr\\\/#organization\",\"name\":\"HGGS\",\"url\":\"https:\\\/\\\/hggs.de\\\/fr\\\/\",\"logo\":{\"@type\":\"ImageObject\",\"inLanguage\":\"fr-FR\",\"@id\":\"https:\\\/\\\/hggs.de\\\/fr\\\/#\\\/schema\\\/logo\\\/image\\\/\",\"url\":\"https:\\\/\\\/hggs.de\\\/wp-content\\\/uploads\\\/neues-Logo_400px.png\",\"contentUrl\":\"https:\\\/\\\/hggs.de\\\/wp-content\\\/uploads\\\/neues-Logo_400px.png\",\"width\":400,\"height\":223,\"caption\":\"HGGS\"},\"image\":{\"@id\":\"https:\\\/\\\/hggs.de\\\/fr\\\/#\\\/schema\\\/logo\\\/image\\\/\"}}]}<\/script>\n<!-- \/ Yoast SEO plugin. -->","yoast_head_json":{"title":"V\u00e9hicules utilitaires - HGGS","robots":{"index":"index","follow":"follow","max-snippet":"max-snippet:-1","max-image-preview":"max-image-preview:large","max-video-preview":"max-video-preview:-1"},"canonical":"https:\/\/hggs.de\/fr\/secteurs-dactivite\/vehicules-utilitaires\/","og_locale":"fr_FR","og_type":"article","og_title":"V\u00e9hicules utilitaires - HGGS","og_description":"V\u00e9hicules utilitaires Secteur &#8211; V\u00e9hicules utilitaires V\u00e9hicules utilitaires Notre entreprise est un fournisseur de premier plan de solutions pour le secteur des v\u00e9hicules utilitaires et se distingue par une fabrication \u00e9conomique et efficace. Gr\u00e2ce \u00e0 notre longue exp\u00e9rience des processus requis, y compris le respect de normes strictes telles que IATF 16949, nous garantissons la [&hellip;]","og_url":"https:\/\/hggs.de\/fr\/secteurs-dactivite\/vehicules-utilitaires\/","og_site_name":"HGGS","article_modified_time":"2024-07-25T11:26:02+00:00","twitter_card":"summary_large_image","twitter_misc":{"Dur\u00e9e de lecture estim\u00e9e":"1 minute"},"schema":{"@context":"https:\/\/schema.org","@graph":[{"@type":"WebPage","@id":"https:\/\/hggs.de\/fr\/secteurs-dactivite\/vehicules-utilitaires\/","url":"https:\/\/hggs.de\/fr\/secteurs-dactivite\/vehicules-utilitaires\/","name":"V\u00e9hicules utilitaires - HGGS","isPartOf":{"@id":"https:\/\/hggs.de\/fr\/#website"},"datePublished":"2024-04-22T12:52:41+00:00","dateModified":"2024-07-25T11:26:02+00:00","breadcrumb":{"@id":"https:\/\/hggs.de\/fr\/secteurs-dactivite\/vehicules-utilitaires\/#breadcrumb"},"inLanguage":"fr-FR","potentialAction":[{"@type":"ReadAction","target":["https:\/\/hggs.de\/fr\/secteurs-dactivite\/vehicules-utilitaires\/"]}]},{"@type":"BreadcrumbList","@id":"https:\/\/hggs.de\/fr\/secteurs-dactivite\/vehicules-utilitaires\/#breadcrumb","itemListElement":[{"@type":"ListItem","position":1,"name":"Startseite","item":"https:\/\/hggs.de\/fr\/"},{"@type":"ListItem","position":2,"name":"Secteurs d&rsquo;activit\u00e9","item":"https:\/\/hggs.de\/fr\/secteurs-dactivite\/"},{"@type":"ListItem","position":3,"name":"V\u00e9hicules utilitaires"}]},{"@type":"WebSite","@id":"https:\/\/hggs.de\/fr\/#website","url":"https:\/\/hggs.de\/fr\/","name":"HGGS","description":"","publisher":{"@id":"https:\/\/hggs.de\/fr\/#organization"},"potentialAction":[{"@type":"SearchAction","target":{"@type":"EntryPoint","urlTemplate":"https:\/\/hggs.de\/fr\/?s={search_term_string}"},"query-input":{"@type":"PropertyValueSpecification","valueRequired":true,"valueName":"search_term_string"}}],"inLanguage":"fr-FR"},{"@type":"Organization","@id":"https:\/\/hggs.de\/fr\/#organization","name":"HGGS","url":"https:\/\/hggs.de\/fr\/","logo":{"@type":"ImageObject","inLanguage":"fr-FR","@id":"https:\/\/hggs.de\/fr\/#\/schema\/logo\/image\/","url":"https:\/\/hggs.de\/wp-content\/uploads\/neues-Logo_400px.png","contentUrl":"https:\/\/hggs.de\/wp-content\/uploads\/neues-Logo_400px.png","width":400,"height":223,"caption":"HGGS"},"image":{"@id":"https:\/\/hggs.de\/fr\/#\/schema\/logo\/image\/"}}]}},"_links":{"self":[{"href":"https:\/\/hggs.de\/fr\/wp-json\/wp\/v2\/pages\/7868","targetHints":{"allow":["GET"]}}],"collection":[{"href":"https:\/\/hggs.de\/fr\/wp-json\/wp\/v2\/pages"}],"about":[{"href":"https:\/\/hggs.de\/fr\/wp-json\/wp\/v2\/types\/page"}],"author":[{"embeddable":true,"href":"https:\/\/hggs.de\/fr\/wp-json\/wp\/v2\/users\/1"}],"replies":[{"embeddable":true,"href":"https:\/\/hggs.de\/fr\/wp-json\/wp\/v2\/comments?post=7868"}],"version-history":[{"count":5,"href":"https:\/\/hggs.de\/fr\/wp-json\/wp\/v2\/pages\/7868\/revisions"}],"predecessor-version":[{"id":9520,"href":"https:\/\/hggs.de\/fr\/wp-json\/wp\/v2\/pages\/7868\/revisions\/9520"}],"up":[{"embeddable":true,"href":"https:\/\/hggs.de\/fr\/wp-json\/wp\/v2\/pages\/7918"}],"wp:attachment":[{"href":"https:\/\/hggs.de\/fr\/wp-json\/wp\/v2\/media?parent=7868"}],"curies":[{"name":"wp","href":"https:\/\/api.w.org\/{rel}","templated":true}]}}