{"id":7854,"date":"2024-04-22T15:00:43","date_gmt":"2024-04-22T13:00:43","guid":{"rendered":"https:\/\/2024.hggs.de\/construction-de-machines-et-doutils\/"},"modified":"2024-07-31T12:25:53","modified_gmt":"2024-07-31T10:25:53","slug":"construction-de-machines-et-doutils","status":"publish","type":"page","link":"https:\/\/hggs.de\/fr\/secteurs-dactivite\/construction-de-machines-et-doutils\/","title":{"rendered":"Construction de machines et d&rsquo;outils"},"content":{"rendered":"\t\t<div data-elementor-type=\"wp-page\" data-elementor-id=\"7854\" class=\"elementor elementor-7854 elementor-3587\" data-elementor-post-type=\"page\">\n\t\t\t\t<div data-particle_enable=\"false\" data-particle-mobile-disabled=\"false\" class=\"elementor-element elementor-element-2227b42 e-flex e-con-boxed e-con e-parent\" data-id=\"2227b42\" data-element_type=\"container\" data-e-type=\"container\" data-settings=\"{&quot;background_background&quot;:&quot;classic&quot;}\">\n\t\t\t\t\t<div class=\"e-con-inner\">\n\t\t<div data-particle_enable=\"false\" data-particle-mobile-disabled=\"false\" class=\"elementor-element elementor-element-7c429b0 e-con-full e-flex e-con e-child\" data-id=\"7c429b0\" data-element_type=\"container\" data-e-type=\"container\">\n\t\t\t\t<div class=\"elementor-element elementor-element-b0e2bfd elementor-widget__width-initial topimg-overlay elementor-widget elementor-widget-heading\" data-id=\"b0e2bfd\" data-element_type=\"widget\" data-e-type=\"widget\" data-widget_type=\"heading.default\">\n\t\t\t\t<div class=\"elementor-widget-container\">\n\t\t\t\t\t<h2 class=\"elementor-heading-title elementor-size-default\">Construction de machines et <br>Construction d'outils<\/h2>\t\t\t\t<\/div>\n\t\t\t\t<\/div>\n\t\t\t\t<div class=\"elementor-element elementor-element-3fe1d7b elementor-widget elementor-widget-text-editor\" data-id=\"3fe1d7b\" data-element_type=\"widget\" data-e-type=\"widget\" data-widget_type=\"text-editor.default\">\n\t\t\t\t<div class=\"elementor-widget-container\">\n\t\t\t\t\t\t\t\t\t<p>Secteur &#8211; Construction de machines et d&rsquo;outils<\/p>\n\t\t\t\t\t\t\t\t<\/div>\n\t\t\t\t<\/div>\n\t\t\t\t<\/div>\n\t\t\t\t\t<\/div>\n\t\t\t\t<\/div>\n\t\t<div data-particle_enable=\"false\" data-particle-mobile-disabled=\"false\" class=\"elementor-element elementor-element-2d8f609 e-flex e-con-boxed e-con e-parent\" data-id=\"2d8f609\" data-element_type=\"container\" data-e-type=\"container\" data-settings=\"{&quot;background_background&quot;:&quot;classic&quot;}\">\n\t\t\t\t\t<div class=\"e-con-inner\">\n\t\t<div data-particle_enable=\"false\" data-particle-mobile-disabled=\"false\" class=\"elementor-element elementor-element-6a1f61b e-con-full e-flex e-con e-child\" data-id=\"6a1f61b\" data-element_type=\"container\" data-e-type=\"container\" data-settings=\"{&quot;background_background&quot;:&quot;classic&quot;}\">\n\t\t\t\t<div class=\"elementor-element elementor-element-fa27676 elementor-widget elementor-widget-heading\" data-id=\"fa27676\" data-element_type=\"widget\" data-e-type=\"widget\" data-widget_type=\"heading.default\">\n\t\t\t\t<div class=\"elementor-widget-container\">\n\t\t\t\t\t<h1 class=\"elementor-heading-title elementor-size-default\">Construction de machines et d'outils<\/h1>\t\t\t\t<\/div>\n\t\t\t\t<\/div>\n\t\t\t\t<div class=\"elementor-element elementor-element-e882741 elementor-widget elementor-widget-text-editor\" data-id=\"e882741\" data-element_type=\"widget\" data-e-type=\"widget\" data-widget_type=\"text-editor.default\">\n\t\t\t\t<div class=\"elementor-widget-container\">\n\t\t\t\t\t\t\t\t\t<p>Peu de secteurs se r\u00e9inventent aussi rapidement que l&rsquo;ing\u00e9nierie m\u00e9canique et l&rsquo;outillage. Le secteur est confront\u00e9 \u00e0 de nombreux d\u00e9fis, notamment des d\u00e9lais de d\u00e9veloppement courts et une forte pression pour innover. La fusion de l&rsquo;\u00e9lectronique et de la m\u00e9canique, en particulier, n\u00e9cessite une \u00e9troite collaboration et la fourniture de composants m\u00e9talliques de haute pr\u00e9cision.<\/p>\n<p>Dans cet environnement dynamique, nous misons sur l&rsquo;innovation et les technologies de fabrication avanc\u00e9es pour r\u00e9pondre aux exigences croissantes. Nos composants m\u00e9talliques de pr\u00e9cision jouent un r\u00f4le essentiel \u00e0 cet \u00e9gard. Ils constituent la base du d\u00e9veloppement de machines et d&rsquo;outils de pointe qui r\u00e9pondent aux besoins actuels et futurs de l&rsquo;industrie. Gr\u00e2ce \u00e0 notre engagement en faveur de la qualit\u00e9 et de la fiabilit\u00e9, nous contribuons \u00e0 am\u00e9liorer l&rsquo;efficacit\u00e9 et les performances de nos clients constructeurs de machines et d&rsquo;outils et \u00e0 les aider \u00e0 r\u00e9ussir sur un march\u00e9 en constante \u00e9volution.<\/p>\n\t\t\t\t\t\t\t\t<\/div>\n\t\t\t\t<\/div>\n\t\t\t\t<\/div>\n\t\t\t\t\t<\/div>\n\t\t\t\t<\/div>\n\t\t\t\t<\/div>\n\t\t","protected":false},"excerpt":{"rendered":"<p>Construction de machines et Construction d&rsquo;outils Secteur &#8211; Construction de machines et d&rsquo;outils Construction de machines et d&rsquo;outils Peu de secteurs se r\u00e9inventent aussi rapidement que l&rsquo;ing\u00e9nierie m\u00e9canique et l&rsquo;outillage. Le secteur est confront\u00e9 \u00e0 de nombreux d\u00e9fis, notamment des d\u00e9lais de d\u00e9veloppement courts et une forte pression pour innover. La fusion de l&rsquo;\u00e9lectronique et [&hellip;]<\/p>\n","protected":false},"author":1,"featured_media":0,"parent":7918,"menu_order":1,"comment_status":"closed","ping_status":"closed","template":"","meta":{"footnotes":""},"class_list":["post-7854","page","type-page","status-publish","hentry"],"yoast_head":"<!-- This site is optimized with the Yoast SEO plugin v27.3 - https:\/\/yoast.com\/product\/yoast-seo-wordpress\/ -->\n<title>Construction de machines et d&#039;outils - HGGS<\/title>\n<meta name=\"robots\" content=\"index, follow, max-snippet:-1, max-image-preview:large, max-video-preview:-1\" \/>\n<link rel=\"canonical\" href=\"https:\/\/hggs.de\/fr\/secteurs-dactivite\/construction-de-machines-et-doutils\/\" \/>\n<meta property=\"og:locale\" content=\"fr_FR\" \/>\n<meta property=\"og:type\" content=\"article\" \/>\n<meta property=\"og:title\" content=\"Construction de machines et d&#039;outils - HGGS\" \/>\n<meta property=\"og:description\" content=\"Construction de machines et Construction d&rsquo;outils Secteur &#8211; Construction de machines et d&rsquo;outils Construction de machines et d&rsquo;outils Peu de secteurs se r\u00e9inventent aussi rapidement que l&rsquo;ing\u00e9nierie m\u00e9canique et l&rsquo;outillage. Le secteur est confront\u00e9 \u00e0 de nombreux d\u00e9fis, notamment des d\u00e9lais de d\u00e9veloppement courts et une forte pression pour innover. La fusion de l&rsquo;\u00e9lectronique et [&hellip;]\" \/>\n<meta property=\"og:url\" content=\"https:\/\/hggs.de\/fr\/secteurs-dactivite\/construction-de-machines-et-doutils\/\" \/>\n<meta property=\"og:site_name\" content=\"HGGS\" \/>\n<meta property=\"article:modified_time\" content=\"2024-07-31T10:25:53+00:00\" \/>\n<meta name=\"twitter:card\" content=\"summary_large_image\" \/>\n<meta name=\"twitter:label1\" content=\"Dur\u00e9e de lecture estim\u00e9e\" \/>\n\t<meta name=\"twitter:data1\" content=\"1 minute\" \/>\n<script type=\"application\/ld+json\" class=\"yoast-schema-graph\">{\"@context\":\"https:\\\/\\\/schema.org\",\"@graph\":[{\"@type\":\"WebPage\",\"@id\":\"https:\\\/\\\/hggs.de\\\/fr\\\/secteurs-dactivite\\\/construction-de-machines-et-doutils\\\/\",\"url\":\"https:\\\/\\\/hggs.de\\\/fr\\\/secteurs-dactivite\\\/construction-de-machines-et-doutils\\\/\",\"name\":\"Construction de machines et d'outils - HGGS\",\"isPartOf\":{\"@id\":\"https:\\\/\\\/hggs.de\\\/fr\\\/#website\"},\"datePublished\":\"2024-04-22T13:00:43+00:00\",\"dateModified\":\"2024-07-31T10:25:53+00:00\",\"breadcrumb\":{\"@id\":\"https:\\\/\\\/hggs.de\\\/fr\\\/secteurs-dactivite\\\/construction-de-machines-et-doutils\\\/#breadcrumb\"},\"inLanguage\":\"fr-FR\",\"potentialAction\":[{\"@type\":\"ReadAction\",\"target\":[\"https:\\\/\\\/hggs.de\\\/fr\\\/secteurs-dactivite\\\/construction-de-machines-et-doutils\\\/\"]}]},{\"@type\":\"BreadcrumbList\",\"@id\":\"https:\\\/\\\/hggs.de\\\/fr\\\/secteurs-dactivite\\\/construction-de-machines-et-doutils\\\/#breadcrumb\",\"itemListElement\":[{\"@type\":\"ListItem\",\"position\":1,\"name\":\"Startseite\",\"item\":\"https:\\\/\\\/hggs.de\\\/fr\\\/\"},{\"@type\":\"ListItem\",\"position\":2,\"name\":\"Secteurs d&rsquo;activit\u00e9\",\"item\":\"https:\\\/\\\/hggs.de\\\/fr\\\/secteurs-dactivite\\\/\"},{\"@type\":\"ListItem\",\"position\":3,\"name\":\"Construction de machines et d&#8217;outils\"}]},{\"@type\":\"WebSite\",\"@id\":\"https:\\\/\\\/hggs.de\\\/fr\\\/#website\",\"url\":\"https:\\\/\\\/hggs.de\\\/fr\\\/\",\"name\":\"HGGS\",\"description\":\"\",\"publisher\":{\"@id\":\"https:\\\/\\\/hggs.de\\\/fr\\\/#organization\"},\"potentialAction\":[{\"@type\":\"SearchAction\",\"target\":{\"@type\":\"EntryPoint\",\"urlTemplate\":\"https:\\\/\\\/hggs.de\\\/fr\\\/?s={search_term_string}\"},\"query-input\":{\"@type\":\"PropertyValueSpecification\",\"valueRequired\":true,\"valueName\":\"search_term_string\"}}],\"inLanguage\":\"fr-FR\"},{\"@type\":\"Organization\",\"@id\":\"https:\\\/\\\/hggs.de\\\/fr\\\/#organization\",\"name\":\"HGGS\",\"url\":\"https:\\\/\\\/hggs.de\\\/fr\\\/\",\"logo\":{\"@type\":\"ImageObject\",\"inLanguage\":\"fr-FR\",\"@id\":\"https:\\\/\\\/hggs.de\\\/fr\\\/#\\\/schema\\\/logo\\\/image\\\/\",\"url\":\"https:\\\/\\\/hggs.de\\\/wp-content\\\/uploads\\\/neues-Logo_400px.png\",\"contentUrl\":\"https:\\\/\\\/hggs.de\\\/wp-content\\\/uploads\\\/neues-Logo_400px.png\",\"width\":400,\"height\":223,\"caption\":\"HGGS\"},\"image\":{\"@id\":\"https:\\\/\\\/hggs.de\\\/fr\\\/#\\\/schema\\\/logo\\\/image\\\/\"}}]}<\/script>\n<!-- \/ Yoast SEO plugin. -->","yoast_head_json":{"title":"Construction de machines et d'outils - HGGS","robots":{"index":"index","follow":"follow","max-snippet":"max-snippet:-1","max-image-preview":"max-image-preview:large","max-video-preview":"max-video-preview:-1"},"canonical":"https:\/\/hggs.de\/fr\/secteurs-dactivite\/construction-de-machines-et-doutils\/","og_locale":"fr_FR","og_type":"article","og_title":"Construction de machines et d'outils - HGGS","og_description":"Construction de machines et Construction d&rsquo;outils Secteur &#8211; Construction de machines et d&rsquo;outils Construction de machines et d&rsquo;outils Peu de secteurs se r\u00e9inventent aussi rapidement que l&rsquo;ing\u00e9nierie m\u00e9canique et l&rsquo;outillage. Le secteur est confront\u00e9 \u00e0 de nombreux d\u00e9fis, notamment des d\u00e9lais de d\u00e9veloppement courts et une forte pression pour innover. La fusion de l&rsquo;\u00e9lectronique et [&hellip;]","og_url":"https:\/\/hggs.de\/fr\/secteurs-dactivite\/construction-de-machines-et-doutils\/","og_site_name":"HGGS","article_modified_time":"2024-07-31T10:25:53+00:00","twitter_card":"summary_large_image","twitter_misc":{"Dur\u00e9e de lecture estim\u00e9e":"1 minute"},"schema":{"@context":"https:\/\/schema.org","@graph":[{"@type":"WebPage","@id":"https:\/\/hggs.de\/fr\/secteurs-dactivite\/construction-de-machines-et-doutils\/","url":"https:\/\/hggs.de\/fr\/secteurs-dactivite\/construction-de-machines-et-doutils\/","name":"Construction de machines et d'outils - HGGS","isPartOf":{"@id":"https:\/\/hggs.de\/fr\/#website"},"datePublished":"2024-04-22T13:00:43+00:00","dateModified":"2024-07-31T10:25:53+00:00","breadcrumb":{"@id":"https:\/\/hggs.de\/fr\/secteurs-dactivite\/construction-de-machines-et-doutils\/#breadcrumb"},"inLanguage":"fr-FR","potentialAction":[{"@type":"ReadAction","target":["https:\/\/hggs.de\/fr\/secteurs-dactivite\/construction-de-machines-et-doutils\/"]}]},{"@type":"BreadcrumbList","@id":"https:\/\/hggs.de\/fr\/secteurs-dactivite\/construction-de-machines-et-doutils\/#breadcrumb","itemListElement":[{"@type":"ListItem","position":1,"name":"Startseite","item":"https:\/\/hggs.de\/fr\/"},{"@type":"ListItem","position":2,"name":"Secteurs d&rsquo;activit\u00e9","item":"https:\/\/hggs.de\/fr\/secteurs-dactivite\/"},{"@type":"ListItem","position":3,"name":"Construction de machines et d&#8217;outils"}]},{"@type":"WebSite","@id":"https:\/\/hggs.de\/fr\/#website","url":"https:\/\/hggs.de\/fr\/","name":"HGGS","description":"","publisher":{"@id":"https:\/\/hggs.de\/fr\/#organization"},"potentialAction":[{"@type":"SearchAction","target":{"@type":"EntryPoint","urlTemplate":"https:\/\/hggs.de\/fr\/?s={search_term_string}"},"query-input":{"@type":"PropertyValueSpecification","valueRequired":true,"valueName":"search_term_string"}}],"inLanguage":"fr-FR"},{"@type":"Organization","@id":"https:\/\/hggs.de\/fr\/#organization","name":"HGGS","url":"https:\/\/hggs.de\/fr\/","logo":{"@type":"ImageObject","inLanguage":"fr-FR","@id":"https:\/\/hggs.de\/fr\/#\/schema\/logo\/image\/","url":"https:\/\/hggs.de\/wp-content\/uploads\/neues-Logo_400px.png","contentUrl":"https:\/\/hggs.de\/wp-content\/uploads\/neues-Logo_400px.png","width":400,"height":223,"caption":"HGGS"},"image":{"@id":"https:\/\/hggs.de\/fr\/#\/schema\/logo\/image\/"}}]}},"_links":{"self":[{"href":"https:\/\/hggs.de\/fr\/wp-json\/wp\/v2\/pages\/7854","targetHints":{"allow":["GET"]}}],"collection":[{"href":"https:\/\/hggs.de\/fr\/wp-json\/wp\/v2\/pages"}],"about":[{"href":"https:\/\/hggs.de\/fr\/wp-json\/wp\/v2\/types\/page"}],"author":[{"embeddable":true,"href":"https:\/\/hggs.de\/fr\/wp-json\/wp\/v2\/users\/1"}],"replies":[{"embeddable":true,"href":"https:\/\/hggs.de\/fr\/wp-json\/wp\/v2\/comments?post=7854"}],"version-history":[{"count":3,"href":"https:\/\/hggs.de\/fr\/wp-json\/wp\/v2\/pages\/7854\/revisions"}],"predecessor-version":[{"id":9842,"href":"https:\/\/hggs.de\/fr\/wp-json\/wp\/v2\/pages\/7854\/revisions\/9842"}],"up":[{"embeddable":true,"href":"https:\/\/hggs.de\/fr\/wp-json\/wp\/v2\/pages\/7918"}],"wp:attachment":[{"href":"https:\/\/hggs.de\/fr\/wp-json\/wp\/v2\/media?parent=7854"}],"curies":[{"name":"wp","href":"https:\/\/api.w.org\/{rel}","templated":true}]}}