{"id":7811,"date":"2024-04-22T15:04:22","date_gmt":"2024-04-22T13:04:22","guid":{"rendered":"https:\/\/2024.hggs.de\/industrie-de-larmement\/"},"modified":"2024-07-15T16:17:46","modified_gmt":"2024-07-15T14:17:46","slug":"industrie-de-larmement","status":"publish","type":"page","link":"https:\/\/hggs.de\/fr\/secteurs-dactivite\/industrie-de-larmement\/","title":{"rendered":"Industrie de l&rsquo;armement"},"content":{"rendered":"\t\t<div data-elementor-type=\"wp-page\" data-elementor-id=\"7811\" class=\"elementor elementor-7811\" data-elementor-post-type=\"page\">\n\t\t\t\t<div data-particle_enable=\"false\" data-particle-mobile-disabled=\"false\" class=\"elementor-element elementor-element-2227b42 e-flex e-con-boxed e-con e-parent\" data-id=\"2227b42\" data-element_type=\"container\" data-e-type=\"container\" data-settings=\"{&quot;background_background&quot;:&quot;classic&quot;}\">\n\t\t\t\t\t<div class=\"e-con-inner\">\n\t\t<div data-particle_enable=\"false\" data-particle-mobile-disabled=\"false\" class=\"elementor-element elementor-element-7c429b0 e-con-full e-flex e-con e-child\" data-id=\"7c429b0\" data-element_type=\"container\" data-e-type=\"container\">\n\t\t\t\t<div class=\"elementor-element elementor-element-b0e2bfd elementor-widget__width-initial topimg-overlay elementor-widget elementor-widget-heading\" data-id=\"b0e2bfd\" data-element_type=\"widget\" data-e-type=\"widget\" data-widget_type=\"heading.default\">\n\t\t\t\t<div class=\"elementor-widget-container\">\n\t\t\t\t\t<h2 class=\"elementor-heading-title elementor-size-default\">Industrie de l'armement<\/h2>\t\t\t\t<\/div>\n\t\t\t\t<\/div>\n\t\t\t\t<div class=\"elementor-element elementor-element-3fe1d7b elementor-widget elementor-widget-text-editor\" data-id=\"3fe1d7b\" data-element_type=\"widget\" data-e-type=\"widget\" data-widget_type=\"text-editor.default\">\n\t\t\t\t<div class=\"elementor-widget-container\">\n\t\t\t\t\t\t\t\t\t<p>Secteur &#8211; Industrie de la d\u00e9fense<\/p>\n\t\t\t\t\t\t\t\t<\/div>\n\t\t\t\t<\/div>\n\t\t\t\t<\/div>\n\t\t\t\t\t<\/div>\n\t\t\t\t<\/div>\n\t\t<div data-particle_enable=\"false\" data-particle-mobile-disabled=\"false\" class=\"elementor-element elementor-element-2d8f609 e-flex e-con-boxed e-con e-parent\" data-id=\"2d8f609\" data-element_type=\"container\" data-e-type=\"container\" data-settings=\"{&quot;background_background&quot;:&quot;classic&quot;}\">\n\t\t\t\t\t<div class=\"e-con-inner\">\n\t\t<div data-particle_enable=\"false\" data-particle-mobile-disabled=\"false\" class=\"elementor-element elementor-element-6a1f61b e-con-full e-flex e-con e-child\" data-id=\"6a1f61b\" data-element_type=\"container\" data-e-type=\"container\" data-settings=\"{&quot;background_background&quot;:&quot;classic&quot;}\">\n\t\t\t\t<div class=\"elementor-element elementor-element-fa27676 elementor-widget elementor-widget-heading\" data-id=\"fa27676\" data-element_type=\"widget\" data-e-type=\"widget\" data-widget_type=\"heading.default\">\n\t\t\t\t<div class=\"elementor-widget-container\">\n\t\t\t\t\t<h1 class=\"elementor-heading-title elementor-size-default\">Industrie de l'armement<\/h1>\t\t\t\t<\/div>\n\t\t\t\t<\/div>\n\t\t\t\t<div class=\"elementor-element elementor-element-e882741 elementor-widget elementor-widget-text-editor\" data-id=\"e882741\" data-element_type=\"widget\" data-e-type=\"widget\" data-widget_type=\"text-editor.default\">\n\t\t\t\t<div class=\"elementor-widget-container\">\n\t\t\t\t\t\t\t\t\t<p>Dans l&rsquo;industrie de la d\u00e9fense, les syst\u00e8mes automobiles doivent \u00eatre de la plus haute qualit\u00e9 et fiabilit\u00e9.<\/p>\n<p>Notre longue exp\u00e9rience dans la fabrication de composants et d&rsquo;ensembles m\u00e9talliques de haute pr\u00e9cision nous permet de produire des pi\u00e8ces pour les syst\u00e8mes automobiles qui fonctionnent de mani\u00e8re fiable, m\u00eame dans des conditions extr\u00eames. Nous utilisons des technologies de fabrication innovantes et des contr\u00f4les de qualit\u00e9 rigoureux pour garantir la s\u00e9curit\u00e9 et les performances de nos produits.<\/p>\n\t\t\t\t\t\t\t\t<\/div>\n\t\t\t\t<\/div>\n\t\t\t\t<\/div>\n\t\t\t\t\t<\/div>\n\t\t\t\t<\/div>\n\t\t<div data-particle_enable=\"false\" data-particle-mobile-disabled=\"false\" class=\"elementor-element elementor-element-72420b8b e-flex e-con-boxed e-con e-parent\" data-id=\"72420b8b\" data-element_type=\"container\" data-e-type=\"container\" data-settings=\"{&quot;background_background&quot;:&quot;classic&quot;}\">\n\t\t\t\t\t<div class=\"e-con-inner\">\n\t\t<div data-particle_enable=\"false\" data-particle-mobile-disabled=\"false\" class=\"elementor-element elementor-element-2fcb4513 e-con-full e-flex e-con e-child\" data-id=\"2fcb4513\" data-element_type=\"container\" data-e-type=\"container\" data-settings=\"{&quot;background_background&quot;:&quot;classic&quot;}\">\n\t\t\t\t<div class=\"elementor-element elementor-element-3453e1ce elementor-widget elementor-widget-heading\" data-id=\"3453e1ce\" data-element_type=\"widget\" data-e-type=\"widget\" data-widget_type=\"heading.default\">\n\t\t\t\t<div class=\"elementor-widget-container\">\n\t\t\t\t\t<h2 class=\"elementor-heading-title elementor-size-default\">Impressions<\/h2>\t\t\t\t<\/div>\n\t\t\t\t<\/div>\n\t\t\t\t<div class=\"elementor-element elementor-element-19795494 elementor-widget elementor-widget-gallery\" data-id=\"19795494\" data-element_type=\"widget\" data-e-type=\"widget\" data-settings=\"{&quot;gap&quot;:{&quot;unit&quot;:&quot;px&quot;,&quot;size&quot;:60,&quot;sizes&quot;:[]},&quot;columns_tablet&quot;:3,&quot;columns_mobile&quot;:2,&quot;lazyload&quot;:&quot;yes&quot;,&quot;gallery_layout&quot;:&quot;grid&quot;,&quot;columns&quot;:4,&quot;gap_tablet&quot;:{&quot;unit&quot;:&quot;px&quot;,&quot;size&quot;:10,&quot;sizes&quot;:[]},&quot;gap_mobile&quot;:{&quot;unit&quot;:&quot;px&quot;,&quot;size&quot;:10,&quot;sizes&quot;:[]},&quot;link_to&quot;:&quot;file&quot;,&quot;aspect_ratio&quot;:&quot;3:2&quot;,&quot;overlay_background&quot;:&quot;yes&quot;,&quot;content_hover_animation&quot;:&quot;fade-in&quot;}\" data-widget_type=\"gallery.default\">\n\t\t\t\t<div class=\"elementor-widget-container\">\n\t\t\t\t\t\t\t<div class=\"elementor-gallery__container\">\n\t\t\t\t\t\t\t<a class=\"e-gallery-item elementor-gallery-item elementor-animated-content\" href=\"https:\/\/hggs.de\/wp-content\/uploads\/dummybild.jpg\" data-elementor-open-lightbox=\"yes\" data-elementor-lightbox-slideshow=\"19795494\" data-elementor-lightbox-title=\"dummybild\" data-elementor-lightbox-description=\"dummybild\" data-e-action-hash=\"#elementor-action%3Aaction%3Dlightbox%26settings%3DeyJpZCI6NTQ1NSwidXJsIjoiaHR0cHM6XC9cL2hnZ3MuZGVcL3dwLWNvbnRlbnRcL3VwbG9hZHNcL2R1bW15YmlsZC5qcGciLCJzbGlkZXNob3ciOiIxOTc5NTQ5NCJ9\">\n\t\t\t\t\t<div class=\"e-gallery-image elementor-gallery-item__image\" data-thumbnail=\"https:\/\/hggs.de\/wp-content\/uploads\/dummybild.jpg\" data-width=\"1920\" data-height=\"1160\" aria-label=\"\" role=\"img\" ><\/div>\n\t\t\t\t\t\t\t\t\t\t\t<div class=\"elementor-gallery-item__overlay\"><\/div>\n\t\t\t\t\t\t\t\t\t\t\t\t\t\t<\/a>\n\t\t\t\t\t\t\t<a class=\"e-gallery-item elementor-gallery-item elementor-animated-content\" href=\"https:\/\/hggs.de\/wp-content\/uploads\/dummybild-1.jpg\" data-elementor-open-lightbox=\"yes\" data-elementor-lightbox-slideshow=\"19795494\" data-elementor-lightbox-title=\"dummybild\" data-elementor-lightbox-description=\"dummybild\" data-e-action-hash=\"#elementor-action%3Aaction%3Dlightbox%26settings%3DeyJpZCI6NTY4NSwidXJsIjoiaHR0cHM6XC9cL2hnZ3MuZGVcL3dwLWNvbnRlbnRcL3VwbG9hZHNcL2R1bW15YmlsZC0xLmpwZyIsInNsaWRlc2hvdyI6IjE5Nzk1NDk0In0%3D\">\n\t\t\t\t\t<div class=\"e-gallery-image elementor-gallery-item__image\" data-thumbnail=\"https:\/\/hggs.de\/wp-content\/uploads\/dummybild-1.jpg\" data-width=\"1920\" data-height=\"1160\" aria-label=\"\" role=\"img\" ><\/div>\n\t\t\t\t\t\t\t\t\t\t\t<div class=\"elementor-gallery-item__overlay\"><\/div>\n\t\t\t\t\t\t\t\t\t\t\t\t\t\t<\/a>\n\t\t\t\t\t\t\t<a class=\"e-gallery-item elementor-gallery-item elementor-animated-content\" href=\"https:\/\/hggs.de\/wp-content\/uploads\/dummybild-2.jpg\" data-elementor-open-lightbox=\"yes\" data-elementor-lightbox-slideshow=\"19795494\" data-elementor-lightbox-title=\"dummybild\" data-elementor-lightbox-description=\"dummybild\" data-e-action-hash=\"#elementor-action%3Aaction%3Dlightbox%26settings%3DeyJpZCI6NTY4NywidXJsIjoiaHR0cHM6XC9cL2hnZ3MuZGVcL3dwLWNvbnRlbnRcL3VwbG9hZHNcL2R1bW15YmlsZC0yLmpwZyIsInNsaWRlc2hvdyI6IjE5Nzk1NDk0In0%3D\">\n\t\t\t\t\t<div class=\"e-gallery-image elementor-gallery-item__image\" data-thumbnail=\"https:\/\/hggs.de\/wp-content\/uploads\/dummybild-2.jpg\" data-width=\"1920\" data-height=\"1160\" aria-label=\"\" role=\"img\" ><\/div>\n\t\t\t\t\t\t\t\t\t\t\t<div class=\"elementor-gallery-item__overlay\"><\/div>\n\t\t\t\t\t\t\t\t\t\t\t\t\t\t<\/a>\n\t\t\t\t\t<\/div>\n\t\t\t\t\t<\/div>\n\t\t\t\t<\/div>\n\t\t\t\t<\/div>\n\t\t\t\t<div class=\"elementor-element elementor-element-185ce289 elementor-widget elementor-widget-spacer\" data-id=\"185ce289\" data-element_type=\"widget\" data-e-type=\"widget\" data-widget_type=\"spacer.default\">\n\t\t\t\t<div class=\"elementor-widget-container\">\n\t\t\t\t\t\t\t<div class=\"elementor-spacer\">\n\t\t\t<div class=\"elementor-spacer-inner\"><\/div>\n\t\t<\/div>\n\t\t\t\t\t\t<\/div>\n\t\t\t\t<\/div>\n\t\t\t\t\t<\/div>\n\t\t\t\t<\/div>\n\t\t\t\t<\/div>\n\t\t","protected":false},"excerpt":{"rendered":"<p>Industrie de l&rsquo;armement Secteur &#8211; Industrie de la d\u00e9fense Industrie de l&rsquo;armement Dans l&rsquo;industrie de la d\u00e9fense, les syst\u00e8mes automobiles doivent \u00eatre de la plus haute qualit\u00e9 et fiabilit\u00e9. Notre longue exp\u00e9rience dans la fabrication de composants et d&rsquo;ensembles m\u00e9talliques de haute pr\u00e9cision nous permet de produire des pi\u00e8ces pour les syst\u00e8mes automobiles qui fonctionnent [&hellip;]<\/p>\n","protected":false},"author":1,"featured_media":0,"parent":7918,"menu_order":1,"comment_status":"closed","ping_status":"closed","template":"","meta":{"footnotes":""},"class_list":["post-7811","page","type-page","status-publish","hentry"],"yoast_head":"<!-- This site is optimized with the Yoast SEO plugin v27.3 - https:\/\/yoast.com\/product\/yoast-seo-wordpress\/ -->\n<title>Industrie de l&#039;armement - HGGS<\/title>\n<meta name=\"robots\" content=\"index, follow, max-snippet:-1, max-image-preview:large, max-video-preview:-1\" \/>\n<link rel=\"canonical\" href=\"https:\/\/hggs.de\/fr\/secteurs-dactivite\/industrie-de-larmement\/\" \/>\n<meta property=\"og:locale\" content=\"fr_FR\" \/>\n<meta property=\"og:type\" content=\"article\" \/>\n<meta property=\"og:title\" content=\"Industrie de l&#039;armement - HGGS\" \/>\n<meta property=\"og:description\" content=\"Industrie de l&rsquo;armement Secteur &#8211; Industrie de la d\u00e9fense Industrie de l&rsquo;armement Dans l&rsquo;industrie de la d\u00e9fense, les syst\u00e8mes automobiles doivent \u00eatre de la plus haute qualit\u00e9 et fiabilit\u00e9. Notre longue exp\u00e9rience dans la fabrication de composants et d&rsquo;ensembles m\u00e9talliques de haute pr\u00e9cision nous permet de produire des pi\u00e8ces pour les syst\u00e8mes automobiles qui fonctionnent [&hellip;]\" \/>\n<meta property=\"og:url\" content=\"https:\/\/hggs.de\/fr\/secteurs-dactivite\/industrie-de-larmement\/\" \/>\n<meta property=\"og:site_name\" content=\"HGGS\" \/>\n<meta property=\"article:modified_time\" content=\"2024-07-15T14:17:46+00:00\" \/>\n<meta name=\"twitter:card\" content=\"summary_large_image\" \/>\n<meta name=\"twitter:label1\" content=\"Dur\u00e9e de lecture estim\u00e9e\" \/>\n\t<meta name=\"twitter:data1\" content=\"1 minute\" \/>\n<script type=\"application\/ld+json\" class=\"yoast-schema-graph\">{\"@context\":\"https:\\\/\\\/schema.org\",\"@graph\":[{\"@type\":\"WebPage\",\"@id\":\"https:\\\/\\\/hggs.de\\\/fr\\\/secteurs-dactivite\\\/industrie-de-larmement\\\/\",\"url\":\"https:\\\/\\\/hggs.de\\\/fr\\\/secteurs-dactivite\\\/industrie-de-larmement\\\/\",\"name\":\"Industrie de l'armement - HGGS\",\"isPartOf\":{\"@id\":\"https:\\\/\\\/hggs.de\\\/fr\\\/#website\"},\"datePublished\":\"2024-04-22T13:04:22+00:00\",\"dateModified\":\"2024-07-15T14:17:46+00:00\",\"breadcrumb\":{\"@id\":\"https:\\\/\\\/hggs.de\\\/fr\\\/secteurs-dactivite\\\/industrie-de-larmement\\\/#breadcrumb\"},\"inLanguage\":\"fr-FR\",\"potentialAction\":[{\"@type\":\"ReadAction\",\"target\":[\"https:\\\/\\\/hggs.de\\\/fr\\\/secteurs-dactivite\\\/industrie-de-larmement\\\/\"]}]},{\"@type\":\"BreadcrumbList\",\"@id\":\"https:\\\/\\\/hggs.de\\\/fr\\\/secteurs-dactivite\\\/industrie-de-larmement\\\/#breadcrumb\",\"itemListElement\":[{\"@type\":\"ListItem\",\"position\":1,\"name\":\"Startseite\",\"item\":\"https:\\\/\\\/hggs.de\\\/fr\\\/\"},{\"@type\":\"ListItem\",\"position\":2,\"name\":\"Secteurs d&rsquo;activit\u00e9\",\"item\":\"https:\\\/\\\/hggs.de\\\/fr\\\/secteurs-dactivite\\\/\"},{\"@type\":\"ListItem\",\"position\":3,\"name\":\"Industrie de l&#8217;armement\"}]},{\"@type\":\"WebSite\",\"@id\":\"https:\\\/\\\/hggs.de\\\/fr\\\/#website\",\"url\":\"https:\\\/\\\/hggs.de\\\/fr\\\/\",\"name\":\"HGGS\",\"description\":\"\",\"publisher\":{\"@id\":\"https:\\\/\\\/hggs.de\\\/fr\\\/#organization\"},\"potentialAction\":[{\"@type\":\"SearchAction\",\"target\":{\"@type\":\"EntryPoint\",\"urlTemplate\":\"https:\\\/\\\/hggs.de\\\/fr\\\/?s={search_term_string}\"},\"query-input\":{\"@type\":\"PropertyValueSpecification\",\"valueRequired\":true,\"valueName\":\"search_term_string\"}}],\"inLanguage\":\"fr-FR\"},{\"@type\":\"Organization\",\"@id\":\"https:\\\/\\\/hggs.de\\\/fr\\\/#organization\",\"name\":\"HGGS\",\"url\":\"https:\\\/\\\/hggs.de\\\/fr\\\/\",\"logo\":{\"@type\":\"ImageObject\",\"inLanguage\":\"fr-FR\",\"@id\":\"https:\\\/\\\/hggs.de\\\/fr\\\/#\\\/schema\\\/logo\\\/image\\\/\",\"url\":\"https:\\\/\\\/hggs.de\\\/wp-content\\\/uploads\\\/neues-Logo_400px.png\",\"contentUrl\":\"https:\\\/\\\/hggs.de\\\/wp-content\\\/uploads\\\/neues-Logo_400px.png\",\"width\":400,\"height\":223,\"caption\":\"HGGS\"},\"image\":{\"@id\":\"https:\\\/\\\/hggs.de\\\/fr\\\/#\\\/schema\\\/logo\\\/image\\\/\"}}]}<\/script>\n<!-- \/ Yoast SEO plugin. -->","yoast_head_json":{"title":"Industrie de l'armement - HGGS","robots":{"index":"index","follow":"follow","max-snippet":"max-snippet:-1","max-image-preview":"max-image-preview:large","max-video-preview":"max-video-preview:-1"},"canonical":"https:\/\/hggs.de\/fr\/secteurs-dactivite\/industrie-de-larmement\/","og_locale":"fr_FR","og_type":"article","og_title":"Industrie de l'armement - HGGS","og_description":"Industrie de l&rsquo;armement Secteur &#8211; Industrie de la d\u00e9fense Industrie de l&rsquo;armement Dans l&rsquo;industrie de la d\u00e9fense, les syst\u00e8mes automobiles doivent \u00eatre de la plus haute qualit\u00e9 et fiabilit\u00e9. Notre longue exp\u00e9rience dans la fabrication de composants et d&rsquo;ensembles m\u00e9talliques de haute pr\u00e9cision nous permet de produire des pi\u00e8ces pour les syst\u00e8mes automobiles qui fonctionnent [&hellip;]","og_url":"https:\/\/hggs.de\/fr\/secteurs-dactivite\/industrie-de-larmement\/","og_site_name":"HGGS","article_modified_time":"2024-07-15T14:17:46+00:00","twitter_card":"summary_large_image","twitter_misc":{"Dur\u00e9e de lecture estim\u00e9e":"1 minute"},"schema":{"@context":"https:\/\/schema.org","@graph":[{"@type":"WebPage","@id":"https:\/\/hggs.de\/fr\/secteurs-dactivite\/industrie-de-larmement\/","url":"https:\/\/hggs.de\/fr\/secteurs-dactivite\/industrie-de-larmement\/","name":"Industrie de l'armement - HGGS","isPartOf":{"@id":"https:\/\/hggs.de\/fr\/#website"},"datePublished":"2024-04-22T13:04:22+00:00","dateModified":"2024-07-15T14:17:46+00:00","breadcrumb":{"@id":"https:\/\/hggs.de\/fr\/secteurs-dactivite\/industrie-de-larmement\/#breadcrumb"},"inLanguage":"fr-FR","potentialAction":[{"@type":"ReadAction","target":["https:\/\/hggs.de\/fr\/secteurs-dactivite\/industrie-de-larmement\/"]}]},{"@type":"BreadcrumbList","@id":"https:\/\/hggs.de\/fr\/secteurs-dactivite\/industrie-de-larmement\/#breadcrumb","itemListElement":[{"@type":"ListItem","position":1,"name":"Startseite","item":"https:\/\/hggs.de\/fr\/"},{"@type":"ListItem","position":2,"name":"Secteurs d&rsquo;activit\u00e9","item":"https:\/\/hggs.de\/fr\/secteurs-dactivite\/"},{"@type":"ListItem","position":3,"name":"Industrie de l&#8217;armement"}]},{"@type":"WebSite","@id":"https:\/\/hggs.de\/fr\/#website","url":"https:\/\/hggs.de\/fr\/","name":"HGGS","description":"","publisher":{"@id":"https:\/\/hggs.de\/fr\/#organization"},"potentialAction":[{"@type":"SearchAction","target":{"@type":"EntryPoint","urlTemplate":"https:\/\/hggs.de\/fr\/?s={search_term_string}"},"query-input":{"@type":"PropertyValueSpecification","valueRequired":true,"valueName":"search_term_string"}}],"inLanguage":"fr-FR"},{"@type":"Organization","@id":"https:\/\/hggs.de\/fr\/#organization","name":"HGGS","url":"https:\/\/hggs.de\/fr\/","logo":{"@type":"ImageObject","inLanguage":"fr-FR","@id":"https:\/\/hggs.de\/fr\/#\/schema\/logo\/image\/","url":"https:\/\/hggs.de\/wp-content\/uploads\/neues-Logo_400px.png","contentUrl":"https:\/\/hggs.de\/wp-content\/uploads\/neues-Logo_400px.png","width":400,"height":223,"caption":"HGGS"},"image":{"@id":"https:\/\/hggs.de\/fr\/#\/schema\/logo\/image\/"}}]}},"_links":{"self":[{"href":"https:\/\/hggs.de\/fr\/wp-json\/wp\/v2\/pages\/7811","targetHints":{"allow":["GET"]}}],"collection":[{"href":"https:\/\/hggs.de\/fr\/wp-json\/wp\/v2\/pages"}],"about":[{"href":"https:\/\/hggs.de\/fr\/wp-json\/wp\/v2\/types\/page"}],"author":[{"embeddable":true,"href":"https:\/\/hggs.de\/fr\/wp-json\/wp\/v2\/users\/1"}],"replies":[{"embeddable":true,"href":"https:\/\/hggs.de\/fr\/wp-json\/wp\/v2\/comments?post=7811"}],"version-history":[{"count":2,"href":"https:\/\/hggs.de\/fr\/wp-json\/wp\/v2\/pages\/7811\/revisions"}],"predecessor-version":[{"id":7842,"href":"https:\/\/hggs.de\/fr\/wp-json\/wp\/v2\/pages\/7811\/revisions\/7842"}],"up":[{"embeddable":true,"href":"https:\/\/hggs.de\/fr\/wp-json\/wp\/v2\/pages\/7918"}],"wp:attachment":[{"href":"https:\/\/hggs.de\/fr\/wp-json\/wp\/v2\/media?parent=7811"}],"curies":[{"name":"wp","href":"https:\/\/api.w.org\/{rel}","templated":true}]}}