{"id":7623,"date":"2024-04-05T09:25:36","date_gmt":"2024-04-05T07:25:36","guid":{"rendered":"https:\/\/2024.hggs.de\/contact\/"},"modified":"2024-07-26T15:48:24","modified_gmt":"2024-07-26T13:48:24","slug":"contact","status":"publish","type":"page","link":"https:\/\/hggs.de\/fr\/contact\/","title":{"rendered":"Contact"},"content":{"rendered":"\t\t<div data-elementor-type=\"wp-page\" data-elementor-id=\"7623\" class=\"elementor elementor-7623 elementor-2506\" data-elementor-post-type=\"page\">\n\t\t\t\t<div data-particle_enable=\"false\" data-particle-mobile-disabled=\"false\" class=\"elementor-element elementor-element-1d89ccd8 e-flex e-con-boxed e-con e-parent\" data-id=\"1d89ccd8\" data-element_type=\"container\" data-e-type=\"container\" data-settings=\"{&quot;background_background&quot;:&quot;classic&quot;}\">\n\t\t\t\t\t<div class=\"e-con-inner\">\n\t\t<div data-particle_enable=\"false\" data-particle-mobile-disabled=\"false\" class=\"elementor-element elementor-element-19d357fd e-con-full e-flex e-con e-child\" data-id=\"19d357fd\" data-element_type=\"container\" data-e-type=\"container\">\n\t\t\t\t<div class=\"elementor-element elementor-element-4c6e3f88 elementor-widget__width-initial topimg-overlay elementor-widget elementor-widget-heading\" data-id=\"4c6e3f88\" data-element_type=\"widget\" data-e-type=\"widget\" data-widget_type=\"heading.default\">\n\t\t\t\t<div class=\"elementor-widget-container\">\n\t\t\t\t\t<h2 class=\"elementor-heading-title elementor-size-default\">Contact<\/h2>\t\t\t\t<\/div>\n\t\t\t\t<\/div>\n\t\t\t\t<div class=\"elementor-element elementor-element-20ceb3f7 elementor-widget elementor-widget-text-editor\" data-id=\"20ceb3f7\" data-element_type=\"widget\" data-e-type=\"widget\" data-widget_type=\"text-editor.default\">\n\t\t\t\t<div class=\"elementor-widget-container\">\n\t\t\t\t\t\t\t\t\tContactez la HGGS  \t\t\t\t\t\t\t\t<\/div>\n\t\t\t\t<\/div>\n\t\t\t\t<\/div>\n\t\t\t\t\t<\/div>\n\t\t\t\t<\/div>\n\t\t<div data-particle_enable=\"false\" data-particle-mobile-disabled=\"false\" class=\"elementor-element elementor-element-14140b03 e-flex e-con-boxed e-con e-parent\" data-id=\"14140b03\" data-element_type=\"container\" data-e-type=\"container\" data-settings=\"{&quot;background_background&quot;:&quot;classic&quot;}\">\n\t\t\t\t\t<div class=\"e-con-inner\">\n\t\t<div data-particle_enable=\"false\" data-particle-mobile-disabled=\"false\" class=\"elementor-element elementor-element-4b00d7ea e-con-full e-flex e-con e-child\" data-id=\"4b00d7ea\" data-element_type=\"container\" data-e-type=\"container\" data-settings=\"{&quot;background_background&quot;:&quot;classic&quot;}\">\n\t\t\t\t<\/div>\n\t\t<div data-particle_enable=\"false\" data-particle-mobile-disabled=\"false\" class=\"elementor-element elementor-element-3b58aa4e e-con-full e-flex e-con e-child\" data-id=\"3b58aa4e\" data-element_type=\"container\" data-e-type=\"container\" data-settings=\"{&quot;background_background&quot;:&quot;classic&quot;}\">\n\t\t\t\t<div class=\"elementor-element elementor-element-2e796a2b elementor-widget elementor-widget-heading\" data-id=\"2e796a2b\" data-element_type=\"widget\" data-e-type=\"widget\" data-widget_type=\"heading.default\">\n\t\t\t\t<div class=\"elementor-widget-container\">\n\t\t\t\t\t<h2 class=\"elementor-heading-title elementor-size-default\">Contact<\/h2>\t\t\t\t<\/div>\n\t\t\t\t<\/div>\n\t\t\t\t<div class=\"elementor-element elementor-element-5cdde1b2 elementor-widget elementor-widget-text-editor\" data-id=\"5cdde1b2\" data-element_type=\"widget\" data-e-type=\"widget\" data-widget_type=\"text-editor.default\">\n\t\t\t\t<div class=\"elementor-widget-container\">\n\t\t\t\t\t\t\t\t\t<p>HGGS LaserCUT GmbH &amp; Co. KG<br \/>Im Gereut 14<br \/>76770 Hatzenb\u00fchl<\/p>\n<p>T\u00e9l. +49 7275 9891-0<br \/>Fax +49 7275 9891-22<br \/>lasercut@hggs.de<\/p>\n\t\t\t\t\t\t\t\t<\/div>\n\t\t\t\t<\/div>\n\t\t\t\t<div class=\"elementor-element elementor-element-767441c elementor-widget elementor-widget-text-editor\" data-id=\"767441c\" data-element_type=\"widget\" data-e-type=\"widget\" data-widget_type=\"text-editor.default\">\n\t\t\t\t<div class=\"elementor-widget-container\">\n\t\t\t\t\t\t\t\t\t<p>N&rsquo;h\u00e9sitez pas \u00e0 nous contacter directement ou \u00e0 utiliser notre formulaire de contact. Nous attendons votre message avec impatience et nous nous occuperons de votre demande dans les plus brefs d\u00e9lais !<\/p>\n\t\t\t\t\t\t\t\t<\/div>\n\t\t\t\t<\/div>\n\t\t\t\t<\/div>\n\t\t\t\t\t<\/div>\n\t\t\t\t<\/div>\n\t\t<div data-particle_enable=\"false\" data-particle-mobile-disabled=\"false\" class=\"elementor-element elementor-element-fbb1607 e-flex e-con-boxed e-con e-parent\" data-id=\"fbb1607\" data-element_type=\"container\" data-e-type=\"container\">\n\t\t\t\t\t<div class=\"e-con-inner\">\n\t\t<div data-particle_enable=\"false\" data-particle-mobile-disabled=\"false\" class=\"elementor-element elementor-element-7f0a401 e-con-full e-flex e-con e-child\" data-id=\"7f0a401\" data-element_type=\"container\" data-e-type=\"container\">\n\t\t\t\t<div class=\"elementor-element elementor-element-9c50de0 elementor-widget elementor-widget-shortcode\" data-id=\"9c50de0\" data-element_type=\"widget\" data-e-type=\"widget\" data-widget_type=\"shortcode.default\">\n\t\t\t\t<div class=\"elementor-widget-container\">\n\t\t\t\t\t\t\t<div class=\"elementor-shortcode\"><style id=\"wpforms-css-vars-2504\">\n\t\t\t\t#wpforms-2504 {\n\t\t\t\t\n\t\t\t}\n\t\t\t<\/style><div class=\"wpforms-container wpforms-container-full wpforms-render-modern\" id=\"wpforms-2504\"><form id=\"wpforms-form-2504\" class=\"wpforms-validate wpforms-form wpforms-ajax-form\" data-formid=\"2504\" method=\"post\" enctype=\"multipart\/form-data\" action=\"\/fr\/wp-json\/wp\/v2\/pages\/7623\" data-token=\"a8938a8cb4d8aa0e604be5cd87242fee\" data-token-time=\"1777797994\"><noscript class=\"wpforms-error-noscript\">Veuillez activer JavaScript dans votre navigateur pour remplir ce formulaire.<\/noscript><div id=\"wpforms-error-noscript\" style=\"display: none;\">Veuillez activer JavaScript dans votre navigateur pour remplir ce formulaire.<\/div><div class=\"wpforms-field-container\"><div id=\"wpforms-2504-field_0-container\" class=\"wpforms-field wpforms-field-name\" data-field-id=\"0\"><fieldset><legend class=\"wpforms-field-label\">Nom <span class=\"wpforms-required-label\" aria-hidden=\"true\">*<\/span><\/legend><div class=\"wpforms-field-row wpforms-field-medium\"><div class=\"wpforms-field-row-block wpforms-first wpforms-one-half\"><input type=\"text\" id=\"wpforms-2504-field_0\" class=\"wpforms-field-name-first wpforms-field-required\" name=\"wpforms[fields][0][first]\" aria-errormessage=\"wpforms-2504-field_0-error\" required><label for=\"wpforms-2504-field_0\" class=\"wpforms-field-sublabel after\">Pr\u00e9nom<\/label><\/div><div class=\"wpforms-field-row-block wpforms-one-half\"><input type=\"text\" id=\"wpforms-2504-field_0-last\" class=\"wpforms-field-name-last wpforms-field-required\" name=\"wpforms[fields][0][last]\" aria-errormessage=\"wpforms-2504-field_0-last-error\" required><label for=\"wpforms-2504-field_0-last\" class=\"wpforms-field-sublabel after\">Nom de famille<\/label><\/div><\/div><\/fieldset><\/div><div id=\"wpforms-2504-field_1-container\" class=\"wpforms-field wpforms-field-email\" data-field-id=\"1\"><label class=\"wpforms-field-label\" for=\"wpforms-2504-field_1\">Adresse \u00e9lectronique <span class=\"wpforms-required-label\" aria-hidden=\"true\">*<\/span><\/label><input type=\"email\" id=\"wpforms-2504-field_1\" class=\"wpforms-field-medium wpforms-field-required\" name=\"wpforms[fields][1]\" spellcheck=\"false\" aria-errormessage=\"wpforms-2504-field_1-error\" required><\/div><div id=\"wpforms-2504-field_2-container\" class=\"wpforms-field wpforms-field-textarea\" data-field-id=\"2\"><label class=\"wpforms-field-label\" for=\"wpforms-2504-field_2\">Votre message <span class=\"wpforms-required-label\" aria-hidden=\"true\">*<\/span><\/label><textarea id=\"wpforms-2504-field_2\" class=\"wpforms-field-medium wpforms-field-required\" name=\"wpforms[fields][2]\" aria-errormessage=\"wpforms-2504-field_2-error\" required><\/textarea><\/div><div id=\"wpforms-2504-field_5-container\" class=\"wpforms-field wpforms-field-checkbox\" data-field-id=\"5\"><fieldset><legend class=\"wpforms-field-label\">Protection des donn\u00e9es <span class=\"wpforms-required-label\" aria-hidden=\"true\">*<\/span><\/legend><ul id=\"wpforms-2504-field_5\" class=\"wpforms-field-required\"><li class=\"choice-1 depth-1\"><input type=\"checkbox\" id=\"wpforms-2504-field_5_1\" name=\"wpforms[fields][5][]\" value=\"J&#039;accepte que la HGGS LaserCut GmbH &amp; Co. KG enregistre mes donn\u00e9es et les utilise dans le but de r\u00e9pondre \u00e0 ma demande ou de me contacter. J&#039;accepte les dispositions relatives \u00e0 la protection des donn\u00e9es. Je peux r\u00e9voquer mon consentement \u00e0 tout moment avec effet pour l&#039;avenir.  &lt;a href=&quot;https:\/\/hggs.de\/fr\/protection-des-donnees\/&quot; target=&quot;_blank&quot;&gt;Politique de confidentialit\u00e9&lt;\/a&gt;\" aria-errormessage=\"wpforms-2504-field_5_1-error\" required ><label class=\"wpforms-field-label-inline\" for=\"wpforms-2504-field_5_1\">J'accepte que la HGGS LaserCut GmbH &amp; Co. KG enregistre mes donn\u00e9es et les utilise dans le but de r\u00e9pondre \u00e0 ma demande ou de me contacter. J'accepte les dispositions relatives \u00e0 la protection des donn\u00e9es. Je peux r\u00e9voquer mon consentement \u00e0 tout moment avec effet pour l'avenir.  <a href=\"https:\/\/hggs.de\/fr\/protection-des-donnees\/\" target=\"_blank\">Politique de confidentialit\u00e9<\/a><\/label><\/li><\/ul><\/fieldset><\/div><\/div><!-- .wpforms-field-container --><div class=\"wpforms-submit-container\" ><input type=\"hidden\" name=\"wpforms[id]\" value=\"2504\"><input type=\"hidden\" name=\"page_title\" value=\"\"><input type=\"hidden\" name=\"page_url\" value=\"https:\/\/hggs.de\/fr\/wp-json\/wp\/v2\/pages\/7623\"><input type=\"hidden\" name=\"url_referer\" value=\"\"><button type=\"submit\" name=\"wpforms[submit]\" id=\"wpforms-submit-2504\" class=\"wpforms-submit\" data-alt-text=\"En cours d&#039;envoi ...\" data-submit-text=\"Envoyer\" aria-live=\"assertive\" value=\"wpforms-submit\">Envoyer<\/button><img decoding=\"async\" src=\"https:\/\/hggs.de\/wp-content\/plugins\/wpforms\/assets\/images\/submit-spin.svg\" class=\"wpforms-submit-spinner\" style=\"display: none;\" width=\"26\" height=\"26\" alt=\"Chargement en cours\"><\/div><\/form><\/div>  <!-- .wpforms-container --><\/div>\n\t\t\t\t\t\t<\/div>\n\t\t\t\t<\/div>\n\t\t\t\t<\/div>\n\t\t\t\t\t<\/div>\n\t\t\t\t<\/div>\n\t\t\t\t<\/div>\n\t\t","protected":false},"excerpt":{"rendered":"<p>Contact Contactez la HGGS Contact HGGS LaserCUT GmbH &amp; Co. KGIm Gereut 1476770 Hatzenb\u00fchl T\u00e9l. +49 7275 9891-0Fax +49 7275 9891-22lasercut@hggs.de N&rsquo;h\u00e9sitez pas \u00e0 nous contacter directement ou \u00e0 utiliser notre formulaire de contact. Nous attendons votre message avec impatience et nous nous occuperons de votre demande dans les plus brefs d\u00e9lais !<\/p>\n","protected":false},"author":1,"featured_media":0,"parent":0,"menu_order":0,"comment_status":"closed","ping_status":"closed","template":"","meta":{"footnotes":""},"class_list":["post-7623","page","type-page","status-publish","hentry"],"yoast_head":"<!-- This site is optimized with the Yoast SEO plugin v27.3 - https:\/\/yoast.com\/product\/yoast-seo-wordpress\/ -->\n<title>Contact - HGGS<\/title>\n<meta name=\"robots\" content=\"index, follow, max-snippet:-1, max-image-preview:large, max-video-preview:-1\" \/>\n<link rel=\"canonical\" href=\"https:\/\/hggs.de\/fr\/contact\/\" \/>\n<meta property=\"og:locale\" content=\"fr_FR\" \/>\n<meta property=\"og:type\" content=\"article\" \/>\n<meta property=\"og:title\" content=\"Contact - HGGS\" \/>\n<meta property=\"og:description\" content=\"Contact Contactez la HGGS Contact HGGS LaserCUT GmbH &amp; Co. KGIm Gereut 1476770 Hatzenb\u00fchl T\u00e9l. +49 7275 9891-0Fax +49 7275 9891-22lasercut@hggs.de N&rsquo;h\u00e9sitez pas \u00e0 nous contacter directement ou \u00e0 utiliser notre formulaire de contact. Nous attendons votre message avec impatience et nous nous occuperons de votre demande dans les plus brefs d\u00e9lais !\" \/>\n<meta property=\"og:url\" content=\"https:\/\/hggs.de\/fr\/contact\/\" \/>\n<meta property=\"og:site_name\" content=\"HGGS\" \/>\n<meta property=\"article:modified_time\" content=\"2024-07-26T13:48:24+00:00\" \/>\n<meta name=\"twitter:card\" content=\"summary_large_image\" \/>\n<script type=\"application\/ld+json\" class=\"yoast-schema-graph\">{\"@context\":\"https:\\\/\\\/schema.org\",\"@graph\":[{\"@type\":\"WebPage\",\"@id\":\"https:\\\/\\\/hggs.de\\\/fr\\\/contact\\\/\",\"url\":\"https:\\\/\\\/hggs.de\\\/fr\\\/contact\\\/\",\"name\":\"Contact - HGGS\",\"isPartOf\":{\"@id\":\"https:\\\/\\\/hggs.de\\\/fr\\\/#website\"},\"datePublished\":\"2024-04-05T07:25:36+00:00\",\"dateModified\":\"2024-07-26T13:48:24+00:00\",\"breadcrumb\":{\"@id\":\"https:\\\/\\\/hggs.de\\\/fr\\\/contact\\\/#breadcrumb\"},\"inLanguage\":\"fr-FR\",\"potentialAction\":[{\"@type\":\"ReadAction\",\"target\":[\"https:\\\/\\\/hggs.de\\\/fr\\\/contact\\\/\"]}]},{\"@type\":\"BreadcrumbList\",\"@id\":\"https:\\\/\\\/hggs.de\\\/fr\\\/contact\\\/#breadcrumb\",\"itemListElement\":[{\"@type\":\"ListItem\",\"position\":1,\"name\":\"Startseite\",\"item\":\"https:\\\/\\\/hggs.de\\\/fr\\\/\"},{\"@type\":\"ListItem\",\"position\":2,\"name\":\"Contact\"}]},{\"@type\":\"WebSite\",\"@id\":\"https:\\\/\\\/hggs.de\\\/fr\\\/#website\",\"url\":\"https:\\\/\\\/hggs.de\\\/fr\\\/\",\"name\":\"HGGS\",\"description\":\"\",\"publisher\":{\"@id\":\"https:\\\/\\\/hggs.de\\\/fr\\\/#organization\"},\"potentialAction\":[{\"@type\":\"SearchAction\",\"target\":{\"@type\":\"EntryPoint\",\"urlTemplate\":\"https:\\\/\\\/hggs.de\\\/fr\\\/?s={search_term_string}\"},\"query-input\":{\"@type\":\"PropertyValueSpecification\",\"valueRequired\":true,\"valueName\":\"search_term_string\"}}],\"inLanguage\":\"fr-FR\"},{\"@type\":\"Organization\",\"@id\":\"https:\\\/\\\/hggs.de\\\/fr\\\/#organization\",\"name\":\"HGGS\",\"url\":\"https:\\\/\\\/hggs.de\\\/fr\\\/\",\"logo\":{\"@type\":\"ImageObject\",\"inLanguage\":\"fr-FR\",\"@id\":\"https:\\\/\\\/hggs.de\\\/fr\\\/#\\\/schema\\\/logo\\\/image\\\/\",\"url\":\"https:\\\/\\\/hggs.de\\\/wp-content\\\/uploads\\\/neues-Logo_400px.png\",\"contentUrl\":\"https:\\\/\\\/hggs.de\\\/wp-content\\\/uploads\\\/neues-Logo_400px.png\",\"width\":400,\"height\":223,\"caption\":\"HGGS\"},\"image\":{\"@id\":\"https:\\\/\\\/hggs.de\\\/fr\\\/#\\\/schema\\\/logo\\\/image\\\/\"}}]}<\/script>\n<!-- \/ Yoast SEO plugin. -->","yoast_head_json":{"title":"Contact - HGGS","robots":{"index":"index","follow":"follow","max-snippet":"max-snippet:-1","max-image-preview":"max-image-preview:large","max-video-preview":"max-video-preview:-1"},"canonical":"https:\/\/hggs.de\/fr\/contact\/","og_locale":"fr_FR","og_type":"article","og_title":"Contact - HGGS","og_description":"Contact Contactez la HGGS Contact HGGS LaserCUT GmbH &amp; Co. KGIm Gereut 1476770 Hatzenb\u00fchl T\u00e9l. +49 7275 9891-0Fax +49 7275 9891-22lasercut@hggs.de N&rsquo;h\u00e9sitez pas \u00e0 nous contacter directement ou \u00e0 utiliser notre formulaire de contact. Nous attendons votre message avec impatience et nous nous occuperons de votre demande dans les plus brefs d\u00e9lais !","og_url":"https:\/\/hggs.de\/fr\/contact\/","og_site_name":"HGGS","article_modified_time":"2024-07-26T13:48:24+00:00","twitter_card":"summary_large_image","schema":{"@context":"https:\/\/schema.org","@graph":[{"@type":"WebPage","@id":"https:\/\/hggs.de\/fr\/contact\/","url":"https:\/\/hggs.de\/fr\/contact\/","name":"Contact - HGGS","isPartOf":{"@id":"https:\/\/hggs.de\/fr\/#website"},"datePublished":"2024-04-05T07:25:36+00:00","dateModified":"2024-07-26T13:48:24+00:00","breadcrumb":{"@id":"https:\/\/hggs.de\/fr\/contact\/#breadcrumb"},"inLanguage":"fr-FR","potentialAction":[{"@type":"ReadAction","target":["https:\/\/hggs.de\/fr\/contact\/"]}]},{"@type":"BreadcrumbList","@id":"https:\/\/hggs.de\/fr\/contact\/#breadcrumb","itemListElement":[{"@type":"ListItem","position":1,"name":"Startseite","item":"https:\/\/hggs.de\/fr\/"},{"@type":"ListItem","position":2,"name":"Contact"}]},{"@type":"WebSite","@id":"https:\/\/hggs.de\/fr\/#website","url":"https:\/\/hggs.de\/fr\/","name":"HGGS","description":"","publisher":{"@id":"https:\/\/hggs.de\/fr\/#organization"},"potentialAction":[{"@type":"SearchAction","target":{"@type":"EntryPoint","urlTemplate":"https:\/\/hggs.de\/fr\/?s={search_term_string}"},"query-input":{"@type":"PropertyValueSpecification","valueRequired":true,"valueName":"search_term_string"}}],"inLanguage":"fr-FR"},{"@type":"Organization","@id":"https:\/\/hggs.de\/fr\/#organization","name":"HGGS","url":"https:\/\/hggs.de\/fr\/","logo":{"@type":"ImageObject","inLanguage":"fr-FR","@id":"https:\/\/hggs.de\/fr\/#\/schema\/logo\/image\/","url":"https:\/\/hggs.de\/wp-content\/uploads\/neues-Logo_400px.png","contentUrl":"https:\/\/hggs.de\/wp-content\/uploads\/neues-Logo_400px.png","width":400,"height":223,"caption":"HGGS"},"image":{"@id":"https:\/\/hggs.de\/fr\/#\/schema\/logo\/image\/"}}]}},"_links":{"self":[{"href":"https:\/\/hggs.de\/fr\/wp-json\/wp\/v2\/pages\/7623","targetHints":{"allow":["GET"]}}],"collection":[{"href":"https:\/\/hggs.de\/fr\/wp-json\/wp\/v2\/pages"}],"about":[{"href":"https:\/\/hggs.de\/fr\/wp-json\/wp\/v2\/types\/page"}],"author":[{"embeddable":true,"href":"https:\/\/hggs.de\/fr\/wp-json\/wp\/v2\/users\/1"}],"replies":[{"embeddable":true,"href":"https:\/\/hggs.de\/fr\/wp-json\/wp\/v2\/comments?post=7623"}],"version-history":[{"count":3,"href":"https:\/\/hggs.de\/fr\/wp-json\/wp\/v2\/pages\/7623\/revisions"}],"predecessor-version":[{"id":9775,"href":"https:\/\/hggs.de\/fr\/wp-json\/wp\/v2\/pages\/7623\/revisions\/9775"}],"wp:attachment":[{"href":"https:\/\/hggs.de\/fr\/wp-json\/wp\/v2\/media?parent=7623"}],"curies":[{"name":"wp","href":"https:\/\/api.w.org\/{rel}","templated":true}]}}