{"id":7562,"date":"2024-04-05T12:38:13","date_gmt":"2024-04-05T10:38:13","guid":{"rendered":"https:\/\/2024.hggs.de\/mentions-legales\/"},"modified":"2024-07-23T09:55:55","modified_gmt":"2024-07-23T07:55:55","slug":"mentions-legales","status":"publish","type":"page","link":"https:\/\/hggs.de\/fr\/mentions-legales\/","title":{"rendered":"Mentions l\u00e9gales"},"content":{"rendered":"\t\t<div data-elementor-type=\"wp-page\" data-elementor-id=\"7562\" class=\"elementor elementor-7562 elementor-2587\" data-elementor-post-type=\"page\">\n\t\t\t\t<div data-particle_enable=\"false\" data-particle-mobile-disabled=\"false\" class=\"elementor-element elementor-element-1430a1e e-flex e-con-boxed e-con e-parent\" data-id=\"1430a1e\" data-element_type=\"container\" data-e-type=\"container\">\n\t\t\t\t\t<div class=\"e-con-inner\">\n\t\t\t\t<div class=\"elementor-element elementor-element-52ae05d elementor-widget elementor-widget-heading\" data-id=\"52ae05d\" data-element_type=\"widget\" data-e-type=\"widget\" data-widget_type=\"heading.default\">\n\t\t\t\t<div class=\"elementor-widget-container\">\n\t\t\t\t\t<h1 class=\"elementor-heading-title elementor-size-default\">Mentions l\u00e9gales<\/h1>\t\t\t\t<\/div>\n\t\t\t\t<\/div>\n\t\t\t\t\t<\/div>\n\t\t\t\t<\/div>\n\t\t<div data-particle_enable=\"false\" data-particle-mobile-disabled=\"false\" class=\"elementor-element elementor-element-7dec905 e-flex e-con-boxed e-con e-parent\" data-id=\"7dec905\" data-element_type=\"container\" data-e-type=\"container\">\n\t\t\t\t\t<div class=\"e-con-inner\">\n\t\t\t\t<div class=\"elementor-element elementor-element-5045e0b elementor-widget__width-inherit ohne-punkt elementor-widget elementor-widget-text-editor\" data-id=\"5045e0b\" data-element_type=\"widget\" data-e-type=\"widget\" data-widget_type=\"text-editor.default\">\n\t\t\t\t<div class=\"elementor-widget-container\">\n\t\t\t\t\t\t\t\t\t<p>HGGS LaserCUT GmbH &amp; Co. KG<br \/>Dans le Gereut 14<br \/>76770 Hatzenb\u00fchl<\/p>\n<p>Registre du commerce : HRA 30178<br \/>Tribunal d&rsquo;enregistrement : Landau<\/p>\n<p><strong>Repr\u00e9sent\u00e9 par :<\/strong><br \/>HGGS Verwaltungs GmbH<\/p>\n<p>Celle-ci est repr\u00e9sent\u00e9e par :<br \/>Manfred Gehrlein, Stefan Geiger, Werner Sch\u00f6ttinger<\/p>\n<p>Registre du commerce : HRB 30418<br \/>Tribunal d&rsquo;enregistrement : Landau<\/p>\n<h2>Contact<\/h2>\n<p>T\u00e9l\u00e9phone : +49 7275 9891-0<br \/>T\u00e9l\u00e9copieur : +49 7275 9891-22<br \/>Courrier \u00e9lectronique : lasercut@hggs.de<\/p>\n<h2>Num\u00e9ro d&rsquo;identification de la taxe sur le chiffre d&rsquo;affaires<\/h2>\n<p>Num\u00e9ro d&rsquo;identification de la taxe sur le chiffre d&rsquo;affaires conform\u00e9ment au \u00a7 27 a de la loi sur la taxe sur le chiffre d&rsquo;affaires :<br \/>FR 261 869 363<\/p>\n<h2>Responsable de la r\u00e9daction<\/h2>\n<p>Manuel Peter, ing\u00e9nieur<\/p>\n\t\t\t\t\t\t\t\t<\/div>\n\t\t\t\t<\/div>\n\t\t\t\t\t<\/div>\n\t\t\t\t<\/div>\n\t\t\t\t<\/div>\n\t\t","protected":false},"excerpt":{"rendered":"<p>Mentions l\u00e9gales HGGS LaserCUT GmbH &amp; Co. KGDans le Gereut 1476770 Hatzenb\u00fchl Registre du commerce : HRA 30178Tribunal d&rsquo;enregistrement : Landau Repr\u00e9sent\u00e9 par :HGGS Verwaltungs GmbH Celle-ci est repr\u00e9sent\u00e9e par :Manfred Gehrlein, Stefan Geiger, Werner Sch\u00f6ttinger Registre du commerce : HRB 30418Tribunal d&rsquo;enregistrement : Landau Contact T\u00e9l\u00e9phone : +49 7275 9891-0T\u00e9l\u00e9copieur : +49 7275 9891-22Courrier [&hellip;]<\/p>\n","protected":false},"author":1,"featured_media":0,"parent":0,"menu_order":0,"comment_status":"closed","ping_status":"closed","template":"","meta":{"footnotes":""},"class_list":["post-7562","page","type-page","status-publish","hentry"],"yoast_head":"<!-- This site is optimized with the Yoast SEO plugin v27.3 - https:\/\/yoast.com\/product\/yoast-seo-wordpress\/ -->\n<title>Mentions l\u00e9gales - HGGS<\/title>\n<meta name=\"robots\" content=\"index, follow, max-snippet:-1, max-image-preview:large, max-video-preview:-1\" \/>\n<link rel=\"canonical\" href=\"https:\/\/hggs.de\/fr\/mentions-legales\/\" \/>\n<meta property=\"og:locale\" content=\"fr_FR\" \/>\n<meta property=\"og:type\" content=\"article\" \/>\n<meta property=\"og:title\" content=\"Mentions l\u00e9gales - HGGS\" \/>\n<meta property=\"og:description\" content=\"Mentions l\u00e9gales HGGS LaserCUT GmbH &amp; Co. KGDans le Gereut 1476770 Hatzenb\u00fchl Registre du commerce : HRA 30178Tribunal d&rsquo;enregistrement : Landau Repr\u00e9sent\u00e9 par :HGGS Verwaltungs GmbH Celle-ci est repr\u00e9sent\u00e9e par :Manfred Gehrlein, Stefan Geiger, Werner Sch\u00f6ttinger Registre du commerce : HRB 30418Tribunal d&rsquo;enregistrement : Landau Contact T\u00e9l\u00e9phone : +49 7275 9891-0T\u00e9l\u00e9copieur : +49 7275 9891-22Courrier [&hellip;]\" \/>\n<meta property=\"og:url\" content=\"https:\/\/hggs.de\/fr\/mentions-legales\/\" \/>\n<meta property=\"og:site_name\" content=\"HGGS\" \/>\n<meta property=\"article:modified_time\" content=\"2024-07-23T07:55:55+00:00\" \/>\n<meta name=\"twitter:card\" content=\"summary_large_image\" \/>\n<meta name=\"twitter:label1\" content=\"Dur\u00e9e de lecture estim\u00e9e\" \/>\n\t<meta name=\"twitter:data1\" content=\"1 minute\" \/>\n<script type=\"application\/ld+json\" class=\"yoast-schema-graph\">{\"@context\":\"https:\\\/\\\/schema.org\",\"@graph\":[{\"@type\":\"WebPage\",\"@id\":\"https:\\\/\\\/hggs.de\\\/fr\\\/mentions-legales\\\/\",\"url\":\"https:\\\/\\\/hggs.de\\\/fr\\\/mentions-legales\\\/\",\"name\":\"Mentions l\u00e9gales - HGGS\",\"isPartOf\":{\"@id\":\"https:\\\/\\\/hggs.de\\\/fr\\\/#website\"},\"datePublished\":\"2024-04-05T10:38:13+00:00\",\"dateModified\":\"2024-07-23T07:55:55+00:00\",\"breadcrumb\":{\"@id\":\"https:\\\/\\\/hggs.de\\\/fr\\\/mentions-legales\\\/#breadcrumb\"},\"inLanguage\":\"fr-FR\",\"potentialAction\":[{\"@type\":\"ReadAction\",\"target\":[\"https:\\\/\\\/hggs.de\\\/fr\\\/mentions-legales\\\/\"]}]},{\"@type\":\"BreadcrumbList\",\"@id\":\"https:\\\/\\\/hggs.de\\\/fr\\\/mentions-legales\\\/#breadcrumb\",\"itemListElement\":[{\"@type\":\"ListItem\",\"position\":1,\"name\":\"Startseite\",\"item\":\"https:\\\/\\\/hggs.de\\\/fr\\\/\"},{\"@type\":\"ListItem\",\"position\":2,\"name\":\"Mentions l\u00e9gales\"}]},{\"@type\":\"WebSite\",\"@id\":\"https:\\\/\\\/hggs.de\\\/fr\\\/#website\",\"url\":\"https:\\\/\\\/hggs.de\\\/fr\\\/\",\"name\":\"HGGS\",\"description\":\"\",\"publisher\":{\"@id\":\"https:\\\/\\\/hggs.de\\\/fr\\\/#organization\"},\"potentialAction\":[{\"@type\":\"SearchAction\",\"target\":{\"@type\":\"EntryPoint\",\"urlTemplate\":\"https:\\\/\\\/hggs.de\\\/fr\\\/?s={search_term_string}\"},\"query-input\":{\"@type\":\"PropertyValueSpecification\",\"valueRequired\":true,\"valueName\":\"search_term_string\"}}],\"inLanguage\":\"fr-FR\"},{\"@type\":\"Organization\",\"@id\":\"https:\\\/\\\/hggs.de\\\/fr\\\/#organization\",\"name\":\"HGGS\",\"url\":\"https:\\\/\\\/hggs.de\\\/fr\\\/\",\"logo\":{\"@type\":\"ImageObject\",\"inLanguage\":\"fr-FR\",\"@id\":\"https:\\\/\\\/hggs.de\\\/fr\\\/#\\\/schema\\\/logo\\\/image\\\/\",\"url\":\"https:\\\/\\\/hggs.de\\\/wp-content\\\/uploads\\\/neues-Logo_400px.png\",\"contentUrl\":\"https:\\\/\\\/hggs.de\\\/wp-content\\\/uploads\\\/neues-Logo_400px.png\",\"width\":400,\"height\":223,\"caption\":\"HGGS\"},\"image\":{\"@id\":\"https:\\\/\\\/hggs.de\\\/fr\\\/#\\\/schema\\\/logo\\\/image\\\/\"}}]}<\/script>\n<!-- \/ Yoast SEO plugin. -->","yoast_head_json":{"title":"Mentions l\u00e9gales - HGGS","robots":{"index":"index","follow":"follow","max-snippet":"max-snippet:-1","max-image-preview":"max-image-preview:large","max-video-preview":"max-video-preview:-1"},"canonical":"https:\/\/hggs.de\/fr\/mentions-legales\/","og_locale":"fr_FR","og_type":"article","og_title":"Mentions l\u00e9gales - HGGS","og_description":"Mentions l\u00e9gales HGGS LaserCUT GmbH &amp; Co. KGDans le Gereut 1476770 Hatzenb\u00fchl Registre du commerce : HRA 30178Tribunal d&rsquo;enregistrement : Landau Repr\u00e9sent\u00e9 par :HGGS Verwaltungs GmbH Celle-ci est repr\u00e9sent\u00e9e par :Manfred Gehrlein, Stefan Geiger, Werner Sch\u00f6ttinger Registre du commerce : HRB 30418Tribunal d&rsquo;enregistrement : Landau Contact T\u00e9l\u00e9phone : +49 7275 9891-0T\u00e9l\u00e9copieur : +49 7275 9891-22Courrier [&hellip;]","og_url":"https:\/\/hggs.de\/fr\/mentions-legales\/","og_site_name":"HGGS","article_modified_time":"2024-07-23T07:55:55+00:00","twitter_card":"summary_large_image","twitter_misc":{"Dur\u00e9e de lecture estim\u00e9e":"1 minute"},"schema":{"@context":"https:\/\/schema.org","@graph":[{"@type":"WebPage","@id":"https:\/\/hggs.de\/fr\/mentions-legales\/","url":"https:\/\/hggs.de\/fr\/mentions-legales\/","name":"Mentions l\u00e9gales - HGGS","isPartOf":{"@id":"https:\/\/hggs.de\/fr\/#website"},"datePublished":"2024-04-05T10:38:13+00:00","dateModified":"2024-07-23T07:55:55+00:00","breadcrumb":{"@id":"https:\/\/hggs.de\/fr\/mentions-legales\/#breadcrumb"},"inLanguage":"fr-FR","potentialAction":[{"@type":"ReadAction","target":["https:\/\/hggs.de\/fr\/mentions-legales\/"]}]},{"@type":"BreadcrumbList","@id":"https:\/\/hggs.de\/fr\/mentions-legales\/#breadcrumb","itemListElement":[{"@type":"ListItem","position":1,"name":"Startseite","item":"https:\/\/hggs.de\/fr\/"},{"@type":"ListItem","position":2,"name":"Mentions l\u00e9gales"}]},{"@type":"WebSite","@id":"https:\/\/hggs.de\/fr\/#website","url":"https:\/\/hggs.de\/fr\/","name":"HGGS","description":"","publisher":{"@id":"https:\/\/hggs.de\/fr\/#organization"},"potentialAction":[{"@type":"SearchAction","target":{"@type":"EntryPoint","urlTemplate":"https:\/\/hggs.de\/fr\/?s={search_term_string}"},"query-input":{"@type":"PropertyValueSpecification","valueRequired":true,"valueName":"search_term_string"}}],"inLanguage":"fr-FR"},{"@type":"Organization","@id":"https:\/\/hggs.de\/fr\/#organization","name":"HGGS","url":"https:\/\/hggs.de\/fr\/","logo":{"@type":"ImageObject","inLanguage":"fr-FR","@id":"https:\/\/hggs.de\/fr\/#\/schema\/logo\/image\/","url":"https:\/\/hggs.de\/wp-content\/uploads\/neues-Logo_400px.png","contentUrl":"https:\/\/hggs.de\/wp-content\/uploads\/neues-Logo_400px.png","width":400,"height":223,"caption":"HGGS"},"image":{"@id":"https:\/\/hggs.de\/fr\/#\/schema\/logo\/image\/"}}]}},"_links":{"self":[{"href":"https:\/\/hggs.de\/fr\/wp-json\/wp\/v2\/pages\/7562","targetHints":{"allow":["GET"]}}],"collection":[{"href":"https:\/\/hggs.de\/fr\/wp-json\/wp\/v2\/pages"}],"about":[{"href":"https:\/\/hggs.de\/fr\/wp-json\/wp\/v2\/types\/page"}],"author":[{"embeddable":true,"href":"https:\/\/hggs.de\/fr\/wp-json\/wp\/v2\/users\/1"}],"replies":[{"embeddable":true,"href":"https:\/\/hggs.de\/fr\/wp-json\/wp\/v2\/comments?post=7562"}],"version-history":[{"count":3,"href":"https:\/\/hggs.de\/fr\/wp-json\/wp\/v2\/pages\/7562\/revisions"}],"predecessor-version":[{"id":9027,"href":"https:\/\/hggs.de\/fr\/wp-json\/wp\/v2\/pages\/7562\/revisions\/9027"}],"wp:attachment":[{"href":"https:\/\/hggs.de\/fr\/wp-json\/wp\/v2\/media?parent=7562"}],"curies":[{"name":"wp","href":"https:\/\/api.w.org\/{rel}","templated":true}]}}